{"id":17715,"date":"2026-02-11T11:35:22","date_gmt":"2026-02-11T10:35:22","guid":{"rendered":"https:\/\/www.hotelwallner.at\/?page_id=17715"},"modified":"2026-03-23T16:42:13","modified_gmt":"2026-03-23T15:42:13","slug":"nachhaltigkeit","status":"publish","type":"page","link":"https:\/\/www.hotelwallner.at\/it\/nachhaltigkeit\/","title":{"rendered":"Nachhaltigkeit"},"content":{"rendered":"<div      class=\"vc_row wpb_row section vc_row-fluid\" style=' text-align:left;'><div class=\"full_section_inner clearfix\"><div class=\"wpb_column vc_column_container vc_col-sm-12\"><div class=\"vc_column-inner vc_custom_1430814516685\"><div class=\"wpb_wrapper\"><div class=\"wpb_gallery wpb_content_element vc_clearfix\"><div class=\"wpb_wrapper\"><div class=\"wpb_gallery_slides wpb_flexslider flexslider_fade flexslider\" data-interval=\"10\" data-flex_fx=\"fade\"><ul class=\"slides\"><li><img wpfc-lazyload-disable=\"true\" loading=\"lazy\" decoding=\"async\" class=\"\" src=\"https:\/\/www.hotelwallner.at\/wp2017\/wp-content\/uploads\/2026\/02\/dsc05625-1000x400.jpg\" width=\"1000\" height=\"400\" alt=\"Photovoltaik-Anlage im Hotel Wallner\" title=\"Photovoltaik-Anlage im Hotel Wallner\" \/><\/li><li><img wpfc-lazyload-disable=\"true\" loading=\"lazy\" decoding=\"async\" class=\"\" src=\"https:\/\/www.hotelwallner.at\/wp2017\/wp-content\/uploads\/2026\/02\/dsc05647-1000x400.jpg\" width=\"1000\" height=\"400\" alt=\"Photovoltaik-Anlage im Hotel Wallner\" title=\"Photovoltaik-Anlage im Hotel Wallner\" \/><\/li><li><img wpfc-lazyload-disable=\"true\" loading=\"lazy\" decoding=\"async\" class=\"\" src=\"https:\/\/www.hotelwallner.at\/wp2017\/wp-content\/uploads\/2026\/02\/dsc05602-1000x400.jpg\" width=\"1000\" height=\"400\" alt=\"PV-Anlage im Hotel Wallner\" title=\"PV-Anlage im Hotel Wallner\" \/><\/li><\/ul><\/div><\/div><\/div><\/div><\/div><\/div><\/div><\/div><div      class=\"vc_row wpb_row section vc_row-fluid  vc_custom_1492016292084\" style=' text-align:left;'><div class=\"full_section_inner clearfix\"><div class=\"wpb_column vc_column_container vc_col-sm-12\"><div class=\"vc_column-inner\"><div class=\"wpb_wrapper\">\n\t<div class=\"wpb_text_column wpb_content_element\">\n\t\t<div class=\"wpb_wrapper\">\n\t\t\t<h1>Nachhaltigkeit &amp; Umweltschutz im Hotel &amp; Restaurant Wallner<\/h1>\n\n\t\t<\/div> \n\t<\/div> <\/div><\/div><\/div><\/div><\/div><div      class=\"vc_row wpb_row section vc_row-fluid\" style=' text-align:left;'><div class=\"full_section_inner clearfix\"><div class=\"wpb_column vc_column_container vc_col-sm-8\"><div class=\"vc_column-inner\"><div class=\"wpb_wrapper\">\n\t<div class=\"wpb_text_column wpb_content_element  vc_custom_1770808742895\">\n\t\t<div class=\"wpb_wrapper\">\n\t\t\t<h2>Unser Weg zum \u00d6stereichischen Umweltzeichen<\/h2>\n<p>Als traditionsreicher Familienbetrieb im Mostviertel f\u00fchlen wir uns unserer einzigartigen Landschaft tief verbunden. Sie ist nicht nur unser Standort, sondern unsere Lebensgrundlage \u2013 und ihre Bewahrung ist f\u00fcr uns eine klare Verantwortung. <strong>Nachhaltigkeit<\/strong> bedeutet f\u00fcr uns, Ressourcen bewusst zu nutzen, respektvoll zu handeln und unseren Betrieb langfristig zukunftsf\u00e4hig zu gestalten.<\/p>\n<p>Deshalb gehen wir mit \u00dcberzeugung den Weg zum \u00d6sterreichischen Umweltzeichen. Damit setzen wir ein sichtbares Zeichen f\u00fcr <strong>\u00f6kologische Verantwortung,<\/strong> <strong>soziale Qualit\u00e4t<\/strong> und <strong>transparentes Wirtschaften<\/strong>.<br \/>\nDas Umweltzeichen steht f\u00fcr h\u00f6chste Standards und zeigt: Genuss, Gastfreundschaft und Nachhaltigkeit schlie\u00dfen einander nicht aus \u2013 sie geh\u00f6ren f\u00fcr uns zusammen.<\/p>\n<p>In den kommenden Monaten entwickeln wir unseren Betrieb Schritt f\u00fcr Schritt weiter:<br \/>\nWir sparen Energie, reduzieren Abfall, f\u00f6rdern regionale Wertsch\u00f6pfung, achten auf Lebensmittelqualit\u00e4t und denken Mobilit\u00e4t neu \u2013 gemeinsam mit unserem Team und mit Blick auf kommende Generationen.<\/p>\n<p>Denn Nachhaltigkeit ist f\u00fcr uns kein Trend und kein abgeschlossenes Projekt, sondern <strong>ein laufender Prozess<\/strong>.<br \/>\nJeder Schritt z\u00e4hlt \u2013 und jede bewusste Entscheidung macht einen Unterschied.<\/p>\n<p><em>Willkommen im <strong>Hotel Restaurant Wallner<\/strong>, wo Mostviertler Tradition auf eine nachhaltige Zukunft trifft \u2013 und jeder Aufenthalt positive Wirkung hinterl\u00e4sst.<\/em><\/p>\n<p>&nbsp;<\/p>\n<h3>Unser Nachhaltigkeitsbeitrag \u2013 auf einen Blick<\/h3>\n<ul>\n<li>100 % \u00d6kostrom im gesamten Betrieb<\/li>\n<li>Ausbau der Photovoltaik f\u00fcr eigene Energieproduktion<\/li>\n<li>Wassersparende Technik &amp; laufende Verbrauchskontrolle<\/li>\n<li>Konsequente Abfalltrennung &amp; Vermeidung von Einwegartikeln<\/li>\n<li>Regionale Lebensmittel aus dem Mostviertel<\/li>\n<li>Nachhaltiger Fisch &amp; artgerechte Tierhaltung<\/li>\n<li>Unterst\u00fctzung klimafreundlicher Mobilit\u00e4t<\/li>\n<li>Bewusste K\u00fcche mit Fokus auf Saison &amp; Qualit\u00e4t<\/li>\n<li>Familienbetrieb mit Verantwortung f\u00fcr Umwelt &amp; Region<\/li>\n<\/ul>\n<h3>Unsere G\u00e4ste k\u00f6nnen einen wichtigen Beitrag zur Nachhaltigkeit leisten. <strong><br \/>\n<\/strong><\/h3>\n<p>Wir bitten Sie, unsere Initiativen zu unterst\u00fctzen:<\/p>\n<ul>\n<li><strong>Anreise:<\/strong> Nutzen Sie \u2013 wenn m\u00f6glich \u2013 \u00f6ffentliche Verkehrsmittel.<br \/>\nGerne helfen wir Ihnen bei der Organisation der Anreise und informieren Sie \u00fcber Fahrpl\u00e4ne, Shuttles und Fahrradverleih.<\/li>\n<li><strong>Energie &amp; Wasser:<\/strong> Schalten Sie das Licht und elektronische Ger\u00e4te aus, wenn sie nicht ben\u00f6tigt werden.<br \/>\nVerwenden Sie Wasser bewusst und melden Sie uns eventuelle Leckagen.<\/li>\n<li><strong>Handt\u00fccher &amp; Bettw\u00e4sche:<\/strong> Wenn Sie Ihre Handt\u00fccher mehrmals verwenden m\u00f6chten, lassen Sie sie bitte auf dem Handtuchhalter. Wir wechseln sie auf Wunsch oder nach mehreren Tagen automatisch.<\/li>\n<li><strong>M\u00fclltrennung:<\/strong> Trennen Sie Ihren M\u00fcll und nutzen Sie die bereitgestellten Sammelbeh\u00e4lter.<br \/>\nHelfen Sie uns, Glas, Papier, Metall und organische Abf\u00e4lle richtig zu entsorgen.<\/li>\n<li><strong>Regionale Produkte:<\/strong> Entdecken Sie die Vielfalt regionaler Produkte. Besuchen Sie Bauernm\u00e4rkte, Hofl\u00e4den und Manufakturen. Mit Ihrem Einkauf unterst\u00fctzen Sie die heimische Wirtschaft.<\/li>\n<li><strong>Respekt vor Natur und Kultur:<\/strong> Bleiben Sie auf markierten Wegen, respektieren Sie Naturschutzgebiete und nehmen Sie R\u00fccksicht auf Flora und Fauna. Achten Sie auch auf lokale Br\u00e4uche und unterst\u00fctzen Sie kulturelle Veranstaltungen.<\/li>\n<\/ul>\n\n\t\t<\/div> \n\t<\/div> <\/div><\/div><\/div><div class=\"wpb_column vc_column_container vc_col-sm-4\"><div class=\"vc_column-inner\"><div class=\"wpb_wrapper\"><div class=\"wpb_gallery wpb_content_element vc_clearfix\"><div class=\"wpb_wrapper\"><div class=\"wpb_gallery_slides wpb_flexslider flexslider_fade flexslider\" data-interval=\"10\" data-flex_fx=\"fade\"><ul class=\"slides\"><li><img wpfc-lazyload-disable=\"true\" loading=\"lazy\" decoding=\"async\" class=\"\" src=\"https:\/\/www.hotelwallner.at\/wp2017\/wp-content\/uploads\/2026\/02\/csm_logo_umweltzeichen_greenhotel_8373f09ad0-900x400.jpg\" width=\"900\" height=\"400\" alt=\"Unser Weg zum Umweltzeichen\" title=\"Unser Weg zum Umweltzeichen\" \/><\/li><\/ul><\/div><\/div><\/div>\n\t<div class=\"wpb_text_column wpb_content_element\">\n\t\t<div class=\"wpb_wrapper\">\n\t\t\t<p><a href=\"https:\/\/www.hotelwallner.at\/nachhaltigkeit-vision-mission-leitbild\/\">Unsere Vision, Mission &amp; Leitbild<\/a><br \/>\n<a href=\"https:\/\/www.hotelwallner.at\/nachhaltigkeit-umwelterklaerung\/\">Unsere Umwelterkl\u00e4rung<\/a><br \/>\n<a href=\"https:\/\/www.hotelwallner.at\/nachhaltigkeit-nachhaltigkeitsbeitrag\/\">Unser Nachhaltigkeitsbeitrag<\/a><br \/>\n<a href=\"https:\/\/www.hotelwallner.at\/nachhaltigkeit-gaesteinformation\/\">Informationen f\u00fcr unsere G\u00e4ste<\/a><\/p>\n\n\t\t<\/div> \n\t<\/div> \t<div class=\"vc_empty_space\"  style=\"height: 32px\" ><span\n\t\t\tclass=\"vc_empty_space_inner\">\n\t\t\t<span class=\"empty_space_image\"  ><\/span>\n\t\t<\/span><\/div>\n\n<\/div><\/div><\/div><\/div><\/div><div      class=\"vc_row wpb_row section vc_row-fluid\" style=' text-align:left;'><div class=\"full_section_inner clearfix\"><div class=\"wpb_column vc_column_container vc_col-sm-12\"><div class=\"vc_column-inner\"><div class=\"wpb_wrapper\">\t<div class=\"vc_empty_space\"  style=\"height: 32px\" ><span\n\t\t\tclass=\"vc_empty_space_inner\">\n\t\t\t<span class=\"empty_space_image\"  ><\/span>\n\t\t<\/span><\/div>\n\n<a  itemprop=\"url\" href=\"https:\/\/www.hotelwallner.at\/wp2017\/wp-content\/uploads\/2026\/03\/wallner_speisekarte_frucc88hling_2026.pdf\" target=\"_self\"  class=\"qbutton  center default\" style=\"margin: 0 auto; \">zur aktuellen Speisekarte<\/a>\t<div class=\"vc_empty_space\"  style=\"height: 32px\" ><span\n\t\t\tclass=\"vc_empty_space_inner\">\n\t\t\t<span class=\"empty_space_image\"  ><\/span>\n\t\t<\/span><\/div>\n\n<div class=\"wpb_gallery wpb_content_element vc_clearfix\"><div class=\"wpb_wrapper\"><div class=\"wpb_gallery_slides wpb_image_grid\" data-interval=\"3\"><div class=\"gallery_holder\"><ul class=\"gallery_inner gallery_with_space  v4\"><li class=\"no_grayscale\"><a itemprop=\"image\" class=\"qode-prettyphoto\" href=\"https:\/\/www.hotelwallner.at\/wp2017\/wp-content\/uploads\/2026\/02\/0020_moststrasse_restaurant-hotel-wallner_20251007-19933-001-1024x683.jpg\" data-rel=\"prettyPhoto[rel-17715-1226236626]\"><span class=\"gallery_hover\"><i class=\"fa fa-search\"><\/i><\/span><img loading=\"lazy\" decoding=\"async\" class=\"\" src=\"https:\/\/www.hotelwallner.at\/wp2017\/wp-content\/uploads\/2026\/02\/0020_moststrasse_restaurant-hotel-wallner_20251007-19933-001-250x150.jpg\" width=\"250\" height=\"150\" alt=\"Stefan und Stefanie Wallner\" title=\"Stefan und Stefanie Wallner\" \/><\/a><\/li><li class=\"no_grayscale\"><a itemprop=\"image\" class=\"qode-prettyphoto\" href=\"https:\/\/www.hotelwallner.at\/wp2017\/wp-content\/uploads\/2026\/02\/0070_moststrasse_restaurant-hotel-wallner_20251007-19834-001-1024x683.jpg\" data-rel=\"prettyPhoto[rel-17715-1226236626]\"><span class=\"gallery_hover\"><i class=\"fa fa-search\"><\/i><\/span><img loading=\"lazy\" decoding=\"async\" class=\"\" src=\"https:\/\/www.hotelwallner.at\/wp2017\/wp-content\/uploads\/2026\/02\/0070_moststrasse_restaurant-hotel-wallner_20251007-19834-001-250x150.jpg\" width=\"250\" height=\"150\" alt=\"Stefan Wallner\" title=\"Stefan Wallner\" \/><\/a><\/li><li class=\"no_grayscale\"><a itemprop=\"image\" class=\"qode-prettyphoto\" href=\"https:\/\/www.hotelwallner.at\/wp2017\/wp-content\/uploads\/2026\/02\/0040_moststrasse_restaurant-hotel-wallner_20251007-19379-001-1024x683.jpg\" data-rel=\"prettyPhoto[rel-17715-1226236626]\"><span class=\"gallery_hover\"><i class=\"fa fa-search\"><\/i><\/span><img loading=\"lazy\" decoding=\"async\" class=\"\" src=\"https:\/\/www.hotelwallner.at\/wp2017\/wp-content\/uploads\/2026\/02\/0040_moststrasse_restaurant-hotel-wallner_20251007-19379-001-250x150.jpg\" width=\"250\" height=\"150\" alt=\"Patrick in der K\u00fcche vom Restaurant Wallner\" title=\"Patrick in der K\u00fcche vom Restaurant Wallner\" \/><\/a><\/li><li class=\"no_grayscale\"><a itemprop=\"image\" class=\"qode-prettyphoto\" href=\"https:\/\/www.hotelwallner.at\/wp2017\/wp-content\/uploads\/2026\/02\/0080_moststrasse_restaurant-hotel-wallner_20251007-19589-001-1024x683.jpg\" data-rel=\"prettyPhoto[rel-17715-1226236626]\"><span class=\"gallery_hover\"><i class=\"fa fa-search\"><\/i><\/span><img loading=\"lazy\" decoding=\"async\" class=\"\" src=\"https:\/\/www.hotelwallner.at\/wp2017\/wp-content\/uploads\/2026\/02\/0080_moststrasse_restaurant-hotel-wallner_20251007-19589-001-250x150.jpg\" width=\"250\" height=\"150\" alt=\"Stefanie Wallner\" title=\"Stefanie Wallner\" \/><\/a><\/li><\/ul><\/div><\/div><\/div><\/div><\/div><\/div><\/div><\/div><\/div><div      class=\"vc_row wpb_row section vc_row-fluid\" style=' text-align:left;'><div class=\"full_section_inner clearfix\"><div class=\"wpb_column vc_column_container vc_col-sm-12\"><div class=\"vc_column-inner\"><div class=\"wpb_wrapper\">\n\t<div class=\"wpb_text_column wpb_content_element\">\n\t\t<div class=\"wpb_wrapper\">\n\t\t\t\n\t\t<\/div> \n\t<\/div> <\/div><\/div><\/div><\/div><\/div><div      class=\"vc_row wpb_row section vc_row-fluid\" style=' text-align:left;'><div class=\"full_section_inner clearfix\"><div class=\"wpb_column vc_column_container vc_col-sm-12\"><div class=\"vc_column-inner\"><div class=\"wpb_wrapper\">\t<div class=\"vc_empty_space\"  style=\"height: 32px\" ><span\n\t\t\tclass=\"vc_empty_space_inner\">\n\t\t\t<span class=\"empty_space_image\"  ><\/span>\n\t\t<\/span><\/div>\n\n<a  itemprop=\"url\" href=\"\/mostviertel\" target=\"_self\"  class=\"qbutton  center default\" style=\"margin: 0 auto; \">Weiterst\u00f6bern: Unsere Region Mostviertel<\/a>\t<div class=\"vc_empty_space\"  style=\"height: 32px\" ><span\n\t\t\tclass=\"vc_empty_space_inner\">\n\t\t\t<span class=\"empty_space_image\"  ><\/span>\n\t\t<\/span><\/div>\n\n\t<div class=\"vc_empty_space\"  style=\"height: 32px\" ><span\n\t\t\tclass=\"vc_empty_space_inner\">\n\t\t\t<span class=\"empty_space_image\"  ><\/span>\n\t\t<\/span><\/div>\n\n<\/div><\/div><\/div><\/div><\/div><div      class=\"vc_row wpb_row section vc_row-fluid\" style=' text-align:left;'><div class=\"full_section_inner clearfix\"><div class=\"wpb_column vc_column_container vc_col-sm-12\"><div class=\"vc_column-inner\"><div class=\"wpb_wrapper\">\n\t<div class=\"wpb_text_column wpb_content_element\">\n\t\t<div class=\"wpb_wrapper\">\n\t\t\t\n\t\t<\/div> \n\t<\/div> <\/div><\/div><\/div><\/div><\/div>","protected":false},"excerpt":{"rendered":"Nachhaltigkeit &amp; Umweltschutz im Hotel &amp; Restaurant Wallner Unser Weg zum \u00d6stereichischen Umweltzeichen Als traditionsreicher Familienbetrieb im Mostviertel f\u00fchlen wir uns unserer einzigartigen Landschaft tief verbunden. Sie ist nicht nur unser Standort, sondern unsere Lebensgrundlage \u2013 und ihre Bewahrung ist f\u00fcr uns eine klare Verantwortung....","protected":false},"author":3,"featured_media":0,"parent":0,"menu_order":5,"comment_status":"closed","ping_status":"closed","template":"","meta":{"footnotes":""},"yoast_head":"<!-- This site is optimized with the Yoast SEO plugin v22.3 - https:\/\/yoast.com\/wordpress\/plugins\/seo\/ -->\n<title>Nachhaltigkeit - Restaurant-Hotel Wallner zum gr\u00fcnen Baum<\/title>\n<meta name=\"robots\" content=\"index, follow, max-snippet:-1, max-image-preview:large, max-video-preview:-1\" \/>\n<link rel=\"canonical\" href=\"https:\/\/www.hotelwallner.at\/it\/nachhaltigkeit\/\" \/>\n<meta property=\"og:locale\" content=\"it_IT\" \/>\n<meta property=\"og:type\" content=\"article\" \/>\n<meta property=\"og:title\" content=\"Nachhaltigkeit - Restaurant-Hotel Wallner zum gr\u00fcnen Baum\" \/>\n<meta property=\"og:url\" content=\"https:\/\/www.hotelwallner.at\/it\/nachhaltigkeit\/\" \/>\n<meta property=\"og:site_name\" content=\"Restaurant-Hotel Wallner zum gr\u00fcnen Baum\" \/>\n<meta property=\"article:publisher\" content=\"https:\/\/www.facebook.com\/restauranthotelwallner\/\" \/>\n<meta property=\"article:modified_time\" content=\"2026-03-23T15:42:13+00:00\" \/>\n<meta name=\"twitter:card\" content=\"summary_large_image\" \/>\n<meta name=\"twitter:label1\" content=\"Tempo di lettura stimato\" \/>\n\t<meta name=\"twitter:data1\" content=\"3 minuti\" \/>\n<script type=\"application\/ld+json\" class=\"yoast-schema-graph\">{\"@context\":\"https:\/\/schema.org\",\"@graph\":[{\"@type\":\"WebPage\",\"@id\":\"https:\/\/www.hotelwallner.at\/nachhaltigkeit\/\",\"url\":\"https:\/\/www.hotelwallner.at\/nachhaltigkeit\/\",\"name\":\"Nachhaltigkeit - Restaurant-Hotel Wallner zum gr\u00fcnen Baum\",\"isPartOf\":{\"@id\":\"https:\/\/www.hotelwallner.at\/#website\"},\"datePublished\":\"2026-02-11T10:35:22+00:00\",\"dateModified\":\"2026-03-23T15:42:13+00:00\",\"breadcrumb\":{\"@id\":\"https:\/\/www.hotelwallner.at\/nachhaltigkeit\/#breadcrumb\"},\"inLanguage\":\"it-IT\",\"potentialAction\":[{\"@type\":\"ReadAction\",\"target\":[\"https:\/\/www.hotelwallner.at\/nachhaltigkeit\/\"]}]},{\"@type\":\"BreadcrumbList\",\"@id\":\"https:\/\/www.hotelwallner.at\/nachhaltigkeit\/#breadcrumb\",\"itemListElement\":[{\"@type\":\"ListItem\",\"position\":1,\"name\":\"Startseite\",\"item\":\"https:\/\/www.hotelwallner.at\/\"},{\"@type\":\"ListItem\",\"position\":2,\"name\":\"Nachhaltigkeit\"}]},{\"@type\":\"WebSite\",\"@id\":\"https:\/\/www.hotelwallner.at\/#website\",\"url\":\"https:\/\/www.hotelwallner.at\/\",\"name\":\"Restaurant - Hotel Wallner\",\"description\":\"Ihr Hotel &amp; Restaurant in St. Valentin im Mostviertel\",\"publisher\":{\"@id\":\"https:\/\/www.hotelwallner.at\/#organization\"},\"potentialAction\":[{\"@type\":\"SearchAction\",\"target\":{\"@type\":\"EntryPoint\",\"urlTemplate\":\"https:\/\/www.hotelwallner.at\/?s={search_term_string}\"},\"query-input\":\"required name=search_term_string\"}],\"inLanguage\":\"it-IT\"},{\"@type\":\"Organization\",\"@id\":\"https:\/\/www.hotelwallner.at\/#organization\",\"name\":\"Restaurant-Hotel Wallner zum gr\u00fcnen Baum\",\"url\":\"https:\/\/www.hotelwallner.at\/\",\"logo\":{\"@type\":\"ImageObject\",\"inLanguage\":\"it-IT\",\"@id\":\"https:\/\/www.hotelwallner.at\/#\/schema\/logo\/image\/\",\"url\":\"https:\/\/www.hotelwallner.at\/wp2017\/wp-content\/uploads\/2015\/05\/wallner-Logo.png\",\"contentUrl\":\"https:\/\/www.hotelwallner.at\/wp2017\/wp-content\/uploads\/2015\/05\/wallner-Logo.png\",\"width\":500,\"height\":245,\"caption\":\"Restaurant-Hotel Wallner zum gr\u00fcnen Baum\"},\"image\":{\"@id\":\"https:\/\/www.hotelwallner.at\/#\/schema\/logo\/image\/\"},\"sameAs\":[\"https:\/\/www.facebook.com\/restauranthotelwallner\/\",\"https:\/\/www.instagram.com\/restaurant_hotel_wallner\/\"]}]}<\/script>\n<!-- \/ Yoast SEO plugin. -->","yoast_head_json":{"title":"Nachhaltigkeit - Restaurant-Hotel Wallner zum gr\u00fcnen Baum","robots":{"index":"index","follow":"follow","max-snippet":"max-snippet:-1","max-image-preview":"max-image-preview:large","max-video-preview":"max-video-preview:-1"},"canonical":"https:\/\/www.hotelwallner.at\/it\/nachhaltigkeit\/","og_locale":"it_IT","og_type":"article","og_title":"Nachhaltigkeit - Restaurant-Hotel Wallner zum gr\u00fcnen Baum","og_url":"https:\/\/www.hotelwallner.at\/it\/nachhaltigkeit\/","og_site_name":"Restaurant-Hotel Wallner zum gr\u00fcnen Baum","article_publisher":"https:\/\/www.facebook.com\/restauranthotelwallner\/","article_modified_time":"2026-03-23T15:42:13+00:00","twitter_card":"summary_large_image","twitter_misc":{"Tempo di lettura stimato":"3 minuti"},"schema":{"@context":"https:\/\/schema.org","@graph":[{"@type":"WebPage","@id":"https:\/\/www.hotelwallner.at\/nachhaltigkeit\/","url":"https:\/\/www.hotelwallner.at\/nachhaltigkeit\/","name":"Nachhaltigkeit - Restaurant-Hotel Wallner zum gr\u00fcnen Baum","isPartOf":{"@id":"https:\/\/www.hotelwallner.at\/#website"},"datePublished":"2026-02-11T10:35:22+00:00","dateModified":"2026-03-23T15:42:13+00:00","breadcrumb":{"@id":"https:\/\/www.hotelwallner.at\/nachhaltigkeit\/#breadcrumb"},"inLanguage":"it-IT","potentialAction":[{"@type":"ReadAction","target":["https:\/\/www.hotelwallner.at\/nachhaltigkeit\/"]}]},{"@type":"BreadcrumbList","@id":"https:\/\/www.hotelwallner.at\/nachhaltigkeit\/#breadcrumb","itemListElement":[{"@type":"ListItem","position":1,"name":"Startseite","item":"https:\/\/www.hotelwallner.at\/"},{"@type":"ListItem","position":2,"name":"Nachhaltigkeit"}]},{"@type":"WebSite","@id":"https:\/\/www.hotelwallner.at\/#website","url":"https:\/\/www.hotelwallner.at\/","name":"Restaurant - Hotel Wallner","description":"Ihr Hotel &amp; Restaurant in St. Valentin im Mostviertel","publisher":{"@id":"https:\/\/www.hotelwallner.at\/#organization"},"potentialAction":[{"@type":"SearchAction","target":{"@type":"EntryPoint","urlTemplate":"https:\/\/www.hotelwallner.at\/?s={search_term_string}"},"query-input":"required name=search_term_string"}],"inLanguage":"it-IT"},{"@type":"Organization","@id":"https:\/\/www.hotelwallner.at\/#organization","name":"Restaurant-Hotel Wallner zum gr\u00fcnen Baum","url":"https:\/\/www.hotelwallner.at\/","logo":{"@type":"ImageObject","inLanguage":"it-IT","@id":"https:\/\/www.hotelwallner.at\/#\/schema\/logo\/image\/","url":"https:\/\/www.hotelwallner.at\/wp2017\/wp-content\/uploads\/2015\/05\/wallner-Logo.png","contentUrl":"https:\/\/www.hotelwallner.at\/wp2017\/wp-content\/uploads\/2015\/05\/wallner-Logo.png","width":500,"height":245,"caption":"Restaurant-Hotel Wallner zum gr\u00fcnen Baum"},"image":{"@id":"https:\/\/www.hotelwallner.at\/#\/schema\/logo\/image\/"},"sameAs":["https:\/\/www.facebook.com\/restauranthotelwallner\/","https:\/\/www.instagram.com\/restaurant_hotel_wallner\/"]}]}},"publishpress_future_action":{"enabled":false,"date":"2026-04-14 10:12:31","action":"change-status","newStatus":"draft","terms":[],"taxonomy":""},"_links":{"self":[{"href":"https:\/\/www.hotelwallner.at\/it\/wp-json\/wp\/v2\/pages\/17715"}],"collection":[{"href":"https:\/\/www.hotelwallner.at\/it\/wp-json\/wp\/v2\/pages"}],"about":[{"href":"https:\/\/www.hotelwallner.at\/it\/wp-json\/wp\/v2\/types\/page"}],"author":[{"embeddable":true,"href":"https:\/\/www.hotelwallner.at\/it\/wp-json\/wp\/v2\/users\/3"}],"replies":[{"embeddable":true,"href":"https:\/\/www.hotelwallner.at\/it\/wp-json\/wp\/v2\/comments?post=17715"}],"version-history":[{"count":13,"href":"https:\/\/www.hotelwallner.at\/it\/wp-json\/wp\/v2\/pages\/17715\/revisions"}],"predecessor-version":[{"id":17797,"href":"https:\/\/www.hotelwallner.at\/it\/wp-json\/wp\/v2\/pages\/17715\/revisions\/17797"}],"wp:attachment":[{"href":"https:\/\/www.hotelwallner.at\/it\/wp-json\/wp\/v2\/media?parent=17715"}],"curies":[{"name":"wp","href":"https:\/\/api.w.org\/{rel}","templated":true}]}}