{"id":17236,"date":"2020-11-30T13:44:33","date_gmt":"2020-11-30T12:44:33","guid":{"rendered":"https:\/\/www.hotelwallner.at\/?page_id=17236"},"modified":"2024-07-25T09:56:43","modified_gmt":"2024-07-25T07:56:43","slug":"jausenbusse-ins-mostviertel","status":"publish","type":"page","link":"https:\/\/www.hotelwallner.at\/it\/jausenbusse-ins-mostviertel\/","title":{"rendered":"AUTOBUS PER SPUNTINI"},"content":{"rendered":"<div      class=\"vc_row wpb_row section vc_row-fluid\" style=' text-align:left;'><div class=\"full_section_inner clearfix\"><div class=\"wpb_column vc_column_container vc_col-sm-12\"><div class=\"vc_column-inner vc_custom_1430732654026\"><div class=\"wpb_wrapper\"><div class=\"wpb_gallery wpb_content_element vc_clearfix\"><div class=\"wpb_wrapper\"><div class=\"wpb_gallery_slides wpb_flexslider flexslider_fade flexslider\" data-interval=\"10\" data-flex_fx=\"fade\"><ul class=\"slides\"><li><img wpfc-lazyload-disable=\"true\" loading=\"lazy\" decoding=\"async\" class=\"\" src=\"https:\/\/www.hotelwallner.at\/wp2017\/wp-content\/uploads\/2015\/05\/restaurant-hotel-wallner-1000x400.jpg\" width=\"1000\" height=\"400\" alt=\"Au\u00dfenansicht Hotel Restaurant Wallner in St. Valentin, Nieder\u00f6sterreich\" title=\"Au\u00dfenansicht Hotel Restaurant Wallner\" \/><\/li><li><img wpfc-lazyload-disable=\"true\" loading=\"lazy\" decoding=\"async\" class=\"\" src=\"https:\/\/www.hotelwallner.at\/wp2017\/wp-content\/uploads\/2016\/01\/IMG_0884-1000x400.jpg\" width=\"1000\" height=\"400\" alt=\"Feierlichkeiten im Restaurant in St. Valentin\" title=\"Feierlichkeiten im Restaurant in St. Valentin\" \/><\/li><\/ul><\/div><\/div><\/div><\/div><\/div><\/div><\/div><\/div><div      class=\"vc_row wpb_row section vc_row-fluid\" style=' text-align:left;'><div class=\"full_section_inner clearfix\"><div class=\"wpb_column vc_column_container vc_col-sm-12\"><div class=\"vc_column-inner\"><div class=\"wpb_wrapper\">\n\t<div class=\"wpb_text_column wpb_content_element\">\n\t\t<div class=\"wpb_wrapper\">\n\t\t\t<h1>AUTOBUS PER SPUNTINI<\/h1>\n<h2>Fermarsi e godersi al ristorante Wallner nel Mostviertel<\/h2>\n<p>Hotel-Ristorante Wallner \"all\u2019albero verde\". Qui si incontrano la tradizione dei Mostviertler, l\u2019ospilita affascinante e l'accoglienza con i piedi per terra.<\/p>\n<p>Grazie alla sua posizione centrale (a soli 1,5 km dall'autostrada A1) la nostra casa \u00e8 ideale per gruppi di autobus di passaggio... per fermarsi, rilassarsi, fare rifornimento, godersi! Lo spazio disponibile nel parcheggio gratuito dell\u2019hotel e nell\u2019ampio ristorante senza barriere architettoniche sono ideali per i gruppi pi\u00f9 numerosi.<\/p>\n<p>Il nostro team ha molta esperienza con i <a href=\"https:\/\/www.hotelwallner.at\/gruppenreisen-busse-restaurant-mostviertel\/\" target=\"_blank\" rel=\"noopener noreferrer\">TOUR DI GRUPPO<\/a> grazie ad una buona preparazione e ad una perfetta organizzazione possiamo prenderci il tempo necessario per prenderci cura di voi e dei vostri desideri - e rendere comunque possibile un viaggio veloce!<\/p>\n<p>Serviamo prelibatezze culinarie tutto l'anno e ci assicuriamo che si sentano a loro agio con noi grazie a un servizio di prima classe e veloce.<\/p>\n<p>Siamo particolarmente contenti dei gruppi di turisti che si fermano da noi. Lo spazio disponibile presso il parcheggio privato dell'hotel e nel ristorante \u00e8 ideale per gruppi pi\u00f9 numerosi. Il nostro personale \u00e8 ben preparato a soddisfare i vari desideri e le esigenze dei viaggiatori in gruppo.<\/p>\n<p>\u00c8 necessaria una buona preparazione per garantire che nulla ostacoli un rapido proseguimento del viaggio. Vi chiediamo pertanto di prenotare in anticipo per discutere ulteriori dettagli e suggerimenti sul menu.<\/p>\n<p>Tuttavia, anche le visite di gruppo con breve preavviso sono benvenute in qualsiasi momento. Contattateci semplicemente <a href=\"https:\/\/www.hotelwallner.at\/kontakt-anreise\/\" target=\"_blank\" rel=\"noopener noreferrer\">per telefono o per e-mail<\/a> .<br \/>\n<a href=\"https:\/\/www.hotelwallner.at\/restaurant\/\" target=\"_blank\" rel=\"noopener noreferrer\">Troveremo sicuramente una soluzione deliziosa.<\/a><\/p>\n\n\t\t<\/div> \n\t<\/div> \t<div class=\"vc_empty_space\"  style=\"height: 32px\" ><span\n\t\t\tclass=\"vc_empty_space_inner\">\n\t\t\t<span class=\"empty_space_image\"  ><\/span>\n\t\t<\/span><\/div>\n\n<div class=\"wpb_gallery wpb_content_element vc_clearfix\"><div class=\"wpb_wrapper\"><div class=\"wpb_gallery_slides wpb_image_grid\" data-interval=\"3\"><div class=\"gallery_holder\"><ul class=\"gallery_inner gallery_with_space  v4\"><li class=\"no_grayscale\"><a itemprop=\"image\" class=\"qode-prettyphoto\" href=\"https:\/\/www.hotelwallner.at\/wp2017\/wp-content\/uploads\/2016\/01\/IMG_0884-1024x768.jpg\" data-rel=\"prettyPhoto[rel-17236-1640262728]\"><span class=\"gallery_hover\"><i class=\"fa fa-search\"><\/i><\/span><img loading=\"lazy\" decoding=\"async\" class=\"\" src=\"https:\/\/www.hotelwallner.at\/wp2017\/wp-content\/uploads\/2016\/01\/IMG_0884-250x150.jpg\" width=\"250\" height=\"150\" alt=\"Feierlichkeiten im Restaurant in St. Valentin\" title=\"Feierlichkeiten im Restaurant in St. Valentin\" \/><\/a><\/li><li class=\"no_grayscale\"><a itemprop=\"image\" class=\"qode-prettyphoto\" href=\"https:\/\/www.hotelwallner.at\/wp2017\/wp-content\/uploads\/2016\/01\/Stueberl1-1024x734.jpg\" data-rel=\"prettyPhoto[rel-17236-1640262728]\"><span class=\"gallery_hover\"><i class=\"fa fa-search\"><\/i><\/span><img loading=\"lazy\" decoding=\"async\" class=\"\" src=\"https:\/\/www.hotelwallner.at\/wp2017\/wp-content\/uploads\/2016\/01\/Stueberl1-250x150.jpg\" width=\"250\" height=\"150\" alt=\"St\u00fcberl im Restaurant zum gr\u00fcnen Baum\" title=\"St\u00fcberl im Restaurant zum gr\u00fcnen Baum\" \/><\/a><\/li><li class=\"no_grayscale\"><a itemprop=\"image\" class=\"qode-prettyphoto\" href=\"https:\/\/www.hotelwallner.at\/wp2017\/wp-content\/uploads\/2016\/01\/IMG_1837-1024x640.jpg\" data-rel=\"prettyPhoto[rel-17236-1640262728]\"><span class=\"gallery_hover\"><i class=\"fa fa-search\"><\/i><\/span><img loading=\"lazy\" decoding=\"async\" class=\"\" src=\"https:\/\/www.hotelwallner.at\/wp2017\/wp-content\/uploads\/2016\/01\/IMG_1837-250x150.jpg\" width=\"250\" height=\"150\" alt=\"Saal im Hotel zum gr\u00fcnen Baum\" title=\"Saal im Hotel zum gr\u00fcnen Baum\" \/><\/a><\/li><li class=\"no_grayscale\"><a itemprop=\"image\" class=\"qode-prettyphoto\" href=\"https:\/\/www.hotelwallner.at\/wp2017\/wp-content\/uploads\/2017\/08\/auswahl-dsc_1221-1024x682.jpg\" data-rel=\"prettyPhoto[rel-17236-1640262728]\"><span class=\"gallery_hover\"><i class=\"fa fa-search\"><\/i><\/span><img loading=\"lazy\" decoding=\"async\" class=\"\" src=\"https:\/\/www.hotelwallner.at\/wp2017\/wp-content\/uploads\/2017\/08\/auswahl-dsc_1221-250x150.jpg\" width=\"250\" height=\"150\" alt=\"Seminarausstattung im Hotel Wallner\" title=\"Seminarausstattung im Hotel Wallner\" \/><\/a><\/li><\/ul><\/div><\/div><\/div><\/div><\/div><\/div><\/div><\/div><\/div><div      class=\"vc_row wpb_row section vc_row-fluid\" style=' text-align:left;'><div class=\"full_section_inner clearfix\"><div class=\"wpb_column vc_column_container vc_col-sm-12\"><div class=\"vc_column-inner\"><div class=\"wpb_wrapper\">\t<div class=\"vc_empty_space\"  style=\"height: 32px\" ><span\n\t\t\tclass=\"vc_empty_space_inner\">\n\t\t\t<span class=\"empty_space_image\"  ><\/span>\n\t\t<\/span><\/div>\n\n<a  itemprop=\"url\" href=\"\/seminare-veranstaltungen-meetings-niederoesterreich\" target=\"_self\"  class=\"qbutton  center default\" style=\"margin: 0 auto; \">Seminari e conferenze nel Hotel zum gr\u00fcnen Baum<\/a>\t<div class=\"vc_empty_space\"  style=\"height: 32px\" ><span\n\t\t\tclass=\"vc_empty_space_inner\">\n\t\t\t<span class=\"empty_space_image\"  ><\/span>\n\t\t<\/span><\/div>\n\n\t<div class=\"vc_empty_space\"  style=\"height: 32px\" ><span\n\t\t\tclass=\"vc_empty_space_inner\">\n\t\t\t<span class=\"empty_space_image\"  ><\/span>\n\t\t<\/span><\/div>\n\n<\/div><\/div><\/div><\/div><\/div>","protected":false},"excerpt":{"rendered":"Jausen Busse im Mostviertel Einkehren und Geniessen im Restaurant Wallner im Mostviertel Mitten im Herzen von \u00d6sterreich in St. Valentin erwartet Sie unser famili\u00e4r gef\u00fchrtes Hotel-Restaurant Wallner \u201ezum gr\u00fcnen Baum\u201c. Bei uns treffen Mostviertler Tradition, charmante Gastfreundschaft und bodenst\u00e4ndige Gem\u00fctlichkeit aufeinander. Durch die zentrale Lage...","protected":false},"author":3,"featured_media":0,"parent":0,"menu_order":14,"comment_status":"closed","ping_status":"closed","template":"","meta":{"footnotes":""},"yoast_head":"<!-- This site is optimized with the Yoast SEO plugin v22.3 - https:\/\/yoast.com\/wordpress\/plugins\/seo\/ -->\n<title>Jausen Busse - Restaurant-Hotel Wallner zum gr\u00fcnen Baum<\/title>\n<meta name=\"robots\" content=\"index, follow, max-snippet:-1, max-image-preview:large, max-video-preview:-1\" \/>\n<link rel=\"canonical\" href=\"https:\/\/www.hotelwallner.at\/it\/jausenbusse-ins-mostviertel\/\" \/>\n<meta property=\"og:locale\" content=\"it_IT\" \/>\n<meta property=\"og:type\" content=\"article\" \/>\n<meta property=\"og:title\" content=\"Jausen Busse - Restaurant-Hotel Wallner zum gr\u00fcnen Baum\" \/>\n<meta property=\"og:url\" content=\"https:\/\/www.hotelwallner.at\/it\/jausenbusse-ins-mostviertel\/\" \/>\n<meta property=\"og:site_name\" content=\"Restaurant-Hotel Wallner zum gr\u00fcnen Baum\" \/>\n<meta property=\"article:publisher\" content=\"https:\/\/www.facebook.com\/restauranthotelwallner\/\" \/>\n<meta property=\"article:modified_time\" content=\"2024-07-25T07:56:43+00:00\" \/>\n<meta name=\"twitter:card\" content=\"summary_large_image\" \/>\n<meta name=\"twitter:label1\" content=\"Tempo di lettura stimato\" \/>\n\t<meta name=\"twitter:data1\" content=\"2 minuti\" \/>\n<script type=\"application\/ld+json\" class=\"yoast-schema-graph\">{\"@context\":\"https:\/\/schema.org\",\"@graph\":[{\"@type\":\"WebPage\",\"@id\":\"https:\/\/www.hotelwallner.at\/jausenbusse-ins-mostviertel\/\",\"url\":\"https:\/\/www.hotelwallner.at\/jausenbusse-ins-mostviertel\/\",\"name\":\"Jausen Busse - Restaurant-Hotel Wallner zum gr\u00fcnen Baum\",\"isPartOf\":{\"@id\":\"https:\/\/www.hotelwallner.at\/#website\"},\"datePublished\":\"2020-11-30T12:44:33+00:00\",\"dateModified\":\"2024-07-25T07:56:43+00:00\",\"breadcrumb\":{\"@id\":\"https:\/\/www.hotelwallner.at\/jausenbusse-ins-mostviertel\/#breadcrumb\"},\"inLanguage\":\"it-IT\",\"potentialAction\":[{\"@type\":\"ReadAction\",\"target\":[\"https:\/\/www.hotelwallner.at\/jausenbusse-ins-mostviertel\/\"]}]},{\"@type\":\"BreadcrumbList\",\"@id\":\"https:\/\/www.hotelwallner.at\/jausenbusse-ins-mostviertel\/#breadcrumb\",\"itemListElement\":[{\"@type\":\"ListItem\",\"position\":1,\"name\":\"Startseite\",\"item\":\"https:\/\/www.hotelwallner.at\/\"},{\"@type\":\"ListItem\",\"position\":2,\"name\":\"Jausen Busse\"}]},{\"@type\":\"WebSite\",\"@id\":\"https:\/\/www.hotelwallner.at\/#website\",\"url\":\"https:\/\/www.hotelwallner.at\/\",\"name\":\"Restaurant - Hotel Wallner\",\"description\":\"Ihr Hotel &amp; Restaurant in St. Valentin im Mostviertel\",\"publisher\":{\"@id\":\"https:\/\/www.hotelwallner.at\/#organization\"},\"potentialAction\":[{\"@type\":\"SearchAction\",\"target\":{\"@type\":\"EntryPoint\",\"urlTemplate\":\"https:\/\/www.hotelwallner.at\/?s={search_term_string}\"},\"query-input\":\"required name=search_term_string\"}],\"inLanguage\":\"it-IT\"},{\"@type\":\"Organization\",\"@id\":\"https:\/\/www.hotelwallner.at\/#organization\",\"name\":\"Restaurant-Hotel Wallner zum gr\u00fcnen Baum\",\"url\":\"https:\/\/www.hotelwallner.at\/\",\"logo\":{\"@type\":\"ImageObject\",\"inLanguage\":\"it-IT\",\"@id\":\"https:\/\/www.hotelwallner.at\/#\/schema\/logo\/image\/\",\"url\":\"https:\/\/www.hotelwallner.at\/wp2017\/wp-content\/uploads\/2015\/05\/wallner-Logo.png\",\"contentUrl\":\"https:\/\/www.hotelwallner.at\/wp2017\/wp-content\/uploads\/2015\/05\/wallner-Logo.png\",\"width\":500,\"height\":245,\"caption\":\"Restaurant-Hotel Wallner zum gr\u00fcnen Baum\"},\"image\":{\"@id\":\"https:\/\/www.hotelwallner.at\/#\/schema\/logo\/image\/\"},\"sameAs\":[\"https:\/\/www.facebook.com\/restauranthotelwallner\/\",\"https:\/\/www.instagram.com\/restaurant_hotel_wallner\/\"]}]}<\/script>\n<!-- \/ Yoast SEO plugin. -->","yoast_head_json":{"title":"Jausen Busse - Restaurant-Hotel Wallner zum gr\u00fcnen Baum","robots":{"index":"index","follow":"follow","max-snippet":"max-snippet:-1","max-image-preview":"max-image-preview:large","max-video-preview":"max-video-preview:-1"},"canonical":"https:\/\/www.hotelwallner.at\/it\/jausenbusse-ins-mostviertel\/","og_locale":"it_IT","og_type":"article","og_title":"Jausen Busse - Restaurant-Hotel Wallner zum gr\u00fcnen Baum","og_url":"https:\/\/www.hotelwallner.at\/it\/jausenbusse-ins-mostviertel\/","og_site_name":"Restaurant-Hotel Wallner zum gr\u00fcnen Baum","article_publisher":"https:\/\/www.facebook.com\/restauranthotelwallner\/","article_modified_time":"2024-07-25T07:56:43+00:00","twitter_card":"summary_large_image","twitter_misc":{"Tempo di lettura stimato":"2 minuti"},"schema":{"@context":"https:\/\/schema.org","@graph":[{"@type":"WebPage","@id":"https:\/\/www.hotelwallner.at\/jausenbusse-ins-mostviertel\/","url":"https:\/\/www.hotelwallner.at\/jausenbusse-ins-mostviertel\/","name":"Jausen Busse - Restaurant-Hotel Wallner zum gr\u00fcnen Baum","isPartOf":{"@id":"https:\/\/www.hotelwallner.at\/#website"},"datePublished":"2020-11-30T12:44:33+00:00","dateModified":"2024-07-25T07:56:43+00:00","breadcrumb":{"@id":"https:\/\/www.hotelwallner.at\/jausenbusse-ins-mostviertel\/#breadcrumb"},"inLanguage":"it-IT","potentialAction":[{"@type":"ReadAction","target":["https:\/\/www.hotelwallner.at\/jausenbusse-ins-mostviertel\/"]}]},{"@type":"BreadcrumbList","@id":"https:\/\/www.hotelwallner.at\/jausenbusse-ins-mostviertel\/#breadcrumb","itemListElement":[{"@type":"ListItem","position":1,"name":"Startseite","item":"https:\/\/www.hotelwallner.at\/"},{"@type":"ListItem","position":2,"name":"Jausen Busse"}]},{"@type":"WebSite","@id":"https:\/\/www.hotelwallner.at\/#website","url":"https:\/\/www.hotelwallner.at\/","name":"Restaurant - Hotel Wallner","description":"Ihr Hotel &amp; Restaurant in St. Valentin im Mostviertel","publisher":{"@id":"https:\/\/www.hotelwallner.at\/#organization"},"potentialAction":[{"@type":"SearchAction","target":{"@type":"EntryPoint","urlTemplate":"https:\/\/www.hotelwallner.at\/?s={search_term_string}"},"query-input":"required name=search_term_string"}],"inLanguage":"it-IT"},{"@type":"Organization","@id":"https:\/\/www.hotelwallner.at\/#organization","name":"Restaurant-Hotel Wallner zum gr\u00fcnen Baum","url":"https:\/\/www.hotelwallner.at\/","logo":{"@type":"ImageObject","inLanguage":"it-IT","@id":"https:\/\/www.hotelwallner.at\/#\/schema\/logo\/image\/","url":"https:\/\/www.hotelwallner.at\/wp2017\/wp-content\/uploads\/2015\/05\/wallner-Logo.png","contentUrl":"https:\/\/www.hotelwallner.at\/wp2017\/wp-content\/uploads\/2015\/05\/wallner-Logo.png","width":500,"height":245,"caption":"Restaurant-Hotel Wallner zum gr\u00fcnen Baum"},"image":{"@id":"https:\/\/www.hotelwallner.at\/#\/schema\/logo\/image\/"},"sameAs":["https:\/\/www.facebook.com\/restauranthotelwallner\/","https:\/\/www.instagram.com\/restaurant_hotel_wallner\/"]}]}},"publishpress_future_action":{"enabled":false,"date":"2026-04-15 12:20:47","action":"change-status","newStatus":"draft","terms":[],"taxonomy":""},"_links":{"self":[{"href":"https:\/\/www.hotelwallner.at\/it\/wp-json\/wp\/v2\/pages\/17236"}],"collection":[{"href":"https:\/\/www.hotelwallner.at\/it\/wp-json\/wp\/v2\/pages"}],"about":[{"href":"https:\/\/www.hotelwallner.at\/it\/wp-json\/wp\/v2\/types\/page"}],"author":[{"embeddable":true,"href":"https:\/\/www.hotelwallner.at\/it\/wp-json\/wp\/v2\/users\/3"}],"replies":[{"embeddable":true,"href":"https:\/\/www.hotelwallner.at\/it\/wp-json\/wp\/v2\/comments?post=17236"}],"version-history":[{"count":6,"href":"https:\/\/www.hotelwallner.at\/it\/wp-json\/wp\/v2\/pages\/17236\/revisions"}],"predecessor-version":[{"id":17240,"href":"https:\/\/www.hotelwallner.at\/it\/wp-json\/wp\/v2\/pages\/17236\/revisions\/17240"}],"wp:attachment":[{"href":"https:\/\/www.hotelwallner.at\/it\/wp-json\/wp\/v2\/media?parent=17236"}],"curies":[{"name":"wp","href":"https:\/\/api.w.org\/{rel}","templated":true}]}}