{"id":16315,"date":"2015-05-05T06:47:49","date_gmt":"2015-05-05T06:47:49","guid":{"rendered":"http:\/\/www.hotelwallner.at\/?page_id=16315"},"modified":"2020-11-30T14:03:56","modified_gmt":"2020-11-30T13:03:56","slug":"gruppenreisen-busse-restaurant-mostviertel","status":"publish","type":"page","link":"https:\/\/www.hotelwallner.at\/it\/gruppenreisen-busse-restaurant-mostviertel\/","title":{"rendered":"TOUR DI GRUPPO"},"content":{"rendered":"<div      class=\"vc_row wpb_row section vc_row-fluid\" style=' text-align:left;'><div class=\"full_section_inner clearfix\"><div class=\"wpb_column vc_column_container vc_col-sm-12\"><div class=\"vc_column-inner vc_custom_1430732654026\"><div class=\"wpb_wrapper\"><div class=\"wpb_gallery wpb_content_element vc_clearfix\"><div class=\"wpb_wrapper\"><div class=\"wpb_gallery_slides wpb_flexslider flexslider_fade flexslider\" data-interval=\"10\" data-flex_fx=\"fade\"><ul class=\"slides\"><li><img wpfc-lazyload-disable=\"true\" loading=\"lazy\" decoding=\"async\" class=\"\" src=\"https:\/\/www.hotelwallner.at\/wp2017\/wp-content\/uploads\/2015\/05\/restaurant-hotel-wallner-1000x400.jpg\" width=\"1000\" height=\"400\" alt=\"Au\u00dfenansicht Hotel Restaurant Wallner in St. Valentin, Nieder\u00f6sterreich\" title=\"Au\u00dfenansicht Hotel Restaurant Wallner\" \/><\/li><li><img wpfc-lazyload-disable=\"true\" loading=\"lazy\" decoding=\"async\" class=\"\" src=\"https:\/\/www.hotelwallner.at\/wp2017\/wp-content\/uploads\/2016\/01\/IMG_0884-1000x400.jpg\" width=\"1000\" height=\"400\" alt=\"Feierlichkeiten im Restaurant in St. Valentin\" title=\"Feierlichkeiten im Restaurant in St. Valentin\" \/><\/li><\/ul><\/div><\/div><\/div><\/div><\/div><\/div><\/div><\/div><div      class=\"vc_row wpb_row section vc_row-fluid\" style=' text-align:left;'><div class=\"full_section_inner clearfix\"><div class=\"wpb_column vc_column_container vc_col-sm-12\"><div class=\"vc_column-inner\"><div class=\"wpb_wrapper\">\n\t<div class=\"wpb_text_column wpb_content_element\">\n\t\t<div class=\"wpb_wrapper\">\n\t\t\t<h1>Tour di gruppo nel Mostviertel<\/h1>\n<p>L'hotel a St. Valentin \u00e8 molto popolare per tour di gruppo e in autobus fino a 50 persone.<\/p>\n<p>Approfittate della posizione ideale e dei vantaggi del gruppo nell'Hotel-Restaurant Wallner all'albero verde.<\/p>\n<h2>Hotel Wallner - il Vostro hotel per tour di gruppo e in autobus nel Mostviertel<\/h2>\n<p>Hotel Wallner - l'hotel situato nel cuore dell'Austria tra Salisburgo e Vienna, \u00e8 un perfetto punto di partenza per viaggi di gruppo nel Mostviertel, in Bassa Austria. Ideale per gruppi di viaggio pi\u00f9 piccoli e pi\u00f9 grandi con parcheggio per pullman direttamente davanti alla casa!<\/p>\n<p>Che si tratti di un viaggio di gruppo in Bassa Austria, di un viaggio in autobus nella regione del Mostviertel o di una gita aziendale a St. Valentin e dintorni, noi dell'Hotel Wallner offriamo offerte personalizzati.<\/p>\n<p><strong>Vantaggi per i gruppi di autobus all'Hotel Wallner:<\/strong><\/p>\n<ul>\n<li>5 min dall'uscita dell'autostrada A1<\/li>\n<li>Escursioni di un giorno, viaggi in citt\u00e0 e giri<\/li>\n<li>Possibilit\u00e0 di pernottamento fino a 60 posti letto<\/li>\n<li>Parcheggio gratuito per autobus<\/li>\n<\/ul>\n<p><strong>Vantaggi per viaggi di club all'Hotel Wallner:<\/strong><\/p>\n<ul>\n<li>Pacchetti a tutto tondo spensierati<\/li>\n<li>Punto di partenza ideale per viaggi a tema<\/li>\n<li>Innumerevoli mete escursionistiche<\/li>\n<\/ul>\n<p>I club e i gruppi di viaggio sono i benvenuti e possono pranzare e cenare nel nostro ristorante. Siamo anche lieti di aiutarvi a scegliere una gita di un giorno adatta a Voi. Qui puoi trovare le informazioni <a href=\"https:\/\/www.hotelwallner.at\/jausenbusse-ins-mostviertel\/\" target=\"_blank\" rel=\"noopener noreferrer\">AUTOBUS PER SPUNTINI<\/a> .<\/p>\n<p><strong>Quali vantaggi offre la nostra cartella bus gratuita - la cartella di lavoro per le aziende di autobus di successo:<\/strong><\/p>\n<ul>\n<li>Organizzazione di viaggi di gruppo su misura<\/li>\n<li>Inoltre: programmi di supporto individuali<\/li>\n<li>Prezzi di gruppo a prima vista<\/li>\n<li>Informazioni sulle varie destinazioni e attrazioni della zona<\/li>\n<li>Semplice modulo di richiesta fax<\/li>\n<li>Cartella pubblicitaria Shell: il nostro supporto per le Vostre vendite<\/li>\n<\/ul>\n<p>Richieda subito la nostra cartella <a href=\"https:\/\/www.hotelwallner.at\/wp2017\/wp-content\/uploads\/2020\/11\/flyer_a4_reisebusfolderwallner.pdf\" target=\"_blank\" rel=\"noopener noreferrer\">bus gratuita<\/a>.<\/p>\n\n\t\t<\/div> \n\t<\/div> \t<div class=\"vc_empty_space\"  style=\"height: 32px\" ><span\n\t\t\tclass=\"vc_empty_space_inner\">\n\t\t\t<span class=\"empty_space_image\"  ><\/span>\n\t\t<\/span><\/div>\n\n<div class=\"wpb_gallery wpb_content_element vc_clearfix\"><div class=\"wpb_wrapper\"><div class=\"wpb_gallery_slides wpb_image_grid\" data-interval=\"3\"><div class=\"gallery_holder\"><ul class=\"gallery_inner gallery_with_space  v4\"><li class=\"no_grayscale\"><a itemprop=\"image\" class=\"qode-prettyphoto\" href=\"https:\/\/www.hotelwallner.at\/wp2017\/wp-content\/uploads\/2016\/01\/IMG_0884-1024x768.jpg\" data-rel=\"prettyPhoto[rel-16315-524872311]\"><span class=\"gallery_hover\"><i class=\"fa fa-search\"><\/i><\/span><img loading=\"lazy\" decoding=\"async\" class=\"\" src=\"https:\/\/www.hotelwallner.at\/wp2017\/wp-content\/uploads\/2016\/01\/IMG_0884-250x150.jpg\" width=\"250\" height=\"150\" alt=\"Feierlichkeiten im Restaurant in St. Valentin\" title=\"Feierlichkeiten im Restaurant in St. Valentin\" \/><\/a><\/li><li class=\"no_grayscale\"><a itemprop=\"image\" class=\"qode-prettyphoto\" href=\"https:\/\/www.hotelwallner.at\/wp2017\/wp-content\/uploads\/2015\/05\/Stueberl_Seminar-1024x683.jpg\" data-rel=\"prettyPhoto[rel-16315-524872311]\"><span class=\"gallery_hover\"><i class=\"fa fa-search\"><\/i><\/span><img loading=\"lazy\" decoding=\"async\" class=\"\" src=\"https:\/\/www.hotelwallner.at\/wp2017\/wp-content\/uploads\/2015\/05\/Stueberl_Seminar-250x150.jpg\" width=\"250\" height=\"150\" alt=\"Seminar im Restaurant-St\u00fcberl\" title=\"Seminar im Restaurant-St\u00fcberl\" \/><\/a><\/li><li class=\"no_grayscale\"><a itemprop=\"image\" class=\"qode-prettyphoto\" href=\"https:\/\/www.hotelwallner.at\/wp2017\/wp-content\/uploads\/2015\/05\/Stueberl_Feierlichkeiten1-1024x751.jpg\" data-rel=\"prettyPhoto[rel-16315-524872311]\"><span class=\"gallery_hover\"><i class=\"fa fa-search\"><\/i><\/span><img loading=\"lazy\" decoding=\"async\" class=\"\" src=\"https:\/\/www.hotelwallner.at\/wp2017\/wp-content\/uploads\/2015\/05\/Stueberl_Feierlichkeiten1-250x150.jpg\" width=\"250\" height=\"150\" alt=\"Feiern im St\u00fcberl in St. Valentin\" title=\"Feiern im St\u00fcberl in St. Valentin\" \/><\/a><\/li><li class=\"no_grayscale\"><a itemprop=\"image\" class=\"qode-prettyphoto\" href=\"https:\/\/www.hotelwallner.at\/wp2017\/wp-content\/uploads\/2015\/05\/Saal_Feierlichkeiten-1024x728.jpg\" data-rel=\"prettyPhoto[rel-16315-524872311]\"><span class=\"gallery_hover\"><i class=\"fa fa-search\"><\/i><\/span><img loading=\"lazy\" decoding=\"async\" class=\"\" src=\"https:\/\/www.hotelwallner.at\/wp2017\/wp-content\/uploads\/2015\/05\/Saal_Feierlichkeiten-250x150.jpg\" width=\"250\" height=\"150\" alt=\"Feiern im Saal in Nieder\u00f6sterreich\" title=\"Feiern im Saal in Nieder\u00f6sterreich\" \/><\/a><\/li><\/ul><\/div><\/div><\/div><\/div><\/div><\/div><\/div><\/div><\/div><div      class=\"vc_row wpb_row section vc_row-fluid\" style=' text-align:left;'><div class=\"full_section_inner clearfix\"><div class=\"wpb_column vc_column_container vc_col-sm-12\"><div class=\"vc_column-inner\"><div class=\"wpb_wrapper\">\t<div class=\"vc_empty_space\"  style=\"height: 32px\" ><span\n\t\t\tclass=\"vc_empty_space_inner\">\n\t\t\t<span class=\"empty_space_image\"  ><\/span>\n\t\t<\/span><\/div>\n\n<a  itemprop=\"url\" href=\"\/seminare-veranstaltungen-meetings-niederoesterreich\" target=\"_self\"  class=\"qbutton  center default\" style=\"margin: 0 auto; \">Seminari e conferenze nel Hotel zum gr\u00fcnen Baum<\/a>\t<div class=\"vc_empty_space\"  style=\"height: 32px\" ><span\n\t\t\tclass=\"vc_empty_space_inner\">\n\t\t\t<span class=\"empty_space_image\"  ><\/span>\n\t\t<\/span><\/div>\n\n\t<div class=\"vc_empty_space\"  style=\"height: 32px\" ><span\n\t\t\tclass=\"vc_empty_space_inner\">\n\t\t\t<span class=\"empty_space_image\"  ><\/span>\n\t\t<\/span><\/div>\n\n<\/div><\/div><\/div><\/div><\/div>","protected":false},"excerpt":{"rendered":"Gruppenreisen ins Mostviertel Das Hotel in St. Valentin ist sehr beliebt f\u00fcr Gruppen- &amp; Busreisen bis zu 50 Personen. Profitieren Sie von der idealen Lage &amp; den Gruppenvorteilen im Hotel-Restaurant Wallner zum gr\u00fcnen Baum. Hotel Wallner - Ihr Hotel f\u00fcr Gruppen- &amp; Busreisen im Mostviertel...","protected":false},"author":1,"featured_media":0,"parent":0,"menu_order":14,"comment_status":"closed","ping_status":"closed","template":"","meta":{"footnotes":""},"yoast_head":"<!-- This site is optimized with the Yoast SEO plugin v22.3 - https:\/\/yoast.com\/wordpress\/plugins\/seo\/ -->\n<title>Gruppenreisen - Restaurant-Hotel Wallner zum gr\u00fcnen Baum<\/title>\n<meta name=\"robots\" content=\"index, follow, max-snippet:-1, max-image-preview:large, max-video-preview:-1\" \/>\n<link rel=\"canonical\" href=\"https:\/\/www.hotelwallner.at\/it\/gruppenreisen-busse-restaurant-mostviertel\/\" \/>\n<meta property=\"og:locale\" content=\"it_IT\" \/>\n<meta property=\"og:type\" content=\"article\" \/>\n<meta property=\"og:title\" content=\"Gruppenreisen - Restaurant-Hotel Wallner zum gr\u00fcnen Baum\" \/>\n<meta property=\"og:url\" content=\"https:\/\/www.hotelwallner.at\/it\/gruppenreisen-busse-restaurant-mostviertel\/\" \/>\n<meta property=\"og:site_name\" content=\"Restaurant-Hotel Wallner zum gr\u00fcnen Baum\" \/>\n<meta property=\"article:publisher\" content=\"https:\/\/www.facebook.com\/restauranthotelwallner\/\" \/>\n<meta property=\"article:modified_time\" content=\"2020-11-30T13:03:56+00:00\" \/>\n<meta name=\"twitter:card\" content=\"summary_large_image\" \/>\n<meta name=\"twitter:label1\" content=\"Tempo di lettura stimato\" \/>\n\t<meta name=\"twitter:data1\" content=\"2 minuti\" \/>\n<script type=\"application\/ld+json\" class=\"yoast-schema-graph\">{\"@context\":\"https:\/\/schema.org\",\"@graph\":[{\"@type\":\"WebPage\",\"@id\":\"https:\/\/www.hotelwallner.at\/gruppenreisen-busse-restaurant-mostviertel\/\",\"url\":\"https:\/\/www.hotelwallner.at\/gruppenreisen-busse-restaurant-mostviertel\/\",\"name\":\"Gruppenreisen - Restaurant-Hotel Wallner zum gr\u00fcnen Baum\",\"isPartOf\":{\"@id\":\"https:\/\/www.hotelwallner.at\/#website\"},\"datePublished\":\"2015-05-05T06:47:49+00:00\",\"dateModified\":\"2020-11-30T13:03:56+00:00\",\"breadcrumb\":{\"@id\":\"https:\/\/www.hotelwallner.at\/gruppenreisen-busse-restaurant-mostviertel\/#breadcrumb\"},\"inLanguage\":\"it-IT\",\"potentialAction\":[{\"@type\":\"ReadAction\",\"target\":[\"https:\/\/www.hotelwallner.at\/gruppenreisen-busse-restaurant-mostviertel\/\"]}]},{\"@type\":\"BreadcrumbList\",\"@id\":\"https:\/\/www.hotelwallner.at\/gruppenreisen-busse-restaurant-mostviertel\/#breadcrumb\",\"itemListElement\":[{\"@type\":\"ListItem\",\"position\":1,\"name\":\"Startseite\",\"item\":\"https:\/\/www.hotelwallner.at\/\"},{\"@type\":\"ListItem\",\"position\":2,\"name\":\"Gruppenreisen\"}]},{\"@type\":\"WebSite\",\"@id\":\"https:\/\/www.hotelwallner.at\/#website\",\"url\":\"https:\/\/www.hotelwallner.at\/\",\"name\":\"Restaurant - Hotel Wallner\",\"description\":\"Ihr Hotel &amp; Restaurant in St. Valentin im Mostviertel\",\"publisher\":{\"@id\":\"https:\/\/www.hotelwallner.at\/#organization\"},\"potentialAction\":[{\"@type\":\"SearchAction\",\"target\":{\"@type\":\"EntryPoint\",\"urlTemplate\":\"https:\/\/www.hotelwallner.at\/?s={search_term_string}\"},\"query-input\":\"required name=search_term_string\"}],\"inLanguage\":\"it-IT\"},{\"@type\":\"Organization\",\"@id\":\"https:\/\/www.hotelwallner.at\/#organization\",\"name\":\"Restaurant-Hotel Wallner zum gr\u00fcnen Baum\",\"url\":\"https:\/\/www.hotelwallner.at\/\",\"logo\":{\"@type\":\"ImageObject\",\"inLanguage\":\"it-IT\",\"@id\":\"https:\/\/www.hotelwallner.at\/#\/schema\/logo\/image\/\",\"url\":\"https:\/\/www.hotelwallner.at\/wp2017\/wp-content\/uploads\/2015\/05\/wallner-Logo.png\",\"contentUrl\":\"https:\/\/www.hotelwallner.at\/wp2017\/wp-content\/uploads\/2015\/05\/wallner-Logo.png\",\"width\":500,\"height\":245,\"caption\":\"Restaurant-Hotel Wallner zum gr\u00fcnen Baum\"},\"image\":{\"@id\":\"https:\/\/www.hotelwallner.at\/#\/schema\/logo\/image\/\"},\"sameAs\":[\"https:\/\/www.facebook.com\/restauranthotelwallner\/\",\"https:\/\/www.instagram.com\/restaurant_hotel_wallner\/\"]}]}<\/script>\n<!-- \/ Yoast SEO plugin. -->","yoast_head_json":{"title":"Gruppenreisen - Restaurant-Hotel Wallner zum gr\u00fcnen Baum","robots":{"index":"index","follow":"follow","max-snippet":"max-snippet:-1","max-image-preview":"max-image-preview:large","max-video-preview":"max-video-preview:-1"},"canonical":"https:\/\/www.hotelwallner.at\/it\/gruppenreisen-busse-restaurant-mostviertel\/","og_locale":"it_IT","og_type":"article","og_title":"Gruppenreisen - Restaurant-Hotel Wallner zum gr\u00fcnen Baum","og_url":"https:\/\/www.hotelwallner.at\/it\/gruppenreisen-busse-restaurant-mostviertel\/","og_site_name":"Restaurant-Hotel Wallner zum gr\u00fcnen Baum","article_publisher":"https:\/\/www.facebook.com\/restauranthotelwallner\/","article_modified_time":"2020-11-30T13:03:56+00:00","twitter_card":"summary_large_image","twitter_misc":{"Tempo di lettura stimato":"2 minuti"},"schema":{"@context":"https:\/\/schema.org","@graph":[{"@type":"WebPage","@id":"https:\/\/www.hotelwallner.at\/gruppenreisen-busse-restaurant-mostviertel\/","url":"https:\/\/www.hotelwallner.at\/gruppenreisen-busse-restaurant-mostviertel\/","name":"Gruppenreisen - Restaurant-Hotel Wallner zum gr\u00fcnen Baum","isPartOf":{"@id":"https:\/\/www.hotelwallner.at\/#website"},"datePublished":"2015-05-05T06:47:49+00:00","dateModified":"2020-11-30T13:03:56+00:00","breadcrumb":{"@id":"https:\/\/www.hotelwallner.at\/gruppenreisen-busse-restaurant-mostviertel\/#breadcrumb"},"inLanguage":"it-IT","potentialAction":[{"@type":"ReadAction","target":["https:\/\/www.hotelwallner.at\/gruppenreisen-busse-restaurant-mostviertel\/"]}]},{"@type":"BreadcrumbList","@id":"https:\/\/www.hotelwallner.at\/gruppenreisen-busse-restaurant-mostviertel\/#breadcrumb","itemListElement":[{"@type":"ListItem","position":1,"name":"Startseite","item":"https:\/\/www.hotelwallner.at\/"},{"@type":"ListItem","position":2,"name":"Gruppenreisen"}]},{"@type":"WebSite","@id":"https:\/\/www.hotelwallner.at\/#website","url":"https:\/\/www.hotelwallner.at\/","name":"Restaurant - Hotel Wallner","description":"Ihr Hotel &amp; Restaurant in St. Valentin im Mostviertel","publisher":{"@id":"https:\/\/www.hotelwallner.at\/#organization"},"potentialAction":[{"@type":"SearchAction","target":{"@type":"EntryPoint","urlTemplate":"https:\/\/www.hotelwallner.at\/?s={search_term_string}"},"query-input":"required name=search_term_string"}],"inLanguage":"it-IT"},{"@type":"Organization","@id":"https:\/\/www.hotelwallner.at\/#organization","name":"Restaurant-Hotel Wallner zum gr\u00fcnen Baum","url":"https:\/\/www.hotelwallner.at\/","logo":{"@type":"ImageObject","inLanguage":"it-IT","@id":"https:\/\/www.hotelwallner.at\/#\/schema\/logo\/image\/","url":"https:\/\/www.hotelwallner.at\/wp2017\/wp-content\/uploads\/2015\/05\/wallner-Logo.png","contentUrl":"https:\/\/www.hotelwallner.at\/wp2017\/wp-content\/uploads\/2015\/05\/wallner-Logo.png","width":500,"height":245,"caption":"Restaurant-Hotel Wallner zum gr\u00fcnen Baum"},"image":{"@id":"https:\/\/www.hotelwallner.at\/#\/schema\/logo\/image\/"},"sameAs":["https:\/\/www.facebook.com\/restauranthotelwallner\/","https:\/\/www.instagram.com\/restaurant_hotel_wallner\/"]}]}},"publishpress_future_action":{"enabled":false,"date":"2026-04-27 10:37:36","action":"change-status","newStatus":"draft","terms":[],"taxonomy":""},"_links":{"self":[{"href":"https:\/\/www.hotelwallner.at\/it\/wp-json\/wp\/v2\/pages\/16315"}],"collection":[{"href":"https:\/\/www.hotelwallner.at\/it\/wp-json\/wp\/v2\/pages"}],"about":[{"href":"https:\/\/www.hotelwallner.at\/it\/wp-json\/wp\/v2\/types\/page"}],"author":[{"embeddable":true,"href":"https:\/\/www.hotelwallner.at\/it\/wp-json\/wp\/v2\/users\/1"}],"replies":[{"embeddable":true,"href":"https:\/\/www.hotelwallner.at\/it\/wp-json\/wp\/v2\/comments?post=16315"}],"version-history":[{"count":6,"href":"https:\/\/www.hotelwallner.at\/it\/wp-json\/wp\/v2\/pages\/16315\/revisions"}],"predecessor-version":[{"id":17246,"href":"https:\/\/www.hotelwallner.at\/it\/wp-json\/wp\/v2\/pages\/16315\/revisions\/17246"}],"wp:attachment":[{"href":"https:\/\/www.hotelwallner.at\/it\/wp-json\/wp\/v2\/media?parent=16315"}],"curies":[{"name":"wp","href":"https:\/\/api.w.org\/{rel}","templated":true}]}}