{"id":6,"date":"2016-10-10T07:31:57","date_gmt":"2016-10-10T07:31:57","guid":{"rendered":"http:\/\/www.hotelwallner.at\/?page_id=6"},"modified":"2025-11-11T11:45:22","modified_gmt":"2025-11-11T10:45:22","slug":"hotel-wallner-in-st-valentin","status":"publish","type":"page","link":"https:\/\/www.hotelwallner.at\/hu\/","title":{"rendered":"Restaurant Hotel Wallner"},"content":{"rendered":"<div      class=\"vc_row wpb_row section vc_row-fluid\" style=' text-align:left;'><div class=\"full_section_inner clearfix\"><div class=\"wpb_column vc_column_container vc_col-sm-12\"><div class=\"vc_column-inner vc_custom_1430810005999\"><div class=\"wpb_wrapper\"><div class=\"wpb_gallery wpb_content_element vc_clearfix\"><div class=\"wpb_wrapper\"><div class=\"wpb_gallery_slides wpb_flexslider flexslider_fade flexslider\" data-interval=\"10\" data-flex_fx=\"fade\"><ul class=\"slides\"><li><img wpfc-lazyload-disable=\"true\" loading=\"lazy\" decoding=\"async\" class=\"\" src=\"https:\/\/www.hotelwallner.at\/wp2017\/wp-content\/uploads\/2015\/05\/restaurant-hotel-wallner-1000x400.jpg\" width=\"1000\" height=\"400\" alt=\"Au\u00dfenansicht Hotel Restaurant Wallner in St. Valentin, Nieder\u00f6sterreich\" title=\"Wallner Hotel \u00e9s \u00c9tterem\" \/><\/li><li><img wpfc-lazyload-disable=\"true\" loading=\"lazy\" decoding=\"async\" class=\"\" src=\"https:\/\/www.hotelwallner.at\/wp2017\/wp-content\/uploads\/2017\/09\/auswahl-dsc_9734-1000x400.jpg\" width=\"1000\" height=\"400\" alt=\"Hochzeitstafel im Restaurant-Hotel Wallner im Mostviertel\" title=\"Hochzeitstafel im Restaurant-Hotel Wallner im Mostviertel\" \/><\/li><li><img wpfc-lazyload-disable=\"true\" loading=\"lazy\" decoding=\"async\" class=\"\" src=\"https:\/\/www.hotelwallner.at\/wp2017\/wp-content\/uploads\/2015\/05\/Hotel-Zimmer-Wallner-Mostviertel-Niederoesterreich-04-1000x400.jpg\" width=\"1000\" height=\"400\" alt=\"Hotelzimmer Hotel Wallner in St. Valentin\" title=\"Hotelszoba\" \/><\/li><li><img wpfc-lazyload-disable=\"true\" loading=\"lazy\" decoding=\"async\" class=\"\" src=\"https:\/\/www.hotelwallner.at\/wp2017\/wp-content\/uploads\/2015\/05\/Stueberl_Feierlichkeiten1-1000x400.jpg\" width=\"1000\" height=\"400\" alt=\"\u00dcnnep a fogad\u00f3 helyis\u00e9gben\" title=\"\u00dcnnep a fogad\u00f3 helyis\u00e9gben\" \/><\/li><li><img wpfc-lazyload-disable=\"true\" loading=\"lazy\" decoding=\"async\" class=\"\" src=\"https:\/\/www.hotelwallner.at\/wp2017\/wp-content\/uploads\/2017\/09\/auswahl-dsc_9838-1000x400.jpg\" width=\"1000\" height=\"400\" alt=\"Hochzeiten im Restaurant-Hotel Wallner im Mostviertel\" title=\"Hochzeiten im Restaurant-Hotel Wallner im Mostviertel\" \/><\/li><li><img wpfc-lazyload-disable=\"true\" loading=\"lazy\" decoding=\"async\" class=\"\" src=\"https:\/\/www.hotelwallner.at\/wp2017\/wp-content\/uploads\/2015\/05\/Restaurant-Catering-Seminar-Hotel-Wallner-23-1000x400.jpg\" width=\"1000\" height=\"400\" alt=\"Das Team vom Hotel-Restaurant Wallner in St. Valentin\" title=\"Das Team vom Hotel-Restaurant Wallner in St. Valentin\" \/><\/li><li><img wpfc-lazyload-disable=\"true\" loading=\"lazy\" decoding=\"async\" class=\"\" src=\"https:\/\/www.hotelwallner.at\/wp2017\/wp-content\/uploads\/2015\/05\/Restaurant-Catering-Seminar-Hotel-Wallner-131-1000x400.jpg\" width=\"1000\" height=\"400\" alt=\"Fr\u00fcchte-Buffett vom Restaurant Wallner\" title=\"Fr\u00fcchte-Buffett vom Restaurant Wallner\" \/><\/li><li><img wpfc-lazyload-disable=\"true\" loading=\"lazy\" decoding=\"async\" class=\"\" src=\"https:\/\/www.hotelwallner.at\/wp2017\/wp-content\/uploads\/2015\/05\/Restaurant-Catering-Seminar-Hotel-Wallner-16-1000x400.jpg\" width=\"1000\" height=\"400\" alt=\"Wallner Hotel este\" title=\"Wallner Hotel este\" \/><\/li><li><img wpfc-lazyload-disable=\"true\" loading=\"lazy\" decoding=\"async\" class=\"\" src=\"https:\/\/www.hotelwallner.at\/wp2017\/wp-content\/uploads\/2017\/09\/auswahl-dsc_9770-1000x400.jpg\" width=\"1000\" height=\"400\" alt=\"Hochzeitstafel im Restaurant-Hotel Wallner im Mostviertel\" title=\"Hochzeitstafel im Restaurant-Hotel Wallner im Mostviertel\" \/><\/li><\/ul><\/div><\/div><\/div><\/div><\/div><\/div><\/div><\/div><div      class=\"vc_row wpb_row section vc_row-fluid\" style=' text-align:left;'><div class=\"full_section_inner clearfix\"><div class=\"wpb_column vc_column_container vc_col-sm-12\"><div class=\"vc_column-inner\"><div class=\"wpb_wrapper\">\n\t<div class=\"wpb_text_column wpb_content_element\">\n\t\t<div class=\"wpb_wrapper\">\n\t\t\t<h1>\u00dcdv\u00f6z\u00f6lj\u00fck a Wallner zum gr\u00fcnen Baum Hotel-\u00c9tteremb\u0151l<br \/>\nvom Hotel-Restaurant Wallner<\/h1>\n<h2>Csal\u00e1di vend\u00e9gszeretet<\/h2>\n<p>St Valentin sz\u00edv\u00e9ben fogadja \u00d6n\u00f6ket a csal\u00e1dunk \u00e1ltal \u00fczemeltetett hotel \u00e9s \u00e9tterem. Egy vend\u00e9gh\u00e1z, ahol a Mostviertel trad\u00edci\u00f3i, a k\u00fcl\u00f6nleges vend\u00e9gszeretet \u00e9s a kellemes hangulat tal\u00e1lkozik. A k\u00f6zponti fekv\u00e9s kiv\u00e1l\u00f3 tal\u00e1lkoz\u00e1si pontot k\u00edn\u00e1l \u00fczletembereknek, \u00e1tutaz\u00f3knak, busszal \u00e9rkez\u0151 csoportoknak, \u00fagy mint a biciklivel t\u00far\u00e1z\u00f3knak, illetve a kir\u00e1ndul\u00f3knak.<\/p>\n<p>A gasztron\u00f3mia a v\u00e9r\u00fcnkben van. 1970 \u00f3ta Hubert \u00e9s Stefanie Wallner sz\u00edvvel \u00e9s szenved\u00e9llyel \u00e1ll a vend\u00e9gek ig\u00e9nyeinek kiel\u00e9g\u00edt\u00e9se szolg\u00e1lat\u00e1ban. Ma m\u00e1r az \u00e9p\u00fclet k\u00e9szen \u00e1ll a k\u00f6vetkez\u0151 gener\u00e1ci\u00f3 r\u00e9sz\u00e9re, akik \u00faj \u00f6tletekkel \u00e9s \u00faj er\u0151vel vezetik tov\u00e1bb a sz\u00fcl\u0151k \u00e1ltal fel\u00e9p\u00edtett gy\u00f6ny\u00f6r\u0171 \u00e9p\u00fcletet.<\/p>\n<h3>A Wallner Hotel \u2013 a Mostviertel r\u00e9gi\u00f3 ajtaj\u00e1ban<\/h3>\n<p>A Wallner Hotel Ausztria sz\u00edv\u00e9ben, Salzburg \u00e9s B\u00e9cs k\u00f6z\u00f6tt helyezkedik el \u00e9s 32 saj\u00e1tosan berendezett, modern szob\u00e1val rendelkezik. A Wallner-csal\u00e1d f\u0151 feladata, hogy minden vend\u00e9g otthonosan \u00e9rezze mag\u00e1t valamint egyedi ig\u00e9nyeknek is sz\u00edvesen eleget tesznek.<\/p>\n<p>Elhelyezked\u00e9se ide\u00e1lis a Mostviertel r\u00e9gi\u00f3ba tart\u00f3 turistacsoportoknak.<\/p>\n<p>Szemin\u00e1riumok \u00e9s \u00e9rtekezletek sz\u00e1m\u00e1ra konferenciatermeket biztos\u00edtanak teljes felszerelts\u00e9ggel ak\u00e1r 140 f\u0151 befogad\u00e1s\u00e1ra.<\/p>\n<h3>Az \u00e9tterem - Wallner zum gr\u00fcnen Baum<\/h3>\n<p>Vend\u00e9geink j\u00f3 k\u00f6z\u00e9rzete nagyon fontos sz\u00e1munkra. Eg\u00e9sz \u00e9vben felszolg\u00e1lunk saj\u00e1t \u00e9tterm\u00fcnkben k\u00fcl\u00f6nleges \u00e9teleket, p\u00e9ld\u00e1ul a \u201e Schmankerl-hetek \u201e a helyi \u00e9s szezon\u00e1lis \u00ednyencs\u00e9gekkel; \u00edgy p\u00e9ld\u00e1ul a \u201e Vad\u00ednyencfalatok \u201e \u00e9s Szent M\u00e1rton napi liba.<\/p>\n<p>Legyen esk\u00fcv\u0151, sz\u00fclet\u00e9snap vagy c\u00e9ges vacsora \u2013 a Wallner \u00c9tteremben megtal\u00e1lja az esem\u00e9nyhez legmegfelel\u0151bb aj\u00e1nlatot, mely \u00fcnneps\u00e9g\u00e9t felejthetetlenn\u00e9 teszi. Rendezv\u00e9nykivitelez\u0151 csapatunk \u00fcnneps\u00e9g\u00e9t egyedi \u00e9lm\u00e9nny\u00e9 var\u00e1zsolja \u00e9s \u00edgy az eg\u00e9sz napot gondtalanul \u00e9lvezheti. \u0150szinte vend\u00e9gszeretet, kulin\u00e1ris \u00e9lvezetek tov\u00e1bb\u00e1 professzion\u00e1lis kiszolg\u00e1l\u00e1s ide\u00e1lis felt\u00e9teleket teremtenek a felejthetetlen St. Valentin \u2013ben elt\u00f6lt\u00f6tt napokhoz.<\/p>\n<p><strong>\u00a0<\/strong><\/p>\n\n\t\t<\/div> \n\t<\/div> \n\t<div class=\"wpb_video_widget wpb_content_element vc_clearfix   vc_custom_1492018380305 vc_video-aspect-ratio-169 vc_video-el-width-100 vc_video-align-center\" >\n\t\t<div class=\"wpb_wrapper\">\n\t\t\t\n\t\t\t<div class=\"wpb_video_wrapper\"><iframe loading=\"lazy\" width=\"1060\" height=\"596\" src=\"https:\/\/www.youtube.com\/embed\/EVSDn6NwtPQ?feature=oembed\" frameborder=\"0\" allowfullscreen><\/iframe><\/div>\n\t\t<\/div>\n\t<\/div>\n\t<div class=\"vc_empty_space\"  style=\"height: 32px\" ><span\n\t\t\tclass=\"vc_empty_space_inner\">\n\t\t\t<span class=\"empty_space_image\"  ><\/span>\n\t\t<\/span><\/div>\n\n<a  itemprop=\"url\" href=\"\/hotel-zimmer\" target=\"_self\"  class=\"qbutton  center default\" style=\"margin: 0 auto; \">Hotelinform\u00e1ci\u00f3k<\/a>\t<div class=\"vc_empty_space\"  style=\"height: 32px\" ><span\n\t\t\tclass=\"vc_empty_space_inner\">\n\t\t\t<span class=\"empty_space_image\"  ><\/span>\n\t\t<\/span><\/div>\n\n<\/div><\/div><\/div><\/div><\/div><div      class=\"vc_row wpb_row section vc_row-fluid\" style=' text-align:left;'><div class=\"full_section_inner clearfix\"><div class=\"wpb_column vc_column_container vc_col-sm-12\"><div class=\"vc_column-inner\"><div class=\"wpb_wrapper\">\t<div class=\"vc_empty_space\"  style=\"height: 32px\" ><span\n\t\t\tclass=\"vc_empty_space_inner\">\n\t\t\t<span class=\"empty_space_image\"  ><\/span>\n\t\t<\/span><\/div>\n\n<a  itemprop=\"url\" href=\"\/restaurant\" target=\"_self\"  class=\"qbutton  center default\" style=\"margin: 0 auto; \">\u00c9tterem inform\u00e1ci\u00f3k<\/a>\t<div class=\"vc_empty_space\"  style=\"height: 32px\" ><span\n\t\t\tclass=\"vc_empty_space_inner\">\n\t\t\t<span class=\"empty_space_image\"  ><\/span>\n\t\t<\/span><\/div>\n\n<div class=\"wpb_gallery wpb_content_element vc_clearfix\"><div class=\"wpb_wrapper\"><div class=\"wpb_gallery_slides wpb_image_grid\" data-interval=\"3\"><div class=\"gallery_holder\"><ul class=\"gallery_inner gallery_with_space  v4\"><li class=\"no_grayscale\"><a itemprop=\"image\" class=\"qode-prettyphoto\" href=\"https:\/\/www.hotelwallner.at\/wp2017\/wp-content\/uploads\/2015\/05\/restaurant-hotel-wallner-1024x683.jpg\" data-rel=\"prettyPhoto[rel-6-1413844312]\"><span class=\"gallery_hover\"><i class=\"fa fa-search\"><\/i><\/span><img loading=\"lazy\" decoding=\"async\" class=\"\" src=\"https:\/\/www.hotelwallner.at\/wp2017\/wp-content\/uploads\/2015\/05\/restaurant-hotel-wallner-250x150.jpg\" width=\"250\" height=\"150\" alt=\"Au\u00dfenansicht Hotel Restaurant Wallner in St. Valentin, Nieder\u00f6sterreich\" title=\"Wallner Hotel \u00e9s \u00c9tterem\" \/><\/a><\/li><li class=\"no_grayscale\"><a itemprop=\"image\" class=\"qode-prettyphoto\" href=\"https:\/\/www.hotelwallner.at\/wp2017\/wp-content\/uploads\/2015\/05\/Hotel-Zimmer-Wallner-Mostviertel-Niederoesterreich-04-1024x730.jpg\" data-rel=\"prettyPhoto[rel-6-1413844312]\"><span class=\"gallery_hover\"><i class=\"fa fa-search\"><\/i><\/span><img loading=\"lazy\" decoding=\"async\" class=\"\" src=\"https:\/\/www.hotelwallner.at\/wp2017\/wp-content\/uploads\/2015\/05\/Hotel-Zimmer-Wallner-Mostviertel-Niederoesterreich-04-250x150.jpg\" width=\"250\" height=\"150\" alt=\"Hotelzimmer Hotel Wallner in St. Valentin\" title=\"Hotelszoba\" \/><\/a><\/li><li class=\"no_grayscale\"><a itemprop=\"image\" class=\"qode-prettyphoto\" href=\"https:\/\/www.hotelwallner.at\/wp2017\/wp-content\/uploads\/2017\/09\/auswahl-dsc_9770-1024x682.jpg\" data-rel=\"prettyPhoto[rel-6-1413844312]\"><span class=\"gallery_hover\"><i class=\"fa fa-search\"><\/i><\/span><img loading=\"lazy\" decoding=\"async\" class=\"\" src=\"https:\/\/www.hotelwallner.at\/wp2017\/wp-content\/uploads\/2017\/09\/auswahl-dsc_9770-250x150.jpg\" width=\"250\" height=\"150\" alt=\"Hochzeitstafel im Restaurant-Hotel Wallner im Mostviertel\" title=\"Hochzeitstafel im Restaurant-Hotel Wallner im Mostviertel\" \/><\/a><\/li><li class=\"no_grayscale\"><a itemprop=\"image\" class=\"qode-prettyphoto\" href=\"https:\/\/www.hotelwallner.at\/wp2017\/wp-content\/uploads\/2015\/05\/Stueberl_Feierlichkeiten1-1024x751.jpg\" data-rel=\"prettyPhoto[rel-6-1413844312]\"><span class=\"gallery_hover\"><i class=\"fa fa-search\"><\/i><\/span><img loading=\"lazy\" decoding=\"async\" class=\"\" src=\"https:\/\/www.hotelwallner.at\/wp2017\/wp-content\/uploads\/2015\/05\/Stueberl_Feierlichkeiten1-250x150.jpg\" width=\"250\" height=\"150\" alt=\"\u00dcnnep a fogad\u00f3 helyis\u00e9gben\" title=\"\u00dcnnep a fogad\u00f3 helyis\u00e9gben\" \/><\/a><\/li><li class=\"no_grayscale\"><a itemprop=\"image\" class=\"qode-prettyphoto\" href=\"https:\/\/www.hotelwallner.at\/wp2017\/wp-content\/uploads\/2015\/05\/Restaurant-Catering-Seminar-Hotel-Wallner-14-1024x640.jpg\" data-rel=\"prettyPhoto[rel-6-1413844312]\"><span class=\"gallery_hover\"><i class=\"fa fa-search\"><\/i><\/span><img loading=\"lazy\" decoding=\"async\" class=\"\" src=\"https:\/\/www.hotelwallner.at\/wp2017\/wp-content\/uploads\/2015\/05\/Restaurant-Catering-Seminar-Hotel-Wallner-14-250x150.jpg\" width=\"250\" height=\"150\" alt=\"Rendezv\u00e9nyterem a Wallner \u00c9tteremben, St. Valentinben\" title=\"Rendezv\u00e9nyterem a Wallner \u00c9tteremben, St. Valentinben\" \/><\/a><\/li><li class=\"no_grayscale\"><a itemprop=\"image\" class=\"qode-prettyphoto\" href=\"https:\/\/www.hotelwallner.at\/wp2017\/wp-content\/uploads\/2015\/05\/Restaurant-Catering-Seminar-Hotel-Wallner-16-1024x734.jpg\" data-rel=\"prettyPhoto[rel-6-1413844312]\"><span class=\"gallery_hover\"><i class=\"fa fa-search\"><\/i><\/span><img loading=\"lazy\" decoding=\"async\" class=\"\" src=\"https:\/\/www.hotelwallner.at\/wp2017\/wp-content\/uploads\/2015\/05\/Restaurant-Catering-Seminar-Hotel-Wallner-16-250x150.jpg\" width=\"250\" height=\"150\" alt=\"Wallner Hotel este\" title=\"Wallner Hotel este\" \/><\/a><\/li><li class=\"no_grayscale\"><a itemprop=\"image\" class=\"qode-prettyphoto\" href=\"https:\/\/www.hotelwallner.at\/wp2017\/wp-content\/uploads\/2015\/05\/Restaurant-Catering-Seminar-Hotel-Wallner-22-1024x812.jpg\" data-rel=\"prettyPhoto[rel-6-1413844312]\"><span class=\"gallery_hover\"><i class=\"fa fa-search\"><\/i><\/span><img loading=\"lazy\" decoding=\"async\" class=\"\" src=\"https:\/\/www.hotelwallner.at\/wp2017\/wp-content\/uploads\/2015\/05\/Restaurant-Catering-Seminar-Hotel-Wallner-22-250x150.jpg\" width=\"250\" height=\"150\" alt=\"A Wallner Hotel \u00e9s \u00c9tterem csapata\" title=\"A Wallner Hotel \u00e9s \u00c9tterem csapata\" \/><\/a><\/li><li class=\"no_grayscale\"><a itemprop=\"image\" class=\"qode-prettyphoto\" href=\"https:\/\/www.hotelwallner.at\/wp2017\/wp-content\/uploads\/2017\/09\/auswahl-dsc_9734-1024x682.jpg\" data-rel=\"prettyPhoto[rel-6-1413844312]\"><span class=\"gallery_hover\"><i class=\"fa fa-search\"><\/i><\/span><img loading=\"lazy\" decoding=\"async\" class=\"\" src=\"https:\/\/www.hotelwallner.at\/wp2017\/wp-content\/uploads\/2017\/09\/auswahl-dsc_9734-250x150.jpg\" width=\"250\" height=\"150\" alt=\"Hochzeitstafel im Restaurant-Hotel Wallner im Mostviertel\" title=\"Hochzeitstafel im Restaurant-Hotel Wallner im Mostviertel\" \/><\/a><\/li><li class=\"no_grayscale\"><a itemprop=\"image\" class=\"qode-prettyphoto\" href=\"https:\/\/www.hotelwallner.at\/wp2017\/wp-content\/uploads\/2020\/07\/fc64329224e5ea19982678e9fdcb6683-sichere_gastfreundschaft_4c-gross.jpg\" data-rel=\"prettyPhoto[rel-6-1413844312]\"><span class=\"gallery_hover\"><i class=\"fa fa-search\"><\/i><\/span><img loading=\"lazy\" decoding=\"async\" class=\"\" src=\"https:\/\/www.hotelwallner.at\/wp2017\/wp-content\/uploads\/2020\/07\/fc64329224e5ea19982678e9fdcb6683-sichere_gastfreundschaft_4c-gross-250x150.jpg\" width=\"250\" height=\"150\" alt=\"Sichere Gastfreundschaft Corona getestet\" title=\"Sichere Gastfreundschaft Corona getestet\" \/><\/a><\/li><\/ul><\/div><\/div><\/div><\/div>\t<div class=\"vc_empty_space\"  style=\"height: 32px\" ><span\n\t\t\tclass=\"vc_empty_space_inner\">\n\t\t\t<span class=\"empty_space_image\"  ><\/span>\n\t\t<\/span><\/div>\n\n<\/div><\/div><\/div><\/div><\/div>","protected":false},"excerpt":{"rendered":"Ein herzliches Gr\u00fc\u00df Gott aus dem Mostviertel vom Hotel-Restaurant Wallner Das Hotel in St. Valentin - Gastlichkeit in ihrer sch\u00f6nsten Form Mitten im Herzen von St. Valentin erwartet Sie das famili\u00e4r gef\u00fchrte Hotel und Restaurant Wallner zum gr\u00fcnen Baum. Ein Gasthof, wo Mostviertler Tradition, charmante...","protected":false},"author":1,"featured_media":0,"parent":0,"menu_order":3,"comment_status":"closed","ping_status":"closed","template":"","meta":{"footnotes":""},"yoast_head":"<!-- This site is optimized with the Yoast SEO plugin v22.3 - https:\/\/yoast.com\/wordpress\/plugins\/seo\/ -->\n<title>Restaurant Hotel Wallner - Restaurant-Hotel Wallner zum gr\u00fcnen Baum<\/title>\n<meta name=\"description\" content=\"Hotel Wallner in St. Valentin direkt an der Westbahnstrecke und A1 Westautobahn gelegen. Ideal f\u00fcr Gesch\u00e4ftsreisende &amp; Mostviertel-Touristen\" \/>\n<meta name=\"robots\" content=\"index, follow, max-snippet:-1, max-image-preview:large, max-video-preview:-1\" \/>\n<link rel=\"canonical\" href=\"https:\/\/www.hotelwallner.at\/hu\/\" \/>\n<meta property=\"og:locale\" content=\"hu_HU\" \/>\n<meta property=\"og:type\" content=\"article\" \/>\n<meta property=\"og:title\" content=\"Restaurant Hotel Wallner - Restaurant-Hotel Wallner zum gr\u00fcnen Baum\" \/>\n<meta property=\"og:description\" content=\"Hotel Wallner in St. Valentin direkt an der Westbahnstrecke und A1 Westautobahn gelegen. Ideal f\u00fcr Gesch\u00e4ftsreisende &amp; Mostviertel-Touristen\" \/>\n<meta property=\"og:url\" content=\"https:\/\/www.hotelwallner.at\/hu\/\" \/>\n<meta property=\"og:site_name\" content=\"Restaurant-Hotel Wallner zum gr\u00fcnen Baum\" \/>\n<meta property=\"article:publisher\" content=\"https:\/\/www.facebook.com\/restauranthotelwallner\/\" \/>\n<meta property=\"article:modified_time\" content=\"2025-11-11T10:45:22+00:00\" \/>\n<meta name=\"twitter:card\" content=\"summary_large_image\" \/>\n<meta name=\"twitter:label1\" content=\"Becs\u00fclt olvas\u00e1si id\u0151\" \/>\n\t<meta name=\"twitter:data1\" content=\"3 perc\" \/>\n<script type=\"application\/ld+json\" class=\"yoast-schema-graph\">{\"@context\":\"https:\/\/schema.org\",\"@graph\":[{\"@type\":\"WebPage\",\"@id\":\"https:\/\/www.hotelwallner.at\/\",\"url\":\"https:\/\/www.hotelwallner.at\/\",\"name\":\"Restaurant Hotel Wallner - Restaurant-Hotel Wallner zum gr\u00fcnen Baum\",\"isPartOf\":{\"@id\":\"https:\/\/www.hotelwallner.at\/#website\"},\"datePublished\":\"2016-10-10T07:31:57+00:00\",\"dateModified\":\"2025-11-11T10:45:22+00:00\",\"description\":\"Hotel Wallner in St. Valentin direkt an der Westbahnstrecke und A1 Westautobahn gelegen. Ideal f\u00fcr Gesch\u00e4ftsreisende & Mostviertel-Touristen\",\"breadcrumb\":{\"@id\":\"https:\/\/www.hotelwallner.at\/#breadcrumb\"},\"inLanguage\":\"hu\",\"potentialAction\":[{\"@type\":\"ReadAction\",\"target\":[\"https:\/\/www.hotelwallner.at\/\"]}]},{\"@type\":\"BreadcrumbList\",\"@id\":\"https:\/\/www.hotelwallner.at\/#breadcrumb\",\"itemListElement\":[{\"@type\":\"ListItem\",\"position\":1,\"name\":\"Startseite\",\"item\":\"https:\/\/www.hotelwallner.at\/\"},{\"@type\":\"ListItem\",\"position\":2,\"name\":\"Restaurant Hotel Wallner\"}]},{\"@type\":\"WebSite\",\"@id\":\"https:\/\/www.hotelwallner.at\/#website\",\"url\":\"https:\/\/www.hotelwallner.at\/\",\"name\":\"Restaurant - Hotel Wallner\",\"description\":\"Ihr Hotel &amp; Restaurant in St. Valentin im Mostviertel\",\"publisher\":{\"@id\":\"https:\/\/www.hotelwallner.at\/#organization\"},\"potentialAction\":[{\"@type\":\"SearchAction\",\"target\":{\"@type\":\"EntryPoint\",\"urlTemplate\":\"https:\/\/www.hotelwallner.at\/?s={search_term_string}\"},\"query-input\":\"required name=search_term_string\"}],\"inLanguage\":\"hu\"},{\"@type\":\"Organization\",\"@id\":\"https:\/\/www.hotelwallner.at\/#organization\",\"name\":\"Restaurant-Hotel Wallner zum gr\u00fcnen Baum\",\"url\":\"https:\/\/www.hotelwallner.at\/\",\"logo\":{\"@type\":\"ImageObject\",\"inLanguage\":\"hu\",\"@id\":\"https:\/\/www.hotelwallner.at\/#\/schema\/logo\/image\/\",\"url\":\"https:\/\/www.hotelwallner.at\/wp2017\/wp-content\/uploads\/2015\/05\/wallner-Logo.png\",\"contentUrl\":\"https:\/\/www.hotelwallner.at\/wp2017\/wp-content\/uploads\/2015\/05\/wallner-Logo.png\",\"width\":500,\"height\":245,\"caption\":\"Restaurant-Hotel Wallner zum gr\u00fcnen Baum\"},\"image\":{\"@id\":\"https:\/\/www.hotelwallner.at\/#\/schema\/logo\/image\/\"},\"sameAs\":[\"https:\/\/www.facebook.com\/restauranthotelwallner\/\",\"https:\/\/www.instagram.com\/restaurant_hotel_wallner\/\"]}]}<\/script>\n<!-- \/ Yoast SEO plugin. -->","yoast_head_json":{"title":"Restaurant Hotel Wallner - Restaurant-Hotel Wallner zum gr\u00fcnen Baum","description":"Hotel Wallner in St. Valentin direkt an der Westbahnstrecke und A1 Westautobahn gelegen. Ideal f\u00fcr Gesch\u00e4ftsreisende & Mostviertel-Touristen","robots":{"index":"index","follow":"follow","max-snippet":"max-snippet:-1","max-image-preview":"max-image-preview:large","max-video-preview":"max-video-preview:-1"},"canonical":"https:\/\/www.hotelwallner.at\/hu\/","og_locale":"hu_HU","og_type":"article","og_title":"Restaurant Hotel Wallner - Restaurant-Hotel Wallner zum gr\u00fcnen Baum","og_description":"Hotel Wallner in St. Valentin direkt an der Westbahnstrecke und A1 Westautobahn gelegen. Ideal f\u00fcr Gesch\u00e4ftsreisende & Mostviertel-Touristen","og_url":"https:\/\/www.hotelwallner.at\/hu\/","og_site_name":"Restaurant-Hotel Wallner zum gr\u00fcnen Baum","article_publisher":"https:\/\/www.facebook.com\/restauranthotelwallner\/","article_modified_time":"2025-11-11T10:45:22+00:00","twitter_card":"summary_large_image","twitter_misc":{"Becs\u00fclt olvas\u00e1si id\u0151":"3 perc"},"schema":{"@context":"https:\/\/schema.org","@graph":[{"@type":"WebPage","@id":"https:\/\/www.hotelwallner.at\/","url":"https:\/\/www.hotelwallner.at\/","name":"Restaurant Hotel Wallner - Restaurant-Hotel Wallner zum gr\u00fcnen Baum","isPartOf":{"@id":"https:\/\/www.hotelwallner.at\/#website"},"datePublished":"2016-10-10T07:31:57+00:00","dateModified":"2025-11-11T10:45:22+00:00","description":"Hotel Wallner in St. Valentin direkt an der Westbahnstrecke und A1 Westautobahn gelegen. Ideal f\u00fcr Gesch\u00e4ftsreisende & Mostviertel-Touristen","breadcrumb":{"@id":"https:\/\/www.hotelwallner.at\/#breadcrumb"},"inLanguage":"hu","potentialAction":[{"@type":"ReadAction","target":["https:\/\/www.hotelwallner.at\/"]}]},{"@type":"BreadcrumbList","@id":"https:\/\/www.hotelwallner.at\/#breadcrumb","itemListElement":[{"@type":"ListItem","position":1,"name":"Startseite","item":"https:\/\/www.hotelwallner.at\/"},{"@type":"ListItem","position":2,"name":"Restaurant Hotel Wallner"}]},{"@type":"WebSite","@id":"https:\/\/www.hotelwallner.at\/#website","url":"https:\/\/www.hotelwallner.at\/","name":"Restaurant - Hotel Wallner","description":"Ihr Hotel &amp; Restaurant in St. Valentin im Mostviertel","publisher":{"@id":"https:\/\/www.hotelwallner.at\/#organization"},"potentialAction":[{"@type":"SearchAction","target":{"@type":"EntryPoint","urlTemplate":"https:\/\/www.hotelwallner.at\/?s={search_term_string}"},"query-input":"required name=search_term_string"}],"inLanguage":"hu"},{"@type":"Organization","@id":"https:\/\/www.hotelwallner.at\/#organization","name":"Restaurant-Hotel Wallner zum gr\u00fcnen Baum","url":"https:\/\/www.hotelwallner.at\/","logo":{"@type":"ImageObject","inLanguage":"hu","@id":"https:\/\/www.hotelwallner.at\/#\/schema\/logo\/image\/","url":"https:\/\/www.hotelwallner.at\/wp2017\/wp-content\/uploads\/2015\/05\/wallner-Logo.png","contentUrl":"https:\/\/www.hotelwallner.at\/wp2017\/wp-content\/uploads\/2015\/05\/wallner-Logo.png","width":500,"height":245,"caption":"Restaurant-Hotel Wallner zum gr\u00fcnen Baum"},"image":{"@id":"https:\/\/www.hotelwallner.at\/#\/schema\/logo\/image\/"},"sameAs":["https:\/\/www.facebook.com\/restauranthotelwallner\/","https:\/\/www.instagram.com\/restaurant_hotel_wallner\/"]}]}},"publishpress_future_action":{"enabled":false,"date":"2026-04-29 14:59:59","action":"change-status","newStatus":"draft","terms":[],"taxonomy":""},"_links":{"self":[{"href":"https:\/\/www.hotelwallner.at\/hu\/wp-json\/wp\/v2\/pages\/6"}],"collection":[{"href":"https:\/\/www.hotelwallner.at\/hu\/wp-json\/wp\/v2\/pages"}],"about":[{"href":"https:\/\/www.hotelwallner.at\/hu\/wp-json\/wp\/v2\/types\/page"}],"author":[{"embeddable":true,"href":"https:\/\/www.hotelwallner.at\/hu\/wp-json\/wp\/v2\/users\/1"}],"replies":[{"embeddable":true,"href":"https:\/\/www.hotelwallner.at\/hu\/wp-json\/wp\/v2\/comments?post=6"}],"version-history":[{"count":14,"href":"https:\/\/www.hotelwallner.at\/hu\/wp-json\/wp\/v2\/pages\/6\/revisions"}],"predecessor-version":[{"id":17695,"href":"https:\/\/www.hotelwallner.at\/hu\/wp-json\/wp\/v2\/pages\/6\/revisions\/17695"}],"wp:attachment":[{"href":"https:\/\/www.hotelwallner.at\/hu\/wp-json\/wp\/v2\/media?parent=6"}],"curies":[{"name":"wp","href":"https:\/\/api.w.org\/{rel}","templated":true}]}}