{"id":17760,"date":"2026-02-11T15:17:18","date_gmt":"2026-02-11T14:17:18","guid":{"rendered":"https:\/\/www.hotelwallner.at\/?page_id=17760"},"modified":"2026-03-23T16:44:09","modified_gmt":"2026-03-23T15:44:09","slug":"nachhaltigkeit-gaesteinformation","status":"publish","type":"page","link":"https:\/\/www.hotelwallner.at\/hu\/nachhaltigkeit-gaesteinformation\/","title":{"rendered":"G\u00e4ste-Information"},"content":{"rendered":"<div      class=\"vc_row wpb_row section vc_row-fluid\" style=' text-align:left;'><div class=\"full_section_inner clearfix\"><div class=\"wpb_column vc_column_container vc_col-sm-12\"><div class=\"vc_column-inner vc_custom_1430814516685\"><div class=\"wpb_wrapper\"><div class=\"wpb_gallery wpb_content_element vc_clearfix\"><div class=\"wpb_wrapper\"><div class=\"wpb_gallery_slides wpb_flexslider flexslider_fade flexslider\" data-interval=\"10\" data-flex_fx=\"fade\"><ul class=\"slides\"><li><img wpfc-lazyload-disable=\"true\" loading=\"lazy\" decoding=\"async\" class=\"\" src=\"https:\/\/www.hotelwallner.at\/wp2017\/wp-content\/uploads\/2026\/02\/dsc05625-1000x400.jpg\" width=\"1000\" height=\"400\" alt=\"Photovoltaik-Anlage im Hotel Wallner\" title=\"Photovoltaik-Anlage im Hotel Wallner\" \/><\/li><li><img wpfc-lazyload-disable=\"true\" loading=\"lazy\" decoding=\"async\" class=\"\" src=\"https:\/\/www.hotelwallner.at\/wp2017\/wp-content\/uploads\/2026\/02\/dsc05647-1000x400.jpg\" width=\"1000\" height=\"400\" alt=\"Photovoltaik-Anlage im Hotel Wallner\" title=\"Photovoltaik-Anlage im Hotel Wallner\" \/><\/li><li><img wpfc-lazyload-disable=\"true\" loading=\"lazy\" decoding=\"async\" class=\"\" src=\"https:\/\/www.hotelwallner.at\/wp2017\/wp-content\/uploads\/2026\/02\/dsc05602-1000x400.jpg\" width=\"1000\" height=\"400\" alt=\"PV-Anlage im Hotel Wallner\" title=\"PV-Anlage im Hotel Wallner\" \/><\/li><\/ul><\/div><\/div><\/div><\/div><\/div><\/div><\/div><\/div><div      class=\"vc_row wpb_row section vc_row-fluid  vc_custom_1492016292084\" style=' text-align:left;'><div class=\"full_section_inner clearfix\"><div class=\"wpb_column vc_column_container vc_col-sm-12\"><div class=\"vc_column-inner\"><div class=\"wpb_wrapper\">\n\t<div class=\"wpb_text_column wpb_content_element\">\n\t\t<div class=\"wpb_wrapper\">\n\t\t\t<h1>Information f\u00fcr unsere G\u00e4ste<\/h1>\n\n\t\t<\/div> \n\t<\/div> <\/div><\/div><\/div><\/div><\/div><div      class=\"vc_row wpb_row section vc_row-fluid\" style=' text-align:left;'><div class=\"full_section_inner clearfix\"><div class=\"wpb_column vc_column_container vc_col-sm-8\"><div class=\"vc_column-inner\"><div class=\"wpb_wrapper\">\n\t<div class=\"wpb_text_column wpb_content_element  vc_custom_1770819499797\">\n\t\t<div class=\"wpb_wrapper\">\n\t\t\t<h2>Umweltbewusst handeln im\u00a0Hotel &amp; Restaurant Wallner<\/h2>\n<p><strong>Herzlich willkommen im Hotel &amp; Restaurant Wallner!<\/strong><br \/>\nWir freuen uns, Sie bei uns begr\u00fc\u00dfen zu d\u00fcrfen.<br \/>\nMit kleinen Beitr\u00e4gen k\u00f6nnen Sie gemeinsam mit uns helfen, die Umwelt zu sch\u00fctzen und die Sch\u00f6nheit des Mostviertels f\u00fcr kommende Generationen zu bewahren.<\/p>\n<p><strong>Energie bewusst nutzen<\/strong><\/p>\n<ul>\n<li>Bitte schalten Sie Licht und elektrische Ger\u00e4te aus, wenn Sie Ihr Zimmer verlassen.<\/li>\n<li>Ziehen Sie die Zimmerkarte beim Verlassen aus dem Stromschlitz \u2013 dadurch werden alle Ger\u00e4te automatisch abgeschaltet und Energie gespart.<\/li>\n<\/ul>\n<p><strong>Fenster &amp; Rolll\u00e4den<\/strong><\/p>\n<ul>\n<li>Bitte schlie\u00dfen Sie Fenster, wenn Sie Ihr Zimmer verlassen, um \u00dcberhitzung im Sommer und Ausk\u00fchlung im Winter zu vermeiden.<\/li>\n<li>Unsere Rolll\u00e4den werden automatisch gesteuert \u2013 im Winter nachts geschlossen, im Sommer tags\u00fcber, um das Zimmer vor \u00dcberhitzung bzw. Abk\u00fchlung zu sch\u00fctzen.<\/li>\n<li>Sie k\u00f6nnen die Rolll\u00e4den selbstverst\u00e4ndlich <strong>jederzeit manuell bzw. mit der Fernsteuerung<\/strong> \u00f6ffnen oder schlie\u00dfen.<\/li>\n<\/ul>\n<p><strong>Zimmerreinigung nach Bedarf<\/strong><\/p>\n<ul>\n<li>Wenn Sie keine t\u00e4gliche Zimmerreinigung w\u00fcnschen, teilen Sie uns das bitte kurz an der Rezeption mit<\/li>\n<li>Handt\u00fccher, die Sie weiterverwenden m\u00f6chten, h\u00e4ngen Sie einfach auf \u2013 das hilft, Wasser, Energie und Waschmittel zu sparen.<\/li>\n<\/ul>\n<p><strong>Wasser &amp; Klimaschutz<\/strong><\/p>\n<ul>\n<li>Bitte gehen Sie sparsam mit Wasser um \u2013 besonders beim Duschen oder Z\u00e4hneputzen.<\/li>\n<li>Unsere <strong>Klimaanlage wird zentral gesteuert<\/strong> und nutzt \u2013 abh\u00e4ngig von der Auslastung \u2013 <strong>Sonnenenergie zur Vork\u00fchlung der Zimmer<\/strong>.<\/li>\n<\/ul>\n<p><strong>Essen mit Verantwortung \u2013 \u201eTASTE not WASTE\u201c<\/strong><br \/>\nWir unterst\u00fctzen nachhaltiges Genie\u00dfen:<br \/>\nUnsere Portionen sind bewusst etwas kleiner, aber Sie k\u00f6nnen jederzeit Nachschlag bekommen.<br \/>\nBeim Fr\u00fchst\u00fccksbuffet bitten wir Sie, kleinere Portionen zu nehmen \u2013 daf\u00fcr gerne \u00f6fter.<br \/>\n<em>\u201eTASTE not WASTE \u2013 f\u00fcr bewussten Genuss ohne Verschwendung.\u201c<\/em><\/p>\n<p><strong>M\u00fcll vermeiden &amp; richtig trennen<\/strong><\/p>\n<ul>\n<li>Helfen Sie uns bitte, Abfall zu reduzieren, indem Sie Einwegartikel vermeiden.<\/li>\n<li>Wir verzichten bewusst auf unn\u00f6tige Einwegprodukte im Zimmer.<\/li>\n<li>M\u00fclltrennung im Zimmer (Erkl\u00e4rung folgt)<\/li>\n<\/ul>\n<p><strong>Ruhe genie\u00dfen \u2013 Mobilfreie Zone<\/strong><br \/>\nIm <strong>Essbereich<\/strong> bitten wir um eine <strong>mobilfreie Zone.<\/strong><br \/>\nSo schaffen wir gemeinsam eine entspannte Atmosph\u00e4re f\u00fcr alle G\u00e4ste.<\/p>\n<p><strong>Nachhaltige Anreise &amp; Mobilit\u00e4t<\/strong><\/p>\n<ul>\n<li>G\u00e4ste, die mit \u00f6ffentlichen Verkehrsmitteln oder dem Fahrrad anreisen, erhalten <strong>5 % Umweltbonus bei Direktbuchung.<\/strong><\/li>\n<li>Nutzen Sie die \u00f6ffentlichen Verkehrsmittel der Region \u2013 gerne informieren wir Sie \u00fcber Fahrpl\u00e4ne und Ausflugsm\u00f6glichkeiten.<\/li>\n<li>Ein <strong>Bahnhofsshuttle mit E-Auto<\/strong> steht auf Anfrage zur Verf\u00fcgung.<\/li>\n<\/ul>\n<p>Indem Sie diese Tipps befolgen, unterst\u00fctzen Sie uns aktiv dabei, Ressourcen zu schonen und die Umwelt zu sch\u00fctzen.<\/p>\n<p><strong>Vielen Dank,<\/strong> dass Sie Teil unserer nachhaltigen Gemeinschaft sind und mithelfen, das Mostviertel auch f\u00fcr kommende Generationen zu bewahren.<\/p>\n<p>Wir w\u00fcnschen Ihnen einen angenehmen, erholsamen und bewussten Aufenthalt im<br \/>\n<strong>Hotel &amp; Restaurant Wallner \u2013 Genuss mit Verantwortung.<\/strong><\/p>\n<p>Mit herzlichen Gr\u00fc\u00dfen<br \/>\n<strong>Ihre Familie Wallner &amp; das gesamte Team<\/strong><\/p>\n\n\t\t<\/div> \n\t<\/div> <\/div><\/div><\/div><div class=\"wpb_column vc_column_container vc_col-sm-4\"><div class=\"vc_column-inner\"><div class=\"wpb_wrapper\"><div class=\"wpb_gallery wpb_content_element vc_clearfix\"><div class=\"wpb_wrapper\"><div class=\"wpb_gallery_slides wpb_flexslider flexslider_fade flexslider\" data-interval=\"10\" data-flex_fx=\"fade\"><ul class=\"slides\"><li><img wpfc-lazyload-disable=\"true\" loading=\"lazy\" decoding=\"async\" class=\"\" src=\"https:\/\/www.hotelwallner.at\/wp2017\/wp-content\/uploads\/2026\/02\/csm_logo_umweltzeichen_greenhotel_8373f09ad0-900x400.jpg\" width=\"900\" height=\"400\" alt=\"Unser Weg zum Umweltzeichen\" title=\"Unser Weg zum Umweltzeichen\" \/><\/li><\/ul><\/div><\/div><\/div>\n\t<div class=\"wpb_text_column wpb_content_element\">\n\t\t<div class=\"wpb_wrapper\">\n\t\t\t<p><a href=\"https:\/\/www.hotelwallner.at\/nachhaltigkeit-vision-mission-leitbild\/\">Unsere Vision, Mission &amp; Leitbild<\/a><br \/>\n<a href=\"https:\/\/www.hotelwallner.at\/nachhaltigkeit-umwelterklaerung\/\">Unsere Umwelterkl\u00e4rung<\/a><br \/>\n<a href=\"https:\/\/www.hotelwallner.at\/nachhaltigkeit-nachhaltigkeitsbeitrag\/\">Unser Nachhaltigkeitsbeitrag<\/a><br \/>\n<a href=\"https:\/\/www.hotelwallner.at\/nachhaltigkeit-gaesteinformation\/\">Informationen f\u00fcr unsere G\u00e4ste<\/a><\/p>\n\n\t\t<\/div> \n\t<\/div> \t<div class=\"vc_empty_space\"  style=\"height: 32px\" ><span\n\t\t\tclass=\"vc_empty_space_inner\">\n\t\t\t<span class=\"empty_space_image\"  ><\/span>\n\t\t<\/span><\/div>\n\n<\/div><\/div><\/div><\/div><\/div><div      class=\"vc_row wpb_row section vc_row-fluid\" style=' text-align:left;'><div class=\"full_section_inner clearfix\"><div class=\"wpb_column vc_column_container vc_col-sm-12\"><div class=\"vc_column-inner\"><div class=\"wpb_wrapper\">\t<div class=\"vc_empty_space\"  style=\"height: 32px\" ><span\n\t\t\tclass=\"vc_empty_space_inner\">\n\t\t\t<span class=\"empty_space_image\"  ><\/span>\n\t\t<\/span><\/div>\n\n<a  itemprop=\"url\" href=\"https:\/\/www.hotelwallner.at\/wp2017\/wp-content\/uploads\/2026\/03\/wallner_speisekarte_frucc88hling_2026.pdf\" target=\"_self\"  class=\"qbutton  center default\" style=\"margin: 0 auto; \">zur aktuellen Speisekarte<\/a>\t<div class=\"vc_empty_space\"  style=\"height: 32px\" ><span\n\t\t\tclass=\"vc_empty_space_inner\">\n\t\t\t<span class=\"empty_space_image\"  ><\/span>\n\t\t<\/span><\/div>\n\n<div class=\"wpb_gallery wpb_content_element vc_clearfix\"><div class=\"wpb_wrapper\"><div class=\"wpb_gallery_slides wpb_image_grid\" data-interval=\"3\"><div class=\"gallery_holder\"><ul class=\"gallery_inner gallery_with_space  v4\"><li class=\"no_grayscale\"><a itemprop=\"image\" class=\"qode-prettyphoto\" href=\"https:\/\/www.hotelwallner.at\/wp2017\/wp-content\/uploads\/2026\/02\/0020_moststrasse_restaurant-hotel-wallner_20251007-19933-001-1024x683.jpg\" data-rel=\"prettyPhoto[rel-17760-854218846]\"><span class=\"gallery_hover\"><i class=\"fa fa-search\"><\/i><\/span><img loading=\"lazy\" decoding=\"async\" class=\"\" src=\"https:\/\/www.hotelwallner.at\/wp2017\/wp-content\/uploads\/2026\/02\/0020_moststrasse_restaurant-hotel-wallner_20251007-19933-001-250x150.jpg\" width=\"250\" height=\"150\" alt=\"Stefan und Stefanie Wallner\" title=\"Stefan und Stefanie Wallner\" \/><\/a><\/li><li class=\"no_grayscale\"><a itemprop=\"image\" class=\"qode-prettyphoto\" href=\"https:\/\/www.hotelwallner.at\/wp2017\/wp-content\/uploads\/2026\/02\/0070_moststrasse_restaurant-hotel-wallner_20251007-19834-001-1024x683.jpg\" data-rel=\"prettyPhoto[rel-17760-854218846]\"><span class=\"gallery_hover\"><i class=\"fa fa-search\"><\/i><\/span><img loading=\"lazy\" decoding=\"async\" class=\"\" src=\"https:\/\/www.hotelwallner.at\/wp2017\/wp-content\/uploads\/2026\/02\/0070_moststrasse_restaurant-hotel-wallner_20251007-19834-001-250x150.jpg\" width=\"250\" height=\"150\" alt=\"Stefan Wallner\" title=\"Stefan Wallner\" \/><\/a><\/li><li class=\"no_grayscale\"><a itemprop=\"image\" class=\"qode-prettyphoto\" href=\"https:\/\/www.hotelwallner.at\/wp2017\/wp-content\/uploads\/2026\/02\/0040_moststrasse_restaurant-hotel-wallner_20251007-19379-001-1024x683.jpg\" data-rel=\"prettyPhoto[rel-17760-854218846]\"><span class=\"gallery_hover\"><i class=\"fa fa-search\"><\/i><\/span><img loading=\"lazy\" decoding=\"async\" class=\"\" src=\"https:\/\/www.hotelwallner.at\/wp2017\/wp-content\/uploads\/2026\/02\/0040_moststrasse_restaurant-hotel-wallner_20251007-19379-001-250x150.jpg\" width=\"250\" height=\"150\" alt=\"Patrick in der K\u00fcche vom Restaurant Wallner\" title=\"Patrick in der K\u00fcche vom Restaurant Wallner\" \/><\/a><\/li><li class=\"no_grayscale\"><a itemprop=\"image\" class=\"qode-prettyphoto\" href=\"https:\/\/www.hotelwallner.at\/wp2017\/wp-content\/uploads\/2026\/02\/0080_moststrasse_restaurant-hotel-wallner_20251007-19589-001-1024x683.jpg\" data-rel=\"prettyPhoto[rel-17760-854218846]\"><span class=\"gallery_hover\"><i class=\"fa fa-search\"><\/i><\/span><img loading=\"lazy\" decoding=\"async\" class=\"\" src=\"https:\/\/www.hotelwallner.at\/wp2017\/wp-content\/uploads\/2026\/02\/0080_moststrasse_restaurant-hotel-wallner_20251007-19589-001-250x150.jpg\" width=\"250\" height=\"150\" alt=\"Stefanie Wallner\" title=\"Stefanie Wallner\" \/><\/a><\/li><\/ul><\/div><\/div><\/div><\/div><\/div><\/div><\/div><\/div><\/div><div      class=\"vc_row wpb_row section vc_row-fluid\" style=' text-align:left;'><div class=\"full_section_inner clearfix\"><div class=\"wpb_column vc_column_container vc_col-sm-12\"><div class=\"vc_column-inner\"><div class=\"wpb_wrapper\">\n\t<div class=\"wpb_text_column wpb_content_element\">\n\t\t<div class=\"wpb_wrapper\">\n\t\t\t\n\t\t<\/div> \n\t<\/div> <\/div><\/div><\/div><\/div><\/div><div      class=\"vc_row wpb_row section vc_row-fluid\" style=' text-align:left;'><div class=\"full_section_inner clearfix\"><div class=\"wpb_column vc_column_container vc_col-sm-12\"><div class=\"vc_column-inner\"><div class=\"wpb_wrapper\">\t<div class=\"vc_empty_space\"  style=\"height: 32px\" ><span\n\t\t\tclass=\"vc_empty_space_inner\">\n\t\t\t<span class=\"empty_space_image\"  ><\/span>\n\t\t<\/span><\/div>\n\n<a  itemprop=\"url\" href=\"\/mostviertel\" target=\"_self\"  class=\"qbutton  center default\" style=\"margin: 0 auto; \">Weiterst\u00f6bern: Unsere Region Mostviertel<\/a>\t<div class=\"vc_empty_space\"  style=\"height: 32px\" ><span\n\t\t\tclass=\"vc_empty_space_inner\">\n\t\t\t<span class=\"empty_space_image\"  ><\/span>\n\t\t<\/span><\/div>\n\n\t<div class=\"vc_empty_space\"  style=\"height: 32px\" ><span\n\t\t\tclass=\"vc_empty_space_inner\">\n\t\t\t<span class=\"empty_space_image\"  ><\/span>\n\t\t<\/span><\/div>\n\n<\/div><\/div><\/div><\/div><\/div><div      class=\"vc_row wpb_row section vc_row-fluid\" style=' text-align:left;'><div class=\"full_section_inner clearfix\"><div class=\"wpb_column vc_column_container vc_col-sm-12\"><div class=\"vc_column-inner\"><div class=\"wpb_wrapper\">\n\t<div class=\"wpb_text_column wpb_content_element\">\n\t\t<div class=\"wpb_wrapper\">\n\t\t\t\n\t\t<\/div> \n\t<\/div> <\/div><\/div><\/div><\/div><\/div>","protected":false},"excerpt":{"rendered":"Information f\u00fcr unsere G\u00e4ste Umweltbewusst handeln im\u00a0Hotel &amp; Restaurant Wallner Herzlich willkommen im Hotel &amp; Restaurant Wallner! Wir freuen uns, Sie bei uns begr\u00fc\u00dfen zu d\u00fcrfen. Mit kleinen Beitr\u00e4gen k\u00f6nnen Sie gemeinsam mit uns helfen, die Umwelt zu sch\u00fctzen und die Sch\u00f6nheit des Mostviertels f\u00fcr...","protected":false},"author":3,"featured_media":0,"parent":0,"menu_order":5,"comment_status":"closed","ping_status":"closed","template":"","meta":{"footnotes":""},"yoast_head":"<!-- This site is optimized with the Yoast SEO plugin v22.3 - https:\/\/yoast.com\/wordpress\/plugins\/seo\/ -->\n<title>G\u00e4ste-Information - Restaurant-Hotel Wallner zum gr\u00fcnen Baum<\/title>\n<meta name=\"robots\" content=\"index, follow, max-snippet:-1, max-image-preview:large, max-video-preview:-1\" \/>\n<link rel=\"canonical\" href=\"https:\/\/www.hotelwallner.at\/hu\/nachhaltigkeit-gaesteinformation\/\" \/>\n<meta property=\"og:locale\" content=\"hu_HU\" \/>\n<meta property=\"og:type\" content=\"article\" \/>\n<meta property=\"og:title\" content=\"G\u00e4ste-Information - Restaurant-Hotel Wallner zum gr\u00fcnen Baum\" \/>\n<meta property=\"og:url\" content=\"https:\/\/www.hotelwallner.at\/hu\/nachhaltigkeit-gaesteinformation\/\" \/>\n<meta property=\"og:site_name\" content=\"Restaurant-Hotel Wallner zum gr\u00fcnen Baum\" \/>\n<meta property=\"article:publisher\" content=\"https:\/\/www.facebook.com\/restauranthotelwallner\/\" \/>\n<meta property=\"article:modified_time\" content=\"2026-03-23T15:44:09+00:00\" \/>\n<meta name=\"twitter:card\" content=\"summary_large_image\" \/>\n<meta name=\"twitter:label1\" content=\"Becs\u00fclt olvas\u00e1si id\u0151\" \/>\n\t<meta name=\"twitter:data1\" content=\"3 perc\" \/>\n<script type=\"application\/ld+json\" class=\"yoast-schema-graph\">{\"@context\":\"https:\/\/schema.org\",\"@graph\":[{\"@type\":\"WebPage\",\"@id\":\"https:\/\/www.hotelwallner.at\/nachhaltigkeit-gaesteinformation\/\",\"url\":\"https:\/\/www.hotelwallner.at\/nachhaltigkeit-gaesteinformation\/\",\"name\":\"G\u00e4ste-Information - Restaurant-Hotel Wallner zum gr\u00fcnen Baum\",\"isPartOf\":{\"@id\":\"https:\/\/www.hotelwallner.at\/#website\"},\"datePublished\":\"2026-02-11T14:17:18+00:00\",\"dateModified\":\"2026-03-23T15:44:09+00:00\",\"breadcrumb\":{\"@id\":\"https:\/\/www.hotelwallner.at\/nachhaltigkeit-gaesteinformation\/#breadcrumb\"},\"inLanguage\":\"hu\",\"potentialAction\":[{\"@type\":\"ReadAction\",\"target\":[\"https:\/\/www.hotelwallner.at\/nachhaltigkeit-gaesteinformation\/\"]}]},{\"@type\":\"BreadcrumbList\",\"@id\":\"https:\/\/www.hotelwallner.at\/nachhaltigkeit-gaesteinformation\/#breadcrumb\",\"itemListElement\":[{\"@type\":\"ListItem\",\"position\":1,\"name\":\"Startseite\",\"item\":\"https:\/\/www.hotelwallner.at\/\"},{\"@type\":\"ListItem\",\"position\":2,\"name\":\"G\u00e4ste-Information\"}]},{\"@type\":\"WebSite\",\"@id\":\"https:\/\/www.hotelwallner.at\/#website\",\"url\":\"https:\/\/www.hotelwallner.at\/\",\"name\":\"Restaurant - Hotel Wallner\",\"description\":\"Ihr Hotel &amp; Restaurant in St. Valentin im Mostviertel\",\"publisher\":{\"@id\":\"https:\/\/www.hotelwallner.at\/#organization\"},\"potentialAction\":[{\"@type\":\"SearchAction\",\"target\":{\"@type\":\"EntryPoint\",\"urlTemplate\":\"https:\/\/www.hotelwallner.at\/?s={search_term_string}\"},\"query-input\":\"required name=search_term_string\"}],\"inLanguage\":\"hu\"},{\"@type\":\"Organization\",\"@id\":\"https:\/\/www.hotelwallner.at\/#organization\",\"name\":\"Restaurant-Hotel Wallner zum gr\u00fcnen Baum\",\"url\":\"https:\/\/www.hotelwallner.at\/\",\"logo\":{\"@type\":\"ImageObject\",\"inLanguage\":\"hu\",\"@id\":\"https:\/\/www.hotelwallner.at\/#\/schema\/logo\/image\/\",\"url\":\"https:\/\/www.hotelwallner.at\/wp2017\/wp-content\/uploads\/2015\/05\/wallner-Logo.png\",\"contentUrl\":\"https:\/\/www.hotelwallner.at\/wp2017\/wp-content\/uploads\/2015\/05\/wallner-Logo.png\",\"width\":500,\"height\":245,\"caption\":\"Restaurant-Hotel Wallner zum gr\u00fcnen Baum\"},\"image\":{\"@id\":\"https:\/\/www.hotelwallner.at\/#\/schema\/logo\/image\/\"},\"sameAs\":[\"https:\/\/www.facebook.com\/restauranthotelwallner\/\",\"https:\/\/www.instagram.com\/restaurant_hotel_wallner\/\"]}]}<\/script>\n<!-- \/ Yoast SEO plugin. -->","yoast_head_json":{"title":"G\u00e4ste-Information - Restaurant-Hotel Wallner zum gr\u00fcnen Baum","robots":{"index":"index","follow":"follow","max-snippet":"max-snippet:-1","max-image-preview":"max-image-preview:large","max-video-preview":"max-video-preview:-1"},"canonical":"https:\/\/www.hotelwallner.at\/hu\/nachhaltigkeit-gaesteinformation\/","og_locale":"hu_HU","og_type":"article","og_title":"G\u00e4ste-Information - Restaurant-Hotel Wallner zum gr\u00fcnen Baum","og_url":"https:\/\/www.hotelwallner.at\/hu\/nachhaltigkeit-gaesteinformation\/","og_site_name":"Restaurant-Hotel Wallner zum gr\u00fcnen Baum","article_publisher":"https:\/\/www.facebook.com\/restauranthotelwallner\/","article_modified_time":"2026-03-23T15:44:09+00:00","twitter_card":"summary_large_image","twitter_misc":{"Becs\u00fclt olvas\u00e1si id\u0151":"3 perc"},"schema":{"@context":"https:\/\/schema.org","@graph":[{"@type":"WebPage","@id":"https:\/\/www.hotelwallner.at\/nachhaltigkeit-gaesteinformation\/","url":"https:\/\/www.hotelwallner.at\/nachhaltigkeit-gaesteinformation\/","name":"G\u00e4ste-Information - Restaurant-Hotel Wallner zum gr\u00fcnen Baum","isPartOf":{"@id":"https:\/\/www.hotelwallner.at\/#website"},"datePublished":"2026-02-11T14:17:18+00:00","dateModified":"2026-03-23T15:44:09+00:00","breadcrumb":{"@id":"https:\/\/www.hotelwallner.at\/nachhaltigkeit-gaesteinformation\/#breadcrumb"},"inLanguage":"hu","potentialAction":[{"@type":"ReadAction","target":["https:\/\/www.hotelwallner.at\/nachhaltigkeit-gaesteinformation\/"]}]},{"@type":"BreadcrumbList","@id":"https:\/\/www.hotelwallner.at\/nachhaltigkeit-gaesteinformation\/#breadcrumb","itemListElement":[{"@type":"ListItem","position":1,"name":"Startseite","item":"https:\/\/www.hotelwallner.at\/"},{"@type":"ListItem","position":2,"name":"G\u00e4ste-Information"}]},{"@type":"WebSite","@id":"https:\/\/www.hotelwallner.at\/#website","url":"https:\/\/www.hotelwallner.at\/","name":"Restaurant - Hotel Wallner","description":"Ihr Hotel &amp; Restaurant in St. Valentin im Mostviertel","publisher":{"@id":"https:\/\/www.hotelwallner.at\/#organization"},"potentialAction":[{"@type":"SearchAction","target":{"@type":"EntryPoint","urlTemplate":"https:\/\/www.hotelwallner.at\/?s={search_term_string}"},"query-input":"required name=search_term_string"}],"inLanguage":"hu"},{"@type":"Organization","@id":"https:\/\/www.hotelwallner.at\/#organization","name":"Restaurant-Hotel Wallner zum gr\u00fcnen Baum","url":"https:\/\/www.hotelwallner.at\/","logo":{"@type":"ImageObject","inLanguage":"hu","@id":"https:\/\/www.hotelwallner.at\/#\/schema\/logo\/image\/","url":"https:\/\/www.hotelwallner.at\/wp2017\/wp-content\/uploads\/2015\/05\/wallner-Logo.png","contentUrl":"https:\/\/www.hotelwallner.at\/wp2017\/wp-content\/uploads\/2015\/05\/wallner-Logo.png","width":500,"height":245,"caption":"Restaurant-Hotel Wallner zum gr\u00fcnen Baum"},"image":{"@id":"https:\/\/www.hotelwallner.at\/#\/schema\/logo\/image\/"},"sameAs":["https:\/\/www.facebook.com\/restauranthotelwallner\/","https:\/\/www.instagram.com\/restaurant_hotel_wallner\/"]}]}},"publishpress_future_action":{"enabled":false,"date":"2026-04-14 10:13:40","action":"change-status","newStatus":"draft","terms":[],"taxonomy":""},"_links":{"self":[{"href":"https:\/\/www.hotelwallner.at\/hu\/wp-json\/wp\/v2\/pages\/17760"}],"collection":[{"href":"https:\/\/www.hotelwallner.at\/hu\/wp-json\/wp\/v2\/pages"}],"about":[{"href":"https:\/\/www.hotelwallner.at\/hu\/wp-json\/wp\/v2\/types\/page"}],"author":[{"embeddable":true,"href":"https:\/\/www.hotelwallner.at\/hu\/wp-json\/wp\/v2\/users\/3"}],"replies":[{"embeddable":true,"href":"https:\/\/www.hotelwallner.at\/hu\/wp-json\/wp\/v2\/comments?post=17760"}],"version-history":[{"count":8,"href":"https:\/\/www.hotelwallner.at\/hu\/wp-json\/wp\/v2\/pages\/17760\/revisions"}],"predecessor-version":[{"id":17798,"href":"https:\/\/www.hotelwallner.at\/hu\/wp-json\/wp\/v2\/pages\/17760\/revisions\/17798"}],"wp:attachment":[{"href":"https:\/\/www.hotelwallner.at\/hu\/wp-json\/wp\/v2\/media?parent=17760"}],"curies":[{"name":"wp","href":"https:\/\/api.w.org\/{rel}","templated":true}]}}