{"id":17417,"date":"2021-03-09T14:47:57","date_gmt":"2021-03-09T13:47:57","guid":{"rendered":"https:\/\/www.hotelwallner.at\/?page_id=17417"},"modified":"2021-03-09T14:47:57","modified_gmt":"2021-03-09T13:47:57","slug":"hotelomat-checkin-mit-reservierung","status":"publish","type":"page","link":"https:\/\/www.hotelwallner.at\/hu\/hotelomat-checkin-mit-reservierung\/","title":{"rendered":"Hotelomat &#8211; CheckIN mit Reservierung"},"content":{"rendered":"<div      class=\"vc_row wpb_row section vc_row-fluid\" style=' text-align:left;'><div class=\"full_section_inner clearfix\"><div class=\"wpb_column vc_column_container vc_col-sm-12\"><div class=\"vc_column-inner vc_custom_1430732654026\"><div class=\"wpb_wrapper\"><div class=\"wpb_gallery wpb_content_element vc_clearfix\"><div class=\"wpb_wrapper\"><div class=\"wpb_gallery_slides wpb_flexslider flexslider_fade flexslider\" data-interval=\"10\" data-flex_fx=\"fade\"><ul class=\"slides\"><li><img wpfc-lazyload-disable=\"true\" loading=\"lazy\" decoding=\"async\" class=\"\" src=\"https:\/\/www.hotelwallner.at\/wp2017\/wp-content\/uploads\/2021\/03\/hotelomat-hotel-wallner-st-valentin-651x400.jpg\" width=\"651\" height=\"400\" alt=\"Hotelomat 24\/7 Check-in\" title=\"hotelomat-hotel-wallner-st-valentin\" \/><\/li><\/ul><\/div><\/div><\/div><\/div><\/div><\/div><\/div><\/div><div      class=\"vc_row wpb_row section vc_row-fluid\" style=' text-align:left;'><div class=\"full_section_inner clearfix\"><div class=\"wpb_column vc_column_container vc_col-sm-12\"><div class=\"vc_column-inner\"><div class=\"wpb_wrapper\">\n\t<div class=\"wpb_text_column wpb_content_element\">\n\t\t<div class=\"wpb_wrapper\">\n\t\t\t<h2>Hotelomat &#8211; Check-in mit Reservierung<\/h2>\n<p>Ihr Zimmer ist ab 14:00 Uhr bezugsfertig, Abreise bitte bis 11:00 Uhr.<br \/>\nA fizet\u00e9s k\u00f6zvetlen\u00fcl a Hotelomaton t\u00f6rt\u00e9nik.<\/p>\n<h3>Folgen Sie unserer Schritt-f\u00fcr-Schritt-Anleitung:<\/h3>\n<ul>\n<li>1. Schritt: Sprache ausw\u00e4hlen<\/li>\n<li>2. Schritt: Angabe, ob Reservierung gemacht<\/li>\n<li>3. Schritt: Bei Buchung \u00fcber Homepage oder Buchungsplattform: Angabe Familienname oder Reservierungsnummer<\/li>\n<li>4. Schritt: \u00dcberpr\u00fcfung der Reservierung &amp; Check-In abschlie\u00dfen<\/li>\n<li>5. Schritt: Sollte Ihr Zimmer noch nicht bezahlt sein, dann werden Sie jetzt zur Bezahlung via Kreditkarte aufgefordert.<\/li>\n<li>6. Schritt: Meldezettel mit Nationalit\u00e4t erg\u00e4nzen<\/li>\n<li>7. Schritt: Angabe des Wohnlandes<\/li>\n<li>8. Schritt: \u00dcberpr\u00fcfung der Angaben und BEST\u00c4TIGEN<\/li>\n<li>9. Schritt: Meldezettel unterschreiben und BEST\u00c4TIGEN<\/li>\n<li>10. Schritt: Ben\u00f6tigen Sie eine oder zwei Schl\u00fcsselkarten?<\/li>\n<li>11. Schritt: Schl\u00fcsselkarte sowie Check-in-Beleg am Terminal entnehmen<\/li>\n<\/ul>\n<p><em>Hinweis: Bitte begleichen Sie die Ortstaxe sp\u00e4testens beim Check-out.<\/em><\/p>\n\n\t\t<\/div> \n\t<\/div> \t<div class=\"vc_empty_space\"  style=\"height: 32px\" ><span\n\t\t\tclass=\"vc_empty_space_inner\">\n\t\t\t<span class=\"empty_space_image\"  ><\/span>\n\t\t<\/span><\/div>\n\n<div class=\"wpb_gallery wpb_content_element vc_clearfix\"><div class=\"wpb_wrapper\"><div class=\"wpb_gallery_slides wpb_image_grid\" data-interval=\"3\"><div class=\"gallery_holder\"><ul class=\"gallery_inner gallery_with_space  v4\"><li class=\"no_grayscale\"><a itemprop=\"image\" class=\"qode-prettyphoto\" href=\"https:\/\/www.hotelwallner.at\/wp2017\/wp-content\/uploads\/2021\/03\/hotelomat_schritt1-1024x1024.jpg\" data-rel=\"prettyPhoto[rel-17417-1142700618]\"><span class=\"gallery_hover\"><i class=\"fa fa-search\"><\/i><\/span><img loading=\"lazy\" decoding=\"async\" class=\"\" src=\"https:\/\/www.hotelwallner.at\/wp2017\/wp-content\/uploads\/2021\/03\/hotelomat_schritt1-250x150.jpg\" width=\"250\" height=\"150\" alt=\"Hotelomat Schritt 1\" title=\"hotelomat_schritt1\" \/><\/a><\/li><li class=\"no_grayscale\"><a itemprop=\"image\" class=\"qode-prettyphoto\" href=\"https:\/\/www.hotelwallner.at\/wp2017\/wp-content\/uploads\/2021\/03\/hotelomat-schritt-2-974x1024.jpg\" data-rel=\"prettyPhoto[rel-17417-1142700618]\"><span class=\"gallery_hover\"><i class=\"fa fa-search\"><\/i><\/span><img loading=\"lazy\" decoding=\"async\" class=\"\" src=\"https:\/\/www.hotelwallner.at\/wp2017\/wp-content\/uploads\/2021\/03\/hotelomat-schritt-2-250x150.jpg\" width=\"250\" height=\"150\" alt=\"Hotelomat Schritt 2\" title=\"hotelomat-schritt-2\" \/><\/a><\/li><li class=\"no_grayscale\"><a itemprop=\"image\" class=\"qode-prettyphoto\" href=\"https:\/\/www.hotelwallner.at\/wp2017\/wp-content\/uploads\/2021\/03\/hotelomat-schritt-3-1024x654.jpg\" data-rel=\"prettyPhoto[rel-17417-1142700618]\"><span class=\"gallery_hover\"><i class=\"fa fa-search\"><\/i><\/span><img loading=\"lazy\" decoding=\"async\" class=\"\" src=\"https:\/\/www.hotelwallner.at\/wp2017\/wp-content\/uploads\/2021\/03\/hotelomat-schritt-3-250x150.jpg\" width=\"250\" height=\"150\" alt=\"Hotelomat Schritt 3\" title=\"hotelomat-schritt-3\" \/><\/a><\/li><li class=\"no_grayscale\"><a itemprop=\"image\" class=\"qode-prettyphoto\" href=\"https:\/\/www.hotelwallner.at\/wp2017\/wp-content\/uploads\/2021\/03\/hotelomat-schritt-4-1024x1024.jpg\" data-rel=\"prettyPhoto[rel-17417-1142700618]\"><span class=\"gallery_hover\"><i class=\"fa fa-search\"><\/i><\/span><img loading=\"lazy\" decoding=\"async\" class=\"\" src=\"https:\/\/www.hotelwallner.at\/wp2017\/wp-content\/uploads\/2021\/03\/hotelomat-schritt-4-250x150.jpg\" width=\"250\" height=\"150\" alt=\"Hotelomat Schritt 4\" title=\"hotelomat-schritt-4\" \/><\/a><\/li><li class=\"no_grayscale\"><a itemprop=\"image\" class=\"qode-prettyphoto\" href=\"https:\/\/www.hotelwallner.at\/wp2017\/wp-content\/uploads\/2021\/03\/hotelomat-schritt-5-1024x1024.jpg\" data-rel=\"prettyPhoto[rel-17417-1142700618]\"><span class=\"gallery_hover\"><i class=\"fa fa-search\"><\/i><\/span><img loading=\"lazy\" decoding=\"async\" class=\"\" src=\"https:\/\/www.hotelwallner.at\/wp2017\/wp-content\/uploads\/2021\/03\/hotelomat-schritt-5-250x150.jpg\" width=\"250\" height=\"150\" alt=\"Hotelomat Schritt 4b\" title=\"hotelomat-schritt-5\" \/><\/a><\/li><li class=\"no_grayscale\"><a itemprop=\"image\" class=\"qode-prettyphoto\" href=\"https:\/\/www.hotelwallner.at\/wp2017\/wp-content\/uploads\/2021\/03\/hotelomat-schritt-6-1024x786.jpg\" data-rel=\"prettyPhoto[rel-17417-1142700618]\"><span class=\"gallery_hover\"><i class=\"fa fa-search\"><\/i><\/span><img loading=\"lazy\" decoding=\"async\" class=\"\" src=\"https:\/\/www.hotelwallner.at\/wp2017\/wp-content\/uploads\/2021\/03\/hotelomat-schritt-6-250x150.jpg\" width=\"250\" height=\"150\" alt=\"Hotelomat Schritt 5\" title=\"hotelomat-schritt-6\" \/><\/a><\/li><li class=\"no_grayscale\"><a itemprop=\"image\" class=\"qode-prettyphoto\" href=\"https:\/\/www.hotelwallner.at\/wp2017\/wp-content\/uploads\/2021\/03\/hotelomat-schritt-7-1024x1024.jpg\" data-rel=\"prettyPhoto[rel-17417-1142700618]\"><span class=\"gallery_hover\"><i class=\"fa fa-search\"><\/i><\/span><img loading=\"lazy\" decoding=\"async\" class=\"\" src=\"https:\/\/www.hotelwallner.at\/wp2017\/wp-content\/uploads\/2021\/03\/hotelomat-schritt-7-250x150.jpg\" width=\"250\" height=\"150\" alt=\"Hotelomat Schritt 5b\" title=\"hotelomat-schritt-7\" \/><\/a><\/li><li class=\"no_grayscale\"><a itemprop=\"image\" class=\"qode-prettyphoto\" href=\"https:\/\/www.hotelwallner.at\/wp2017\/wp-content\/uploads\/2021\/03\/hotelomat-schritt-8-1024x1024.jpg\" data-rel=\"prettyPhoto[rel-17417-1142700618]\"><span class=\"gallery_hover\"><i class=\"fa fa-search\"><\/i><\/span><img loading=\"lazy\" decoding=\"async\" class=\"\" src=\"https:\/\/www.hotelwallner.at\/wp2017\/wp-content\/uploads\/2021\/03\/hotelomat-schritt-8-250x150.jpg\" width=\"250\" height=\"150\" alt=\"Hotelomat Schritt 6\" title=\"hotelomat-schritt-8\" \/><\/a><\/li><li class=\"no_grayscale\"><a itemprop=\"image\" class=\"qode-prettyphoto\" href=\"https:\/\/www.hotelwallner.at\/wp2017\/wp-content\/uploads\/2021\/03\/hotelomat-schritt-9-1024x1024.jpg\" data-rel=\"prettyPhoto[rel-17417-1142700618]\"><span class=\"gallery_hover\"><i class=\"fa fa-search\"><\/i><\/span><img loading=\"lazy\" decoding=\"async\" class=\"\" src=\"https:\/\/www.hotelwallner.at\/wp2017\/wp-content\/uploads\/2021\/03\/hotelomat-schritt-9-250x150.jpg\" width=\"250\" height=\"150\" alt=\"Hotelomat Schritt 7\" title=\"hotelomat-schritt-9\" \/><\/a><\/li><li class=\"no_grayscale\"><a itemprop=\"image\" class=\"qode-prettyphoto\" href=\"https:\/\/www.hotelwallner.at\/wp2017\/wp-content\/uploads\/2021\/03\/hotelomat-schritt10-1024x1024.jpg\" data-rel=\"prettyPhoto[rel-17417-1142700618]\"><span class=\"gallery_hover\"><i class=\"fa fa-search\"><\/i><\/span><img loading=\"lazy\" decoding=\"async\" class=\"\" src=\"https:\/\/www.hotelwallner.at\/wp2017\/wp-content\/uploads\/2021\/03\/hotelomat-schritt10-250x150.jpg\" width=\"250\" height=\"150\" alt=\"Hotelomat Schritt 8\" title=\"hotelomat-schritt10\" \/><\/a><\/li><li class=\"no_grayscale\"><a itemprop=\"image\" class=\"qode-prettyphoto\" href=\"https:\/\/www.hotelwallner.at\/wp2017\/wp-content\/uploads\/2021\/03\/hotelomat-schritt11-1024x1024.jpg\" data-rel=\"prettyPhoto[rel-17417-1142700618]\"><span class=\"gallery_hover\"><i class=\"fa fa-search\"><\/i><\/span><img loading=\"lazy\" decoding=\"async\" class=\"\" src=\"https:\/\/www.hotelwallner.at\/wp2017\/wp-content\/uploads\/2021\/03\/hotelomat-schritt11-250x150.jpg\" width=\"250\" height=\"150\" alt=\"Hotelomat Schritt 9\" title=\"hotelomat-schritt11\" \/><\/a><\/li><li class=\"no_grayscale\"><a itemprop=\"image\" class=\"qode-prettyphoto\" href=\"https:\/\/www.hotelwallner.at\/wp2017\/wp-content\/uploads\/2021\/03\/hotelomat-schritt12.jpg\" data-rel=\"prettyPhoto[rel-17417-1142700618]\"><span class=\"gallery_hover\"><i class=\"fa fa-search\"><\/i><\/span><img loading=\"lazy\" decoding=\"async\" class=\"\" src=\"https:\/\/www.hotelwallner.at\/wp2017\/wp-content\/uploads\/2021\/03\/hotelomat-schritt12-250x150.jpg\" width=\"250\" height=\"150\" alt=\"Hotelomat Schritt 10\" title=\"hotelomat-schritt12\" \/><\/a><\/li><li class=\"no_grayscale\"><a itemprop=\"image\" class=\"qode-prettyphoto\" href=\"https:\/\/www.hotelwallner.at\/wp2017\/wp-content\/uploads\/2021\/03\/hotelomat-schritt13-1024x1024.jpg\" data-rel=\"prettyPhoto[rel-17417-1142700618]\"><span class=\"gallery_hover\"><i class=\"fa fa-search\"><\/i><\/span><img loading=\"lazy\" decoding=\"async\" class=\"\" src=\"https:\/\/www.hotelwallner.at\/wp2017\/wp-content\/uploads\/2021\/03\/hotelomat-schritt13-250x150.jpg\" width=\"250\" height=\"150\" alt=\"Hotelomat Schritt 11\" title=\"hotelomat-schritt13\" \/><\/a><\/li><li class=\"no_grayscale\"><a itemprop=\"image\" class=\"qode-prettyphoto\" href=\"https:\/\/www.hotelwallner.at\/wp2017\/wp-content\/uploads\/2021\/03\/hotelomat-schritt14-1024x1024.jpg\" data-rel=\"prettyPhoto[rel-17417-1142700618]\"><span class=\"gallery_hover\"><i class=\"fa fa-search\"><\/i><\/span><img loading=\"lazy\" decoding=\"async\" class=\"\" src=\"https:\/\/www.hotelwallner.at\/wp2017\/wp-content\/uploads\/2021\/03\/hotelomat-schritt14-250x150.jpg\" width=\"250\" height=\"150\" alt=\"Hotelomat Schritt 11b\" title=\"hotelomat-schritt14\" \/><\/a><\/li><\/ul><\/div><\/div><\/div><\/div><\/div><\/div><\/div><\/div><\/div><div      class=\"vc_row wpb_row section vc_row-fluid\" style=' text-align:left;'><div class=\"full_section_inner clearfix\"><div class=\"wpb_column vc_column_container vc_col-sm-12\"><div class=\"vc_column-inner\"><div class=\"wpb_wrapper\">\t<div class=\"vc_empty_space\"  style=\"height: 32px\" ><span\n\t\t\tclass=\"vc_empty_space_inner\">\n\t\t\t<span class=\"empty_space_image\"  ><\/span>\n\t\t<\/span><\/div>\n\n<a  itemprop=\"url\" href=\"kontakt-anreise\/\" target=\"_self\"  class=\"qbutton  center default\" style=\"margin: 0 auto; \">Noch Fragen offen? Im Notfall erreichen Sie uns hier!<\/a>\t<div class=\"vc_empty_space\"  style=\"height: 32px\" ><span\n\t\t\tclass=\"vc_empty_space_inner\">\n\t\t\t<span class=\"empty_space_image\"  ><\/span>\n\t\t<\/span><\/div>\n\n\t<div class=\"vc_empty_space\"  style=\"height: 32px\" ><span\n\t\t\tclass=\"vc_empty_space_inner\">\n\t\t\t<span class=\"empty_space_image\"  ><\/span>\n\t\t<\/span><\/div>\n\n<\/div><\/div><\/div><\/div><\/div>","protected":false},"excerpt":{"rendered":"Hotelomat - Check-in mit Reservierung Ihr Zimmer ist ab 14:00 Uhr bezugsfertig, Abreise bitte bis 11:00 Uhr. Bezahlung erfolgt direkt am Automaten. Folgen Sie unserer Schritt-f\u00fcr-Schritt-Anleitung: 1. Schritt: Sprache ausw\u00e4hlen 2. Schritt: Angabe, ob Reservierung gemacht 3. Schritt: Bei Buchung \u00fcber Homepage oder Buchungsplattform: Angabe...","protected":false},"author":3,"featured_media":0,"parent":0,"menu_order":12,"comment_status":"closed","ping_status":"closed","template":"","meta":{"footnotes":""},"yoast_head":"<!-- This site is optimized with the Yoast SEO plugin v22.3 - https:\/\/yoast.com\/wordpress\/plugins\/seo\/ -->\n<title>Hotelomat - CheckIN mit Reservierung - Restaurant-Hotel Wallner zum gr\u00fcnen Baum<\/title>\n<meta name=\"robots\" content=\"index, follow, max-snippet:-1, max-image-preview:large, max-video-preview:-1\" \/>\n<link rel=\"canonical\" href=\"https:\/\/www.hotelwallner.at\/hu\/hotelomat-checkin-mit-reservierung\/\" \/>\n<meta property=\"og:locale\" content=\"hu_HU\" \/>\n<meta property=\"og:type\" content=\"article\" \/>\n<meta property=\"og:title\" content=\"Hotelomat - CheckIN mit Reservierung - Restaurant-Hotel Wallner zum gr\u00fcnen Baum\" \/>\n<meta property=\"og:url\" content=\"https:\/\/www.hotelwallner.at\/hu\/hotelomat-checkin-mit-reservierung\/\" \/>\n<meta property=\"og:site_name\" content=\"Restaurant-Hotel Wallner zum gr\u00fcnen Baum\" \/>\n<meta property=\"article:publisher\" content=\"https:\/\/www.facebook.com\/restauranthotelwallner\/\" \/>\n<meta name=\"twitter:card\" content=\"summary_large_image\" \/>\n<meta name=\"twitter:label1\" content=\"Becs\u00fclt olvas\u00e1si id\u0151\" \/>\n\t<meta name=\"twitter:data1\" content=\"2 perc\" \/>\n<script type=\"application\/ld+json\" class=\"yoast-schema-graph\">{\"@context\":\"https:\/\/schema.org\",\"@graph\":[{\"@type\":\"WebPage\",\"@id\":\"https:\/\/www.hotelwallner.at\/hotelomat-checkin-mit-reservierung\/\",\"url\":\"https:\/\/www.hotelwallner.at\/hotelomat-checkin-mit-reservierung\/\",\"name\":\"Hotelomat - CheckIN mit Reservierung - Restaurant-Hotel Wallner zum gr\u00fcnen Baum\",\"isPartOf\":{\"@id\":\"https:\/\/www.hotelwallner.at\/#website\"},\"datePublished\":\"2021-03-09T13:47:57+00:00\",\"dateModified\":\"2021-03-09T13:47:57+00:00\",\"breadcrumb\":{\"@id\":\"https:\/\/www.hotelwallner.at\/hotelomat-checkin-mit-reservierung\/#breadcrumb\"},\"inLanguage\":\"hu\",\"potentialAction\":[{\"@type\":\"ReadAction\",\"target\":[\"https:\/\/www.hotelwallner.at\/hotelomat-checkin-mit-reservierung\/\"]}]},{\"@type\":\"BreadcrumbList\",\"@id\":\"https:\/\/www.hotelwallner.at\/hotelomat-checkin-mit-reservierung\/#breadcrumb\",\"itemListElement\":[{\"@type\":\"ListItem\",\"position\":1,\"name\":\"Startseite\",\"item\":\"https:\/\/www.hotelwallner.at\/\"},{\"@type\":\"ListItem\",\"position\":2,\"name\":\"Hotelomat &#8211; CheckIN mit Reservierung\"}]},{\"@type\":\"WebSite\",\"@id\":\"https:\/\/www.hotelwallner.at\/#website\",\"url\":\"https:\/\/www.hotelwallner.at\/\",\"name\":\"Restaurant - Hotel Wallner\",\"description\":\"Ihr Hotel &amp; Restaurant in St. Valentin im Mostviertel\",\"publisher\":{\"@id\":\"https:\/\/www.hotelwallner.at\/#organization\"},\"potentialAction\":[{\"@type\":\"SearchAction\",\"target\":{\"@type\":\"EntryPoint\",\"urlTemplate\":\"https:\/\/www.hotelwallner.at\/?s={search_term_string}\"},\"query-input\":\"required name=search_term_string\"}],\"inLanguage\":\"hu\"},{\"@type\":\"Organization\",\"@id\":\"https:\/\/www.hotelwallner.at\/#organization\",\"name\":\"Restaurant-Hotel Wallner zum gr\u00fcnen Baum\",\"url\":\"https:\/\/www.hotelwallner.at\/\",\"logo\":{\"@type\":\"ImageObject\",\"inLanguage\":\"hu\",\"@id\":\"https:\/\/www.hotelwallner.at\/#\/schema\/logo\/image\/\",\"url\":\"https:\/\/www.hotelwallner.at\/wp2017\/wp-content\/uploads\/2015\/05\/wallner-Logo.png\",\"contentUrl\":\"https:\/\/www.hotelwallner.at\/wp2017\/wp-content\/uploads\/2015\/05\/wallner-Logo.png\",\"width\":500,\"height\":245,\"caption\":\"Restaurant-Hotel Wallner zum gr\u00fcnen Baum\"},\"image\":{\"@id\":\"https:\/\/www.hotelwallner.at\/#\/schema\/logo\/image\/\"},\"sameAs\":[\"https:\/\/www.facebook.com\/restauranthotelwallner\/\",\"https:\/\/www.instagram.com\/restaurant_hotel_wallner\/\"]}]}<\/script>\n<!-- \/ Yoast SEO plugin. -->","yoast_head_json":{"title":"Hotelomat - CheckIN mit Reservierung - Restaurant-Hotel Wallner zum gr\u00fcnen Baum","robots":{"index":"index","follow":"follow","max-snippet":"max-snippet:-1","max-image-preview":"max-image-preview:large","max-video-preview":"max-video-preview:-1"},"canonical":"https:\/\/www.hotelwallner.at\/hu\/hotelomat-checkin-mit-reservierung\/","og_locale":"hu_HU","og_type":"article","og_title":"Hotelomat - CheckIN mit Reservierung - Restaurant-Hotel Wallner zum gr\u00fcnen Baum","og_url":"https:\/\/www.hotelwallner.at\/hu\/hotelomat-checkin-mit-reservierung\/","og_site_name":"Restaurant-Hotel Wallner zum gr\u00fcnen Baum","article_publisher":"https:\/\/www.facebook.com\/restauranthotelwallner\/","twitter_card":"summary_large_image","twitter_misc":{"Becs\u00fclt olvas\u00e1si id\u0151":"2 perc"},"schema":{"@context":"https:\/\/schema.org","@graph":[{"@type":"WebPage","@id":"https:\/\/www.hotelwallner.at\/hotelomat-checkin-mit-reservierung\/","url":"https:\/\/www.hotelwallner.at\/hotelomat-checkin-mit-reservierung\/","name":"Hotelomat - CheckIN mit Reservierung - Restaurant-Hotel Wallner zum gr\u00fcnen Baum","isPartOf":{"@id":"https:\/\/www.hotelwallner.at\/#website"},"datePublished":"2021-03-09T13:47:57+00:00","dateModified":"2021-03-09T13:47:57+00:00","breadcrumb":{"@id":"https:\/\/www.hotelwallner.at\/hotelomat-checkin-mit-reservierung\/#breadcrumb"},"inLanguage":"hu","potentialAction":[{"@type":"ReadAction","target":["https:\/\/www.hotelwallner.at\/hotelomat-checkin-mit-reservierung\/"]}]},{"@type":"BreadcrumbList","@id":"https:\/\/www.hotelwallner.at\/hotelomat-checkin-mit-reservierung\/#breadcrumb","itemListElement":[{"@type":"ListItem","position":1,"name":"Startseite","item":"https:\/\/www.hotelwallner.at\/"},{"@type":"ListItem","position":2,"name":"Hotelomat &#8211; CheckIN mit Reservierung"}]},{"@type":"WebSite","@id":"https:\/\/www.hotelwallner.at\/#website","url":"https:\/\/www.hotelwallner.at\/","name":"Restaurant - Hotel Wallner","description":"Ihr Hotel &amp; Restaurant in St. Valentin im Mostviertel","publisher":{"@id":"https:\/\/www.hotelwallner.at\/#organization"},"potentialAction":[{"@type":"SearchAction","target":{"@type":"EntryPoint","urlTemplate":"https:\/\/www.hotelwallner.at\/?s={search_term_string}"},"query-input":"required name=search_term_string"}],"inLanguage":"hu"},{"@type":"Organization","@id":"https:\/\/www.hotelwallner.at\/#organization","name":"Restaurant-Hotel Wallner zum gr\u00fcnen Baum","url":"https:\/\/www.hotelwallner.at\/","logo":{"@type":"ImageObject","inLanguage":"hu","@id":"https:\/\/www.hotelwallner.at\/#\/schema\/logo\/image\/","url":"https:\/\/www.hotelwallner.at\/wp2017\/wp-content\/uploads\/2015\/05\/wallner-Logo.png","contentUrl":"https:\/\/www.hotelwallner.at\/wp2017\/wp-content\/uploads\/2015\/05\/wallner-Logo.png","width":500,"height":245,"caption":"Restaurant-Hotel Wallner zum gr\u00fcnen Baum"},"image":{"@id":"https:\/\/www.hotelwallner.at\/#\/schema\/logo\/image\/"},"sameAs":["https:\/\/www.facebook.com\/restauranthotelwallner\/","https:\/\/www.instagram.com\/restaurant_hotel_wallner\/"]}]}},"publishpress_future_action":{"enabled":false,"date":"2026-05-09 12:35:46","action":"change-status","newStatus":"draft","terms":[],"taxonomy":""},"_links":{"self":[{"href":"https:\/\/www.hotelwallner.at\/hu\/wp-json\/wp\/v2\/pages\/17417"}],"collection":[{"href":"https:\/\/www.hotelwallner.at\/hu\/wp-json\/wp\/v2\/pages"}],"about":[{"href":"https:\/\/www.hotelwallner.at\/hu\/wp-json\/wp\/v2\/types\/page"}],"author":[{"embeddable":true,"href":"https:\/\/www.hotelwallner.at\/hu\/wp-json\/wp\/v2\/users\/3"}],"replies":[{"embeddable":true,"href":"https:\/\/www.hotelwallner.at\/hu\/wp-json\/wp\/v2\/comments?post=17417"}],"version-history":[{"count":1,"href":"https:\/\/www.hotelwallner.at\/hu\/wp-json\/wp\/v2\/pages\/17417\/revisions"}],"predecessor-version":[{"id":17424,"href":"https:\/\/www.hotelwallner.at\/hu\/wp-json\/wp\/v2\/pages\/17417\/revisions\/17424"}],"wp:attachment":[{"href":"https:\/\/www.hotelwallner.at\/hu\/wp-json\/wp\/v2\/media?parent=17417"}],"curies":[{"name":"wp","href":"https:\/\/api.w.org\/{rel}","templated":true}]}}