{"id":16257,"date":"2015-05-05T06:12:07","date_gmt":"2015-05-05T06:12:07","guid":{"rendered":"http:\/\/www.hotelwallner.at\/?page_id=16257"},"modified":"2026-03-23T16:38:24","modified_gmt":"2026-03-23T15:38:24","slug":"restaurant","status":"publish","type":"page","link":"https:\/\/www.hotelwallner.at\/hu\/restaurant\/","title":{"rendered":"\u00c9tterem"},"content":{"rendered":"<div      class=\"vc_row wpb_row section vc_row-fluid\" style=' text-align:left;'><div class=\"full_section_inner clearfix\"><div class=\"wpb_column vc_column_container vc_col-sm-12\"><div class=\"vc_column-inner vc_custom_1430814516685\"><div class=\"wpb_wrapper\"><div class=\"wpb_gallery wpb_content_element vc_clearfix\"><div class=\"wpb_wrapper\"><div class=\"wpb_gallery_slides wpb_flexslider flexslider_fade flexslider\" data-interval=\"10\" data-flex_fx=\"fade\"><ul class=\"slides\"><li><img wpfc-lazyload-disable=\"true\" loading=\"lazy\" decoding=\"async\" class=\"\" src=\"https:\/\/www.hotelwallner.at\/wp2017\/wp-content\/uploads\/2015\/05\/Stueberl_Feierlichkeiten1-1000x400.jpg\" width=\"1000\" height=\"400\" alt=\"\u00dcnnep a fogad\u00f3 helyis\u00e9gben\" title=\"\u00dcnnep a fogad\u00f3 helyis\u00e9gben\" \/><\/li><li><img wpfc-lazyload-disable=\"true\" loading=\"lazy\" decoding=\"async\" class=\"\" src=\"https:\/\/www.hotelwallner.at\/wp2017\/wp-content\/uploads\/2015\/05\/Restaurant-Catering-Seminar-Hotel-Wallner-01-1000x400.jpg\" width=\"1000\" height=\"400\" alt=\"Restaurant Catering Seminar Hotel Wallner\" title=\"Restaurant Catering Seminar Hotel Wallner\" \/><\/li><li><img wpfc-lazyload-disable=\"true\" loading=\"lazy\" decoding=\"async\" class=\"\" src=\"https:\/\/www.hotelwallner.at\/wp2017\/wp-content\/uploads\/2015\/05\/Restaurant-Catering-Seminar-Hotel-Wallner-18-1000x400.jpg\" width=\"1000\" height=\"400\" alt=\"Restaurant Catering Seminar Hotel Wallner\" title=\"Restaurant Catering Seminar Hotel Wallner\" \/><\/li><li><img wpfc-lazyload-disable=\"true\" loading=\"lazy\" decoding=\"async\" class=\"\" src=\"https:\/\/www.hotelwallner.at\/wp2017\/wp-content\/uploads\/2016\/01\/IMG_0880-1000x400.jpg\" width=\"1000\" height=\"400\" alt=\"Schank im Restaurant zum gr\u00fcnen Baum\" title=\"Schank im Restaurant zum gr\u00fcnen Baum\" \/><\/li><li><img wpfc-lazyload-disable=\"true\" loading=\"lazy\" decoding=\"async\" class=\"\" src=\"https:\/\/www.hotelwallner.at\/wp2017\/wp-content\/uploads\/2016\/01\/IMG_0884-1000x400.jpg\" width=\"1000\" height=\"400\" alt=\"Feierlichkeiten im Restaurant in St. Valentin\" title=\"Feierlichkeiten im Restaurant in St. Valentin\" \/><\/li><li><img wpfc-lazyload-disable=\"true\" loading=\"lazy\" decoding=\"async\" class=\"\" src=\"https:\/\/www.hotelwallner.at\/wp2017\/wp-content\/uploads\/2016\/01\/IMG_1834-1000x400.jpg\" width=\"1000\" height=\"400\" alt=\"Restaurant zum gr\u00fcnen Baum\" title=\"Restaurant zum gr\u00fcnen Baum\" \/><\/li><\/ul><\/div><\/div><\/div><\/div><\/div><\/div><\/div><\/div><div      class=\"vc_row wpb_row section vc_row-fluid  vc_custom_1492016292084\" style=' text-align:left;'><div class=\"full_section_inner clearfix\"><div class=\"wpb_column vc_column_container vc_col-sm-12\"><div class=\"vc_column-inner\"><div class=\"wpb_wrapper\">\n\t<div class=\"wpb_text_column wpb_content_element\">\n\t\t<div class=\"wpb_wrapper\">\n\t\t\t<h1>Restaurant Wallner zum gr\u00fcnen Baum in St. Valentin<\/h1>\n\n\t\t<\/div> \n\t<\/div> <\/div><\/div><\/div><\/div><\/div><div      class=\"vc_row wpb_row section vc_row-fluid\" style=' text-align:left;'><div class=\"full_section_inner clearfix\"><div class=\"wpb_column vc_column_container vc_col-sm-8\"><div class=\"vc_column-inner\"><div class=\"wpb_wrapper\">\n\t<div class=\"wpb_text_column wpb_content_element  vc_custom_1740398814083\">\n\t\t<div class=\"wpb_wrapper\">\n\t\t\t<h2>F\u00fcr Ihr leibliches Wohl &#8211; das Restaurant im Mostviertel<\/h2>\n<p>\u00c9lvezze, hogy \u00e9tterm\u00fcnk \u00ednyencs\u00e9gei elk\u00e1pr\u00e1ztatj\u00e1k.<\/p>\n<p>A konyha szem\u00e9lyzete k\u00fcldet\u00e9sk\u00e9nt tekint arra, hogy \u00d6n\u00f6ket nap, mint nap a legfinomabb \u00e9telekkel v\u00e1rja. Az \u00e9vszakoknak megfelel\u0151en v\u00e1ltozik \u00e9tlapunk k\u00edn\u00e1lata. Tavasszal friss hal\u00e9teleinkkel, medvehagyma \u00e9s sp\u00e1rgaspecialit\u00e1sainkkal, \u0151sszel trad\u00edcion\u00e1lis vad\u00e9teleinkkel, falusi l\u00fad \u00e9s kacsa vari\u00e1ci\u00f3kkal b\u0151v\u00fcl k\u00edn\u00e1latunk.<\/p>\n<p>Konyh\u00e1nkban a legnagyobb odafigyel\u00e9st ford\u00edtjuk helyi \u00e9teleink megismertet\u00e9s\u00e9re, a hozz\u00e1val\u00f3k min\u0151s\u00e9g\u00e9re \u00e9s a v\u00e1ltozatos finom \u00edzekre. \u00c9letfiloz\u00f3fi\u00e1nk, hogy a vend\u00e9gek a legfinomabb \u00edzek megismer\u00e9s\u00e9vel, el\u00e9gedetten t\u00e1vozzanak.<\/p>\n<h2>\u00c0 la Carte Restaurant<\/h2>\n<p>Stilvoll essen und genie\u00dfen in St. Valentin beim Restaurant Wallner.<br \/>\nAz \u00e9tterem befogad\u00f3k\u00e9pess\u00e9ge 350 f\u0151, h\u00e1rom k\u00fcl\u00f6nb\u00f6z\u0151 teremben. V\u00e1laszthatnak a rusztikus fa fogad\u00f3, a Pavilon \u00e9s a rendezv\u00e9nyterem k\u00f6z\u00f6tt, amely mozgathat\u00f3 v\u00e1laszfalakkal is felszerelt. Ny\u00e1ron mad\u00e1rcsicserg\u00e9sben gazdag, \u00e1rny\u00e9kos kerthelyis\u00e9gben is v\u00e1rjuk az ide \u00e9rkez\u0151ket.<\/p>\n<p>Aufgrund der gro\u00dfen Nachfrage zur Mittagszeit am Sonntag, bitten wir Sie um rechtzeitige <a href=\"&#x6d;&#x61;&#x69;&#x6c;&#x74;&#x6f;&#x3a;&#x69;&#x6e;&#x66;&#x6f;&#x40;&#x7a;&#x75;&#x6d;&#x2d;&#x67;&#x72;&#x75;&#x65;&#x6e;&#x65;&#x6e;&#x2d;&#x62;&#x61;&#x75;&#x6d;&#x2e;&#x61;&#x74;\" target=\"_blank\" rel=\"noopener noreferrer\">Reservierung Ihres Tisches<\/a>.<\/p>\n<p>Gyors, \u00edzletes, friss. Eg\u00e9sz h\u00e9ten v\u00e1rjuk \u00d6n\u00f6ket gondosan megv\u00e1logatott men\u00fcv\u00e1laszt\u00e9kainkkal, amely minden \u00edzl\u00e9st kiel\u00e9g\u00edt.<\/p>\n<p>Az \u00f6sszes helyis\u00e9g klimatiz\u00e1lt.<\/p>\n<h2>Fogad\u00f3<\/h2>\n<p>A h\u00e1zunk magja a fogad\u00f3, amelyben mostvierteli vend\u00e9gszeretet \u00e9s bar\u00e1ts\u00e1gos kiszolg\u00e1l\u00e1s fogad minden vend\u00e9get. Egy hely a nagy besz\u00e9lget\u00e9sekre a t\u00e1rsas\u00e1gi \u00e9let kedvel\u0151inek. Egy hely, ahol az emberek megbesz\u00e9lik egym\u00e1ssal az \u00fajdons\u00e1gokat, uzsonna k\u00f6zben k\u00e1rty\u00e1znak vagy csak egy friss\u00edt\u0151 italt fogyasztanak el. Egy tal\u00e1lkoz\u00e1si pont, ahol fiatal \u00e9s id\u0151s,  t\u00f6rzsvend\u00e9gk\u00e9nt vagy ide l\u00e1togat\u00f3k\u00e9nt egy\u00fctt t\u00e1rsaloghat, sz\u00f3rakozhat.<\/p>\n<h2>Rendezv\u00e9nyterem<\/h2>\n<p>A nagyobb rendezv\u00e9nyek, mint lakodalom, keresztel\u0151, sz\u00fclet\u00e9snapi buli, c\u00e9ges \u00fcnneps\u00e9gek \u00e9s kar\u00e1csonyi \u00f6sszej\u00f6vetelek alkalm\u00e1val a fel\u00faj\u00edtott terem egy k\u00fcl\u00f6nleges hely az \u00fcnnepl\u00e9sre, a mozgathat\u00f3 v\u00e1laszfalak seg\u00edtenek a helys\u00e9g legpraktikusabb be\u00e1ll\u00edt\u00e1s\u00e1ban. A terem 190 f\u0151 befogad\u00e1s\u00e1ra alkalmas \u00e9s term\u00e9szetesen klimatiz\u00e1lt.<\/p>\n<p>A rendezv\u00e9nyek \u00e9s \u00fcnneps\u00e9gek mellett itt kapnak helyet a busszal \u00e9rkez\u0151 csoportok \u00e9s a szemin\u00e1riumok is. A hely hangsz\u00f3r\u00f3kkal felszerelt, sz\u00ednpad, mikrofon, Flipchart, kivet\u00edt\u0151 v\u00e1szon, projektor stb. \u00e1ll rendelkez\u00e9sre.<\/p>\n<h2>Reggeliz\u0151terem<\/h2>\n<p>Az alkalomnak megfelel\u0151en dekor\u00e1lt term\u00fcnk gondoskodik a vid\u00e9ki melegs\u00e9g, a falusias s\u00e1rm, a  bar\u00e1ts\u00e1gos hangulat megteremt\u00e9s\u00e9r\u0151l. A k\u00e9nyelmes, zavartalan \u00f6sszej\u00f6vetel megtart\u00e1s\u00e1ra alkalmas kit\u0171n\u0151 helyis\u00e9g b\u00e1rmilyen jelleg\u0171 rendezv\u00e9nynek megfelel. A terem befogad\u00f3k\u00e9pess\u00e9ge 40 f\u0151. \u00c9lvezze az \u0151szinte vend\u00e9gszeretetet, \u00e9s hagyja mag\u00e1t k\u00e9nyeztetni!<\/p>\n<h2>Kerthelyis\u00e9g<\/h2>\n<p>Mi lehet remekebb, mint egy ny\u00e1ri napon egy finom \u00e9telt elfogyasztani a friss leveg\u0151n. A kerthelyis\u00e9gben a v\u00e1ros zaj\u00e1t felv\u00e1ltja a mad\u00e1rcsicserg\u00e9s. Egy finom \u00e9telt, egy friss\u00edt\u0151 fr\u00f6ccs\u00f6t vagy egy hideg s\u00f6rt k\u00edn\u00e1lunk \u00d6nnek a szabadt\u00e9ri utaz\u00e1sra St. Valentinban.<\/p>\n<p>Planen Sie eine Feierlichkeit wie z.B. Hochzeits- oder Weihnachtsfeier, dann schauen Sie zu <a href=\"https:\/\/www.hotelwallner.at\/feiern-hochzeiten-geburtstag-restaurant\/\" target=\"_blank\" rel=\"noopener\">FESTE FEIERN<\/a> im Restaurant Wallner.<\/p>\n\n\t\t<\/div> \n\t<\/div> <\/div><\/div><\/div><div class=\"wpb_column vc_column_container vc_col-sm-4\"><div class=\"vc_column-inner\"><div class=\"wpb_wrapper\">\n\t<div class=\"wpb_text_column wpb_content_element\">\n\t\t<div class=\"wpb_wrapper\">\n\t\t\t<p><strong>Nyitvatart\u00e1si id\u0151<\/strong><\/p>\n<p>Mo &#8211; Mi: 07:00 \u2013 14:00 und 17:00 &#8211; 22:00<br \/>\nFr &#8211; Sa: 07:00 \u2013 14:00 und 17:00 &#8211; 23:00<br \/>\nSo und feiertags: 07:00 \u2013 14:00<\/p>\n<p>Donnerstags Ruhetag<br \/>\n<em>(f\u00fcr Gruppen ab 25 Personen<\/em><br \/>\n<em>nach Voranmeldung ge\u00f6ffnet)<\/em><\/p>\n<p><strong>Meleg konyha<\/strong><\/p>\n<p>Mo-Mi: 10:00 \u2013 14:00 und 17:00 \u2013 20:30<br \/>\nFr &#8211; Sa: 10:00 \u2013 14:00 und 17:00 &#8211; 20:30<br \/>\nSo und feiertags: 10:00 \u2013 14:00<br \/>\nDonnerstags Ruhetag<\/p>\n<p><a href=\"https:\/\/www.hotelwallner.at\/wp2017\/wp-content\/uploads\/2026\/03\/wallner_speisekarte_frucc88hling_2026.pdf\">zur aktuellen Fr\u00fchlings-Speisekarte<\/a><\/p>\n\n\t\t<\/div> \n\t<\/div> \t<div class=\"vc_empty_space\"  style=\"height: 32px\" ><span\n\t\t\tclass=\"vc_empty_space_inner\">\n\t\t\t<span class=\"empty_space_image\"  ><\/span>\n\t\t<\/span><\/div>\n\n<\/div><\/div><\/div><\/div><\/div><div      class=\"vc_row wpb_row section vc_row-fluid\" style=' text-align:left;'><div class=\"full_section_inner clearfix\"><div class=\"wpb_column vc_column_container vc_col-sm-12\"><div class=\"vc_column-inner\"><div class=\"wpb_wrapper\">\t<div class=\"vc_empty_space\"  style=\"height: 32px\" ><span\n\t\t\tclass=\"vc_empty_space_inner\">\n\t\t\t<span class=\"empty_space_image\"  ><\/span>\n\t\t<\/span><\/div>\n\n<a  itemprop=\"url\" href=\"https:\/\/www.hotelwallner.at\/wp2017\/wp-content\/uploads\/2026\/03\/wallner_speisekarte_frucc88hling_2026.pdf\" target=\"_self\"  class=\"qbutton  center default\" style=\"margin: 0 auto; \">zur aktuellen Speisekarte<\/a>\t<div class=\"vc_empty_space\"  style=\"height: 32px\" ><span\n\t\t\tclass=\"vc_empty_space_inner\">\n\t\t\t<span class=\"empty_space_image\"  ><\/span>\n\t\t<\/span><\/div>\n\n<div class=\"wpb_gallery wpb_content_element vc_clearfix\"><div class=\"wpb_wrapper\"><div class=\"wpb_gallery_slides wpb_image_grid\" data-interval=\"3\"><div class=\"gallery_holder\"><ul class=\"gallery_inner gallery_with_space  v4\"><li class=\"no_grayscale\"><a itemprop=\"image\" class=\"qode-prettyphoto\" href=\"https:\/\/www.hotelwallner.at\/wp2017\/wp-content\/uploads\/2015\/05\/Restaurant-Catering-Seminar-Hotel-Wallner-02-1024x684.jpg\" data-rel=\"prettyPhoto[rel-16257-2073699925]\"><span class=\"gallery_hover\"><i class=\"fa fa-search\"><\/i><\/span><img loading=\"lazy\" decoding=\"async\" class=\"\" src=\"https:\/\/www.hotelwallner.at\/wp2017\/wp-content\/uploads\/2015\/05\/Restaurant-Catering-Seminar-Hotel-Wallner-02-250x150.jpg\" width=\"250\" height=\"150\" alt=\"Restaurant Catering Seminar Hotel Wallner\" title=\"Restaurant Catering Seminar Hotel Wallner\" \/><\/a><\/li><li class=\"no_grayscale\"><a itemprop=\"image\" class=\"qode-prettyphoto\" href=\"https:\/\/www.hotelwallner.at\/wp2017\/wp-content\/uploads\/2015\/05\/Restaurant-Catering-Seminar-Hotel-Wallner-03.jpg\" data-rel=\"prettyPhoto[rel-16257-2073699925]\"><span class=\"gallery_hover\"><i class=\"fa fa-search\"><\/i><\/span><img loading=\"lazy\" decoding=\"async\" class=\"\" src=\"https:\/\/www.hotelwallner.at\/wp2017\/wp-content\/uploads\/2015\/05\/Restaurant-Catering-Seminar-Hotel-Wallner-03-250x150.jpg\" width=\"250\" height=\"150\" alt=\"Gedeckter Tisch im Hotel Wallner, St. Valentin\" title=\"Gedeckter Tisch im Hotel Wallner, St. Valentin\" \/><\/a><\/li><li class=\"no_grayscale\"><a itemprop=\"image\" class=\"qode-prettyphoto\" href=\"https:\/\/www.hotelwallner.at\/wp2017\/wp-content\/uploads\/2015\/05\/Restaurant-Catering-Seminar-Hotel-Wallner-14-1024x640.jpg\" data-rel=\"prettyPhoto[rel-16257-2073699925]\"><span class=\"gallery_hover\"><i class=\"fa fa-search\"><\/i><\/span><img loading=\"lazy\" decoding=\"async\" class=\"\" src=\"https:\/\/www.hotelwallner.at\/wp2017\/wp-content\/uploads\/2015\/05\/Restaurant-Catering-Seminar-Hotel-Wallner-14-250x150.jpg\" width=\"250\" height=\"150\" alt=\"Rendezv\u00e9nyterem a Wallner \u00c9tteremben, St. Valentinben\" title=\"Rendezv\u00e9nyterem a Wallner \u00c9tteremben, St. Valentinben\" \/><\/a><\/li><li class=\"no_grayscale\"><a itemprop=\"image\" class=\"qode-prettyphoto\" href=\"https:\/\/www.hotelwallner.at\/wp2017\/wp-content\/uploads\/2015\/05\/Restaurant-Catering-Seminar-Hotel-Wallner-18-1024x640.jpg\" data-rel=\"prettyPhoto[rel-16257-2073699925]\"><span class=\"gallery_hover\"><i class=\"fa fa-search\"><\/i><\/span><img loading=\"lazy\" decoding=\"async\" class=\"\" src=\"https:\/\/www.hotelwallner.at\/wp2017\/wp-content\/uploads\/2015\/05\/Restaurant-Catering-Seminar-Hotel-Wallner-18-250x150.jpg\" width=\"250\" height=\"150\" alt=\"Restaurant Catering Seminar Hotel Wallner\" title=\"Restaurant Catering Seminar Hotel Wallner\" \/><\/a><\/li><li class=\"no_grayscale\"><a itemprop=\"image\" class=\"qode-prettyphoto\" href=\"https:\/\/www.hotelwallner.at\/wp2017\/wp-content\/uploads\/2015\/05\/Restaurant-Catering-Seminar-Hotel-Wallner-01-1024x574.jpg\" data-rel=\"prettyPhoto[rel-16257-2073699925]\"><span class=\"gallery_hover\"><i class=\"fa fa-search\"><\/i><\/span><img loading=\"lazy\" decoding=\"async\" class=\"\" src=\"https:\/\/www.hotelwallner.at\/wp2017\/wp-content\/uploads\/2015\/05\/Restaurant-Catering-Seminar-Hotel-Wallner-01-250x150.jpg\" width=\"250\" height=\"150\" alt=\"Restaurant Catering Seminar Hotel Wallner\" title=\"Restaurant Catering Seminar Hotel Wallner\" \/><\/a><\/li><li class=\"no_grayscale\"><a itemprop=\"image\" class=\"qode-prettyphoto\" href=\"https:\/\/www.hotelwallner.at\/wp2017\/wp-content\/uploads\/2015\/05\/Stueberl_Feierlichkeiten1-1024x751.jpg\" data-rel=\"prettyPhoto[rel-16257-2073699925]\"><span class=\"gallery_hover\"><i class=\"fa fa-search\"><\/i><\/span><img loading=\"lazy\" decoding=\"async\" class=\"\" src=\"https:\/\/www.hotelwallner.at\/wp2017\/wp-content\/uploads\/2015\/05\/Stueberl_Feierlichkeiten1-250x150.jpg\" width=\"250\" height=\"150\" alt=\"\u00dcnnep a fogad\u00f3 helyis\u00e9gben\" title=\"\u00dcnnep a fogad\u00f3 helyis\u00e9gben\" \/><\/a><\/li><li class=\"no_grayscale\"><a itemprop=\"image\" class=\"qode-prettyphoto\" href=\"https:\/\/www.hotelwallner.at\/wp2017\/wp-content\/uploads\/2016\/01\/Garten1-1024x631.jpg\" data-rel=\"prettyPhoto[rel-16257-2073699925]\"><span class=\"gallery_hover\"><i class=\"fa fa-search\"><\/i><\/span><img loading=\"lazy\" decoding=\"async\" class=\"\" src=\"https:\/\/www.hotelwallner.at\/wp2017\/wp-content\/uploads\/2016\/01\/Garten1-250x150.jpg\" width=\"250\" height=\"150\" alt=\"Gastgarten zum gr\u00fcnen Baum in St. Valentin\" title=\"Gastgarten zum gr\u00fcnen Baum in St. Valentin\" \/><\/a><\/li><li class=\"no_grayscale\"><a itemprop=\"image\" class=\"qode-prettyphoto\" href=\"https:\/\/www.hotelwallner.at\/wp2017\/wp-content\/uploads\/2015\/05\/Restaurant-Catering-Seminar-Hotel-Wallner-22-1024x812.jpg\" data-rel=\"prettyPhoto[rel-16257-2073699925]\"><span class=\"gallery_hover\"><i class=\"fa fa-search\"><\/i><\/span><img loading=\"lazy\" decoding=\"async\" class=\"\" src=\"https:\/\/www.hotelwallner.at\/wp2017\/wp-content\/uploads\/2015\/05\/Restaurant-Catering-Seminar-Hotel-Wallner-22-250x150.jpg\" width=\"250\" height=\"150\" alt=\"A Wallner Hotel \u00e9s \u00c9tterem csapata\" title=\"A Wallner Hotel \u00e9s \u00c9tterem csapata\" \/><\/a><\/li><li class=\"no_grayscale\"><a itemprop=\"image\" class=\"qode-prettyphoto\" href=\"https:\/\/www.hotelwallner.at\/wp2017\/wp-content\/uploads\/2016\/01\/Pavillon2-720x1024.jpg\" data-rel=\"prettyPhoto[rel-16257-2073699925]\"><span class=\"gallery_hover\"><i class=\"fa fa-search\"><\/i><\/span><img loading=\"lazy\" decoding=\"async\" class=\"\" src=\"https:\/\/www.hotelwallner.at\/wp2017\/wp-content\/uploads\/2016\/01\/Pavillon2-250x150.jpg\" width=\"250\" height=\"150\" alt=\"Pavillon zum gr\u00fcnen Baum in St. Valentin\" title=\"Pavillon zum gr\u00fcnen Baum in St. Valentin\" \/><\/a><\/li><li class=\"no_grayscale\"><a itemprop=\"image\" class=\"qode-prettyphoto\" href=\"https:\/\/www.hotelwallner.at\/wp2017\/wp-content\/uploads\/2016\/01\/IMG_0884-1024x768.jpg\" data-rel=\"prettyPhoto[rel-16257-2073699925]\"><span class=\"gallery_hover\"><i class=\"fa fa-search\"><\/i><\/span><img loading=\"lazy\" decoding=\"async\" class=\"\" src=\"https:\/\/www.hotelwallner.at\/wp2017\/wp-content\/uploads\/2016\/01\/IMG_0884-250x150.jpg\" width=\"250\" height=\"150\" alt=\"Feierlichkeiten im Restaurant in St. Valentin\" title=\"Feierlichkeiten im Restaurant in St. Valentin\" \/><\/a><\/li><\/ul><\/div><\/div><\/div><\/div><\/div><\/div><\/div><\/div><\/div><div      class=\"vc_row wpb_row section vc_row-fluid\" style=' text-align:left;'><div class=\"full_section_inner clearfix\"><div class=\"wpb_column vc_column_container vc_col-sm-12\"><div class=\"vc_column-inner\"><div class=\"wpb_wrapper\">\n\t<div class=\"wpb_text_column wpb_content_element\">\n\t\t<div class=\"wpb_wrapper\">\n\t\t\t\n\t\t<\/div> \n\t<\/div> <\/div><\/div><\/div><\/div><\/div><div      class=\"vc_row wpb_row section vc_row-fluid\" style=' text-align:left;'><div class=\"full_section_inner clearfix\"><div class=\"wpb_column vc_column_container vc_col-sm-12\"><div class=\"vc_column-inner\"><div class=\"wpb_wrapper\">\t<div class=\"vc_empty_space\"  style=\"height: 32px\" ><span\n\t\t\tclass=\"vc_empty_space_inner\">\n\t\t\t<span class=\"empty_space_image\"  ><\/span>\n\t\t<\/span><\/div>\n\n<a  itemprop=\"url\" href=\"\/feiern-hochzeiten-geburtstag-restaurant\" target=\"_self\"  class=\"qbutton  center default\" style=\"margin: 0 auto; \">\u00dcnnepeljen a Wallner Hotel \u00e9s \u00c9tteremben<\/a>\t<div class=\"vc_empty_space\"  style=\"height: 32px\" ><span\n\t\t\tclass=\"vc_empty_space_inner\">\n\t\t\t<span class=\"empty_space_image\"  ><\/span>\n\t\t<\/span><\/div>\n\n\t<div class=\"vc_empty_space\"  style=\"height: 32px\" ><span\n\t\t\tclass=\"vc_empty_space_inner\">\n\t\t\t<span class=\"empty_space_image\"  ><\/span>\n\t\t<\/span><\/div>\n\n<\/div><\/div><\/div><\/div><\/div><div      class=\"vc_row wpb_row section vc_row-fluid\" style=' text-align:left;'><div class=\"full_section_inner clearfix\"><div class=\"wpb_column vc_column_container vc_col-sm-12\"><div class=\"vc_column-inner\"><div class=\"wpb_wrapper\">\n\t<div class=\"wpb_text_column wpb_content_element\">\n\t\t<div class=\"wpb_wrapper\">\n\t\t\t\n\t\t<\/div> \n\t<\/div> <\/div><\/div><\/div><\/div><\/div>","protected":false},"excerpt":{"rendered":"Restaurant Wallner zum gr\u00fcnen Baum in St. Valentin F\u00fcr Ihr leibliches Wohl - das Restaurant im Mostviertel Lassen Sie sich unsere k\u00f6stlichen Schmankerl im hauseigenen Restaurant auf der Zunge zergehen. Das K\u00fcchenteam hat sich der Mission verschrieben, Ihnen Tag f\u00fcr Tag Speisen, der Jahreszeit und...","protected":false},"author":1,"featured_media":0,"parent":0,"menu_order":5,"comment_status":"closed","ping_status":"closed","template":"","meta":{"footnotes":""},"yoast_head":"<!-- This site is optimized with the Yoast SEO plugin v22.3 - https:\/\/yoast.com\/wordpress\/plugins\/seo\/ -->\n<title>Restaurant - Restaurant-Hotel Wallner zum gr\u00fcnen Baum<\/title>\n<meta name=\"robots\" content=\"index, follow, max-snippet:-1, max-image-preview:large, max-video-preview:-1\" \/>\n<link rel=\"canonical\" href=\"https:\/\/www.hotelwallner.at\/hu\/restaurant\/\" \/>\n<meta property=\"og:locale\" content=\"hu_HU\" \/>\n<meta property=\"og:type\" content=\"article\" \/>\n<meta property=\"og:title\" content=\"Restaurant - Restaurant-Hotel Wallner zum gr\u00fcnen Baum\" \/>\n<meta property=\"og:url\" content=\"https:\/\/www.hotelwallner.at\/hu\/restaurant\/\" \/>\n<meta property=\"og:site_name\" content=\"Restaurant-Hotel Wallner zum gr\u00fcnen Baum\" \/>\n<meta property=\"article:publisher\" content=\"https:\/\/www.facebook.com\/restauranthotelwallner\/\" \/>\n<meta property=\"article:modified_time\" content=\"2026-03-23T15:38:24+00:00\" \/>\n<meta name=\"twitter:card\" content=\"summary_large_image\" \/>\n<meta name=\"twitter:label1\" content=\"Becs\u00fclt olvas\u00e1si id\u0151\" \/>\n\t<meta name=\"twitter:data1\" content=\"4 perc\" \/>\n<script type=\"application\/ld+json\" class=\"yoast-schema-graph\">{\"@context\":\"https:\/\/schema.org\",\"@graph\":[{\"@type\":\"WebPage\",\"@id\":\"https:\/\/www.hotelwallner.at\/restaurant\/\",\"url\":\"https:\/\/www.hotelwallner.at\/restaurant\/\",\"name\":\"Restaurant - Restaurant-Hotel Wallner zum gr\u00fcnen Baum\",\"isPartOf\":{\"@id\":\"https:\/\/www.hotelwallner.at\/#website\"},\"datePublished\":\"2015-05-05T06:12:07+00:00\",\"dateModified\":\"2026-03-23T15:38:24+00:00\",\"breadcrumb\":{\"@id\":\"https:\/\/www.hotelwallner.at\/restaurant\/#breadcrumb\"},\"inLanguage\":\"hu\",\"potentialAction\":[{\"@type\":\"ReadAction\",\"target\":[\"https:\/\/www.hotelwallner.at\/restaurant\/\"]}]},{\"@type\":\"BreadcrumbList\",\"@id\":\"https:\/\/www.hotelwallner.at\/restaurant\/#breadcrumb\",\"itemListElement\":[{\"@type\":\"ListItem\",\"position\":1,\"name\":\"Startseite\",\"item\":\"https:\/\/www.hotelwallner.at\/\"},{\"@type\":\"ListItem\",\"position\":2,\"name\":\"Restaurant\"}]},{\"@type\":\"WebSite\",\"@id\":\"https:\/\/www.hotelwallner.at\/#website\",\"url\":\"https:\/\/www.hotelwallner.at\/\",\"name\":\"Restaurant - Hotel Wallner\",\"description\":\"Ihr Hotel &amp; Restaurant in St. Valentin im Mostviertel\",\"publisher\":{\"@id\":\"https:\/\/www.hotelwallner.at\/#organization\"},\"potentialAction\":[{\"@type\":\"SearchAction\",\"target\":{\"@type\":\"EntryPoint\",\"urlTemplate\":\"https:\/\/www.hotelwallner.at\/?s={search_term_string}\"},\"query-input\":\"required name=search_term_string\"}],\"inLanguage\":\"hu\"},{\"@type\":\"Organization\",\"@id\":\"https:\/\/www.hotelwallner.at\/#organization\",\"name\":\"Restaurant-Hotel Wallner zum gr\u00fcnen Baum\",\"url\":\"https:\/\/www.hotelwallner.at\/\",\"logo\":{\"@type\":\"ImageObject\",\"inLanguage\":\"hu\",\"@id\":\"https:\/\/www.hotelwallner.at\/#\/schema\/logo\/image\/\",\"url\":\"https:\/\/www.hotelwallner.at\/wp2017\/wp-content\/uploads\/2015\/05\/wallner-Logo.png\",\"contentUrl\":\"https:\/\/www.hotelwallner.at\/wp2017\/wp-content\/uploads\/2015\/05\/wallner-Logo.png\",\"width\":500,\"height\":245,\"caption\":\"Restaurant-Hotel Wallner zum gr\u00fcnen Baum\"},\"image\":{\"@id\":\"https:\/\/www.hotelwallner.at\/#\/schema\/logo\/image\/\"},\"sameAs\":[\"https:\/\/www.facebook.com\/restauranthotelwallner\/\",\"https:\/\/www.instagram.com\/restaurant_hotel_wallner\/\"]}]}<\/script>\n<!-- \/ Yoast SEO plugin. -->","yoast_head_json":{"title":"Restaurant - Restaurant-Hotel Wallner zum gr\u00fcnen Baum","robots":{"index":"index","follow":"follow","max-snippet":"max-snippet:-1","max-image-preview":"max-image-preview:large","max-video-preview":"max-video-preview:-1"},"canonical":"https:\/\/www.hotelwallner.at\/hu\/restaurant\/","og_locale":"hu_HU","og_type":"article","og_title":"Restaurant - Restaurant-Hotel Wallner zum gr\u00fcnen Baum","og_url":"https:\/\/www.hotelwallner.at\/hu\/restaurant\/","og_site_name":"Restaurant-Hotel Wallner zum gr\u00fcnen Baum","article_publisher":"https:\/\/www.facebook.com\/restauranthotelwallner\/","article_modified_time":"2026-03-23T15:38:24+00:00","twitter_card":"summary_large_image","twitter_misc":{"Becs\u00fclt olvas\u00e1si id\u0151":"4 perc"},"schema":{"@context":"https:\/\/schema.org","@graph":[{"@type":"WebPage","@id":"https:\/\/www.hotelwallner.at\/restaurant\/","url":"https:\/\/www.hotelwallner.at\/restaurant\/","name":"Restaurant - Restaurant-Hotel Wallner zum gr\u00fcnen Baum","isPartOf":{"@id":"https:\/\/www.hotelwallner.at\/#website"},"datePublished":"2015-05-05T06:12:07+00:00","dateModified":"2026-03-23T15:38:24+00:00","breadcrumb":{"@id":"https:\/\/www.hotelwallner.at\/restaurant\/#breadcrumb"},"inLanguage":"hu","potentialAction":[{"@type":"ReadAction","target":["https:\/\/www.hotelwallner.at\/restaurant\/"]}]},{"@type":"BreadcrumbList","@id":"https:\/\/www.hotelwallner.at\/restaurant\/#breadcrumb","itemListElement":[{"@type":"ListItem","position":1,"name":"Startseite","item":"https:\/\/www.hotelwallner.at\/"},{"@type":"ListItem","position":2,"name":"Restaurant"}]},{"@type":"WebSite","@id":"https:\/\/www.hotelwallner.at\/#website","url":"https:\/\/www.hotelwallner.at\/","name":"Restaurant - Hotel Wallner","description":"Ihr Hotel &amp; Restaurant in St. Valentin im Mostviertel","publisher":{"@id":"https:\/\/www.hotelwallner.at\/#organization"},"potentialAction":[{"@type":"SearchAction","target":{"@type":"EntryPoint","urlTemplate":"https:\/\/www.hotelwallner.at\/?s={search_term_string}"},"query-input":"required name=search_term_string"}],"inLanguage":"hu"},{"@type":"Organization","@id":"https:\/\/www.hotelwallner.at\/#organization","name":"Restaurant-Hotel Wallner zum gr\u00fcnen Baum","url":"https:\/\/www.hotelwallner.at\/","logo":{"@type":"ImageObject","inLanguage":"hu","@id":"https:\/\/www.hotelwallner.at\/#\/schema\/logo\/image\/","url":"https:\/\/www.hotelwallner.at\/wp2017\/wp-content\/uploads\/2015\/05\/wallner-Logo.png","contentUrl":"https:\/\/www.hotelwallner.at\/wp2017\/wp-content\/uploads\/2015\/05\/wallner-Logo.png","width":500,"height":245,"caption":"Restaurant-Hotel Wallner zum gr\u00fcnen Baum"},"image":{"@id":"https:\/\/www.hotelwallner.at\/#\/schema\/logo\/image\/"},"sameAs":["https:\/\/www.facebook.com\/restauranthotelwallner\/","https:\/\/www.instagram.com\/restaurant_hotel_wallner\/"]}]}},"publishpress_future_action":{"enabled":false,"date":"2026-04-22 01:46:18","action":"change-status","newStatus":"draft","terms":[],"taxonomy":""},"_links":{"self":[{"href":"https:\/\/www.hotelwallner.at\/hu\/wp-json\/wp\/v2\/pages\/16257"}],"collection":[{"href":"https:\/\/www.hotelwallner.at\/hu\/wp-json\/wp\/v2\/pages"}],"about":[{"href":"https:\/\/www.hotelwallner.at\/hu\/wp-json\/wp\/v2\/types\/page"}],"author":[{"embeddable":true,"href":"https:\/\/www.hotelwallner.at\/hu\/wp-json\/wp\/v2\/users\/1"}],"replies":[{"embeddable":true,"href":"https:\/\/www.hotelwallner.at\/hu\/wp-json\/wp\/v2\/comments?post=16257"}],"version-history":[{"count":62,"href":"https:\/\/www.hotelwallner.at\/hu\/wp-json\/wp\/v2\/pages\/16257\/revisions"}],"predecessor-version":[{"id":17794,"href":"https:\/\/www.hotelwallner.at\/hu\/wp-json\/wp\/v2\/pages\/16257\/revisions\/17794"}],"wp:attachment":[{"href":"https:\/\/www.hotelwallner.at\/hu\/wp-json\/wp\/v2\/media?parent=16257"}],"curies":[{"name":"wp","href":"https:\/\/api.w.org\/{rel}","templated":true}]}}