{"id":17774,"date":"2026-02-11T15:46:40","date_gmt":"2026-02-11T14:46:40","guid":{"rendered":"https:\/\/www.hotelwallner.at\/?page_id=17774"},"modified":"2026-03-23T11:15:09","modified_gmt":"2026-03-23T10:15:09","slug":"nachhaltigkeit-anreise","status":"publish","type":"page","link":"https:\/\/www.hotelwallner.at\/en\/nachhaltigkeit-anreise\/","title":{"rendered":"Klimafreundliche Anreise"},"content":{"rendered":"<div      class=\"vc_row wpb_row section vc_row-fluid\" style=' text-align:left;'><div class=\"full_section_inner clearfix\"><div class=\"wpb_column vc_column_container vc_col-sm-12\"><div class=\"vc_column-inner vc_custom_1430814516685\"><div class=\"wpb_wrapper\"><div class=\"wpb_gallery wpb_content_element vc_clearfix\"><div class=\"wpb_wrapper\"><div class=\"wpb_gallery_slides wpb_flexslider flexslider_fade flexslider\" data-interval=\"10\" data-flex_fx=\"fade\"><ul class=\"slides\"><li><img wpfc-lazyload-disable=\"true\" loading=\"lazy\" decoding=\"async\" class=\"\" src=\"https:\/\/www.hotelwallner.at\/wp2017\/wp-content\/uploads\/2026\/02\/dsc05625-1000x400.jpg\" width=\"1000\" height=\"400\" alt=\"Photovoltaik-Anlage im Hotel Wallner\" title=\"Photovoltaik-Anlage im Hotel Wallner\" \/><\/li><li><img wpfc-lazyload-disable=\"true\" loading=\"lazy\" decoding=\"async\" class=\"\" src=\"https:\/\/www.hotelwallner.at\/wp2017\/wp-content\/uploads\/2026\/02\/dsc05647-1000x400.jpg\" width=\"1000\" height=\"400\" alt=\"Photovoltaik-Anlage im Hotel Wallner\" title=\"Photovoltaik-Anlage im Hotel Wallner\" \/><\/li><li><img wpfc-lazyload-disable=\"true\" loading=\"lazy\" decoding=\"async\" class=\"\" src=\"https:\/\/www.hotelwallner.at\/wp2017\/wp-content\/uploads\/2026\/02\/dsc05602-1000x400.jpg\" width=\"1000\" height=\"400\" alt=\"PV-Anlage im Hotel Wallner\" title=\"PV-Anlage im Hotel Wallner\" \/><\/li><\/ul><\/div><\/div><\/div><\/div><\/div><\/div><\/div><\/div><div      class=\"vc_row wpb_row section vc_row-fluid  vc_custom_1492016292084\" style=' text-align:left;'><div class=\"full_section_inner clearfix\"><div class=\"wpb_column vc_column_container vc_col-sm-12\"><div class=\"vc_column-inner\"><div class=\"wpb_wrapper\">\n\t<div class=\"wpb_text_column wpb_content_element\">\n\t\t<div class=\"wpb_wrapper\">\n\t\t\t<h1>Klimafreundliche Anreise ins Mostviertel<\/h1>\n\n\t\t<\/div> \n\t<\/div> <\/div><\/div><\/div><\/div><\/div><div      class=\"vc_row wpb_row section vc_row-fluid\" style=' text-align:left;'><div class=\"full_section_inner clearfix\"><div class=\"wpb_column vc_column_container vc_col-sm-8\"><div class=\"vc_column-inner\"><div class=\"wpb_wrapper\">\n\t<div class=\"wpb_text_column wpb_content_element  vc_custom_1770821125085\">\n\t\t<div class=\"wpb_wrapper\">\n\t\t\t<p>Das <strong>Hotel &amp; Restaurant Wallner zum gr\u00fcnen Baum<\/strong> im Mostviertel ist zentral gelegen zwischen Salzburg &amp; Wien. Ideal f\u00fcr jede Art der Reise. Die verkehrsg\u00fcnstige Anbindung zur A1 Westautobahn garantiert eine unkomplizierte Anreise. Bei Ihrer Ankunft erwarten Sie kostenlose Parkpl\u00e4tze direkt bei unserem 3-Sterne-Hotel.<\/p>\n<p><strong>E-charging station<\/strong><br \/>\nThere is a modern electric fuel pump with two 22 kW connections (electric charging station, 32 A, type 2) for electric cars free of charge.<\/p>\n<p><strong>Arrive and plugin<\/strong><br \/>\nCharging your electric car is as quick and easy as it is at home!<\/p>\n<p>We are Tesla Destination Charging Partner, that\u2019s why we have our own Tesla charging station with two 22kW connections (1 Tesla charging station and one universal charging station). With the Destination Charger from Tesla, Tesla vehicles can be charged faster than other electric cars.<\/p>\n<p><em><strong>Arrival from Vienna and Salzburg:<\/strong><\/em><\/p>\n<p>West motorway A1 \/ E60<br \/>\nexit St. Valentin<br \/>\napprox. 1 km<\/p>\n<p><em><strong>Klimaneutrale Anreise mit der Bahn (\u00d6PNV)<\/strong><\/em><\/p>\n<p>Reisen Sie bequem und umweltfreundlich mit der Bahn bis St. Valentin \u2013<br \/>\nder Bahnhof St. Valentin liegt nur 100 Meter von unserem Hotel Wallner entfernt.<br \/>\nGerne holen wir Sie auf Wunsch mit unserem E-Fahrzeug oder<br \/>\neinem Taxiunternehmen unseres Vertrauens ab.<\/p>\n<p>F\u00fcr Firmeng\u00e4ste bieten wir zus\u00e4tzlich einen t\u00e4glichen Transfer zur Firma an.<br \/>\nInternationale G\u00e4ste k\u00f6nnen wir selbstverst\u00e4ndlich nach vorheriger Absprache<br \/>\ndirekt vom Bahnhof oder Flughafen abholen.<\/p>\n\n\t\t<\/div> \n\t<\/div> <\/div><\/div><\/div><div class=\"wpb_column vc_column_container vc_col-sm-4\"><div class=\"vc_column-inner\"><div class=\"wpb_wrapper\"><div class=\"wpb_gallery wpb_content_element vc_clearfix\"><div class=\"wpb_wrapper\"><div class=\"wpb_gallery_slides wpb_flexslider flexslider_fade flexslider\" data-interval=\"10\" data-flex_fx=\"fade\"><ul class=\"slides\"><li><img wpfc-lazyload-disable=\"true\" loading=\"lazy\" decoding=\"async\" class=\"\" src=\"https:\/\/www.hotelwallner.at\/wp2017\/wp-content\/uploads\/2026\/02\/csm_logo_umweltzeichen_greenhotel_8373f09ad0-900x400.jpg\" width=\"900\" height=\"400\" alt=\"Unser Weg zum Umweltzeichen\" title=\"Unser Weg zum Umweltzeichen\" \/><\/li><\/ul><\/div><\/div><\/div>\n\t<div class=\"wpb_text_column wpb_content_element\">\n\t\t<div class=\"wpb_wrapper\">\n\t\t\t<h3>Gr\u00fcn anreisen lohnt sich!<\/h3>\n<p>Sichern Sie sich <strong>5 % Direktbucher-Rabatt bei \u00dcbernachtung<\/strong>, wenn Sie umweltfreundlich mit Bahn*, Bus oder Fahrrad zu uns kommen.<br \/>\n<em>*Nachweis bei Check-in erforderlich<\/em><\/p>\n<p><em><strong>Nachhaltig unterwegs:<\/strong><\/em><\/p>\n<p>Bei einem Aufenthalt von 7 N\u00e4chten oder l\u00e4nger ist eine Vollladung Ihres E-Autos an unserer hauseigenen Ladestation bereits inkludiert.<\/p>\n<p>So starten Sie entspannt \u2013 und <strong>klimafreundlich<\/strong> \u2013 in Ihre Weiterreise.<\/p>\n\n\t\t<\/div> \n\t<\/div> \t<div class=\"vc_empty_space\"  style=\"height: 32px\" ><span\n\t\t\tclass=\"vc_empty_space_inner\">\n\t\t\t<span class=\"empty_space_image\"  ><\/span>\n\t\t<\/span><\/div>\n\n<\/div><\/div><\/div><\/div><\/div><div      class=\"vc_row wpb_row section vc_row-fluid\" style=' text-align:left;'><div class=\"full_section_inner clearfix\"><div class=\"wpb_column vc_column_container vc_col-sm-12\"><div class=\"vc_column-inner\"><div class=\"wpb_wrapper\">\t<div class=\"vc_empty_space\"  style=\"height: 32px\" ><span\n\t\t\tclass=\"vc_empty_space_inner\">\n\t\t\t<span class=\"empty_space_image\"  ><\/span>\n\t\t<\/span><\/div>\n\n<a  itemprop=\"url\" href=\"\/nachhaltigkeit\/\" target=\"_self\"  class=\"qbutton  center default\" style=\"margin: 0 auto; \">zur Nachhaltigkeit<\/a>\t<div class=\"vc_empty_space\"  style=\"height: 32px\" ><span\n\t\t\tclass=\"vc_empty_space_inner\">\n\t\t\t<span class=\"empty_space_image\"  ><\/span>\n\t\t<\/span><\/div>\n\n<div class=\"wpb_gallery wpb_content_element vc_clearfix\"><div class=\"wpb_wrapper\"><div class=\"wpb_gallery_slides wpb_image_grid\" data-interval=\"3\"><div class=\"gallery_holder\"><ul class=\"gallery_inner gallery_with_space  v4\"><li class=\"no_grayscale\"><a itemprop=\"image\" class=\"qode-prettyphoto\" href=\"https:\/\/www.hotelwallner.at\/wp2017\/wp-content\/uploads\/2026\/02\/0020_moststrasse_restaurant-hotel-wallner_20251007-19933-001-1024x683.jpg\" data-rel=\"prettyPhoto[rel-17774-2017552829]\"><span class=\"gallery_hover\"><i class=\"fa fa-search\"><\/i><\/span><img loading=\"lazy\" decoding=\"async\" class=\"\" src=\"https:\/\/www.hotelwallner.at\/wp2017\/wp-content\/uploads\/2026\/02\/0020_moststrasse_restaurant-hotel-wallner_20251007-19933-001-250x150.jpg\" width=\"250\" height=\"150\" alt=\"Stefan und Stefanie Wallner\" title=\"Stefan und Stefanie Wallner\" \/><\/a><\/li><li class=\"no_grayscale\"><a itemprop=\"image\" class=\"qode-prettyphoto\" href=\"https:\/\/www.hotelwallner.at\/wp2017\/wp-content\/uploads\/2026\/02\/0070_moststrasse_restaurant-hotel-wallner_20251007-19834-001-1024x683.jpg\" data-rel=\"prettyPhoto[rel-17774-2017552829]\"><span class=\"gallery_hover\"><i class=\"fa fa-search\"><\/i><\/span><img loading=\"lazy\" decoding=\"async\" class=\"\" src=\"https:\/\/www.hotelwallner.at\/wp2017\/wp-content\/uploads\/2026\/02\/0070_moststrasse_restaurant-hotel-wallner_20251007-19834-001-250x150.jpg\" width=\"250\" height=\"150\" alt=\"Stefan Wallner\" title=\"Stefan Wallner\" \/><\/a><\/li><li class=\"no_grayscale\"><a itemprop=\"image\" class=\"qode-prettyphoto\" href=\"https:\/\/www.hotelwallner.at\/wp2017\/wp-content\/uploads\/2026\/02\/0040_moststrasse_restaurant-hotel-wallner_20251007-19379-001-1024x683.jpg\" data-rel=\"prettyPhoto[rel-17774-2017552829]\"><span class=\"gallery_hover\"><i class=\"fa fa-search\"><\/i><\/span><img loading=\"lazy\" decoding=\"async\" class=\"\" src=\"https:\/\/www.hotelwallner.at\/wp2017\/wp-content\/uploads\/2026\/02\/0040_moststrasse_restaurant-hotel-wallner_20251007-19379-001-250x150.jpg\" width=\"250\" height=\"150\" alt=\"Patrick in der K\u00fcche vom Restaurant Wallner\" title=\"Patrick in der K\u00fcche vom Restaurant Wallner\" \/><\/a><\/li><li class=\"no_grayscale\"><a itemprop=\"image\" class=\"qode-prettyphoto\" href=\"https:\/\/www.hotelwallner.at\/wp2017\/wp-content\/uploads\/2026\/02\/0080_moststrasse_restaurant-hotel-wallner_20251007-19589-001-1024x683.jpg\" data-rel=\"prettyPhoto[rel-17774-2017552829]\"><span class=\"gallery_hover\"><i class=\"fa fa-search\"><\/i><\/span><img loading=\"lazy\" decoding=\"async\" class=\"\" src=\"https:\/\/www.hotelwallner.at\/wp2017\/wp-content\/uploads\/2026\/02\/0080_moststrasse_restaurant-hotel-wallner_20251007-19589-001-250x150.jpg\" width=\"250\" height=\"150\" alt=\"Stefanie Wallner\" title=\"Stefanie Wallner\" \/><\/a><\/li><\/ul><\/div><\/div><\/div><\/div><\/div><\/div><\/div><\/div><\/div><div      class=\"vc_row wpb_row section vc_row-fluid\" style=' text-align:left;'><div class=\"full_section_inner clearfix\"><div class=\"wpb_column vc_column_container vc_col-sm-12\"><div class=\"vc_column-inner\"><div class=\"wpb_wrapper\">\n\t<div class=\"wpb_text_column wpb_content_element\">\n\t\t<div class=\"wpb_wrapper\">\n\t\t\t\n\t\t<\/div> \n\t<\/div> <\/div><\/div><\/div><\/div><\/div><div      class=\"vc_row wpb_row section vc_row-fluid\" style=' text-align:left;'><div class=\"full_section_inner clearfix\"><div class=\"wpb_column vc_column_container vc_col-sm-12\"><div class=\"vc_column-inner\"><div class=\"wpb_wrapper\">\t<div class=\"vc_empty_space\"  style=\"height: 32px\" ><span\n\t\t\tclass=\"vc_empty_space_inner\">\n\t\t\t<span class=\"empty_space_image\"  ><\/span>\n\t\t<\/span><\/div>\n\n<a  itemprop=\"url\" href=\"\/mostviertel\" target=\"_self\"  class=\"qbutton  center default\" style=\"margin: 0 auto; \">Weiterst\u00f6bern: Unsere Region Mostviertel<\/a>\t<div class=\"vc_empty_space\"  style=\"height: 32px\" ><span\n\t\t\tclass=\"vc_empty_space_inner\">\n\t\t\t<span class=\"empty_space_image\"  ><\/span>\n\t\t<\/span><\/div>\n\n\t<div class=\"vc_empty_space\"  style=\"height: 32px\" ><span\n\t\t\tclass=\"vc_empty_space_inner\">\n\t\t\t<span class=\"empty_space_image\"  ><\/span>\n\t\t<\/span><\/div>\n\n<\/div><\/div><\/div><\/div><\/div><div      class=\"vc_row wpb_row section vc_row-fluid\" style=' text-align:left;'><div class=\"full_section_inner clearfix\"><div class=\"wpb_column vc_column_container vc_col-sm-12\"><div class=\"vc_column-inner\"><div class=\"wpb_wrapper\">\n\t<div class=\"wpb_text_column wpb_content_element\">\n\t\t<div class=\"wpb_wrapper\">\n\t\t\t\n\t\t<\/div> \n\t<\/div> <\/div><\/div><\/div><\/div><\/div>","protected":false},"excerpt":{"rendered":"Klimafreundliche Anreise ins Mostviertel Das Hotel &amp; Restaurant Wallner zum gr\u00fcnen Baum im Mostviertel ist zentral gelegen zwischen Salzburg &amp; Wien. Ideal f\u00fcr jede Art der Reise. Die verkehrsg\u00fcnstige Anbindung zur A1 Westautobahn garantiert eine unkomplizierte Anreise. Bei Ihrer Ankunft erwarten Sie kostenlose Parkpl\u00e4tze direkt...","protected":false},"author":3,"featured_media":0,"parent":0,"menu_order":5,"comment_status":"closed","ping_status":"closed","template":"","meta":{"footnotes":""},"yoast_head":"<!-- This site is optimized with the Yoast SEO plugin v22.3 - https:\/\/yoast.com\/wordpress\/plugins\/seo\/ -->\n<title>Klimafreundliche Anreise - Restaurant-Hotel Wallner zum gr\u00fcnen Baum<\/title>\n<meta name=\"robots\" content=\"index, follow, max-snippet:-1, max-image-preview:large, max-video-preview:-1\" \/>\n<link rel=\"canonical\" href=\"https:\/\/www.hotelwallner.at\/en\/nachhaltigkeit-anreise\/\" \/>\n<meta property=\"og:locale\" content=\"en_GB\" \/>\n<meta property=\"og:type\" content=\"article\" \/>\n<meta property=\"og:title\" content=\"Klimafreundliche Anreise - Restaurant-Hotel Wallner zum gr\u00fcnen Baum\" \/>\n<meta property=\"og:url\" content=\"https:\/\/www.hotelwallner.at\/en\/nachhaltigkeit-anreise\/\" \/>\n<meta property=\"og:site_name\" content=\"Restaurant-Hotel Wallner zum gr\u00fcnen Baum\" \/>\n<meta property=\"article:publisher\" content=\"https:\/\/www.facebook.com\/restauranthotelwallner\/\" \/>\n<meta property=\"article:modified_time\" content=\"2026-03-23T10:15:09+00:00\" \/>\n<meta name=\"twitter:card\" content=\"summary_large_image\" \/>\n<meta name=\"twitter:label1\" content=\"Estimated reading time\" \/>\n\t<meta name=\"twitter:data1\" content=\"3 minutes\" \/>\n<script type=\"application\/ld+json\" class=\"yoast-schema-graph\">{\"@context\":\"https:\/\/schema.org\",\"@graph\":[{\"@type\":\"WebPage\",\"@id\":\"https:\/\/www.hotelwallner.at\/nachhaltigkeit-anreise\/\",\"url\":\"https:\/\/www.hotelwallner.at\/nachhaltigkeit-anreise\/\",\"name\":\"Klimafreundliche Anreise - Restaurant-Hotel Wallner zum gr\u00fcnen Baum\",\"isPartOf\":{\"@id\":\"https:\/\/www.hotelwallner.at\/#website\"},\"datePublished\":\"2026-02-11T14:46:40+00:00\",\"dateModified\":\"2026-03-23T10:15:09+00:00\",\"breadcrumb\":{\"@id\":\"https:\/\/www.hotelwallner.at\/nachhaltigkeit-anreise\/#breadcrumb\"},\"inLanguage\":\"en-GB\",\"potentialAction\":[{\"@type\":\"ReadAction\",\"target\":[\"https:\/\/www.hotelwallner.at\/nachhaltigkeit-anreise\/\"]}]},{\"@type\":\"BreadcrumbList\",\"@id\":\"https:\/\/www.hotelwallner.at\/nachhaltigkeit-anreise\/#breadcrumb\",\"itemListElement\":[{\"@type\":\"ListItem\",\"position\":1,\"name\":\"Startseite\",\"item\":\"https:\/\/www.hotelwallner.at\/\"},{\"@type\":\"ListItem\",\"position\":2,\"name\":\"Klimafreundliche Anreise\"}]},{\"@type\":\"WebSite\",\"@id\":\"https:\/\/www.hotelwallner.at\/#website\",\"url\":\"https:\/\/www.hotelwallner.at\/\",\"name\":\"Restaurant - Hotel Wallner\",\"description\":\"Ihr Hotel &amp; Restaurant in St. Valentin im Mostviertel\",\"publisher\":{\"@id\":\"https:\/\/www.hotelwallner.at\/#organization\"},\"potentialAction\":[{\"@type\":\"SearchAction\",\"target\":{\"@type\":\"EntryPoint\",\"urlTemplate\":\"https:\/\/www.hotelwallner.at\/?s={search_term_string}\"},\"query-input\":\"required name=search_term_string\"}],\"inLanguage\":\"en-GB\"},{\"@type\":\"Organization\",\"@id\":\"https:\/\/www.hotelwallner.at\/#organization\",\"name\":\"Restaurant-Hotel Wallner zum gr\u00fcnen Baum\",\"url\":\"https:\/\/www.hotelwallner.at\/\",\"logo\":{\"@type\":\"ImageObject\",\"inLanguage\":\"en-GB\",\"@id\":\"https:\/\/www.hotelwallner.at\/#\/schema\/logo\/image\/\",\"url\":\"https:\/\/www.hotelwallner.at\/wp2017\/wp-content\/uploads\/2015\/05\/wallner-Logo.png\",\"contentUrl\":\"https:\/\/www.hotelwallner.at\/wp2017\/wp-content\/uploads\/2015\/05\/wallner-Logo.png\",\"width\":500,\"height\":245,\"caption\":\"Restaurant-Hotel Wallner zum gr\u00fcnen Baum\"},\"image\":{\"@id\":\"https:\/\/www.hotelwallner.at\/#\/schema\/logo\/image\/\"},\"sameAs\":[\"https:\/\/www.facebook.com\/restauranthotelwallner\/\",\"https:\/\/www.instagram.com\/restaurant_hotel_wallner\/\"]}]}<\/script>\n<!-- \/ Yoast SEO plugin. -->","yoast_head_json":{"title":"Klimafreundliche Anreise - Restaurant-Hotel Wallner zum gr\u00fcnen Baum","robots":{"index":"index","follow":"follow","max-snippet":"max-snippet:-1","max-image-preview":"max-image-preview:large","max-video-preview":"max-video-preview:-1"},"canonical":"https:\/\/www.hotelwallner.at\/en\/nachhaltigkeit-anreise\/","og_locale":"en_GB","og_type":"article","og_title":"Klimafreundliche Anreise - Restaurant-Hotel Wallner zum gr\u00fcnen Baum","og_url":"https:\/\/www.hotelwallner.at\/en\/nachhaltigkeit-anreise\/","og_site_name":"Restaurant-Hotel Wallner zum gr\u00fcnen Baum","article_publisher":"https:\/\/www.facebook.com\/restauranthotelwallner\/","article_modified_time":"2026-03-23T10:15:09+00:00","twitter_card":"summary_large_image","twitter_misc":{"Estimated reading time":"3 minutes"},"schema":{"@context":"https:\/\/schema.org","@graph":[{"@type":"WebPage","@id":"https:\/\/www.hotelwallner.at\/nachhaltigkeit-anreise\/","url":"https:\/\/www.hotelwallner.at\/nachhaltigkeit-anreise\/","name":"Klimafreundliche Anreise - Restaurant-Hotel Wallner zum gr\u00fcnen Baum","isPartOf":{"@id":"https:\/\/www.hotelwallner.at\/#website"},"datePublished":"2026-02-11T14:46:40+00:00","dateModified":"2026-03-23T10:15:09+00:00","breadcrumb":{"@id":"https:\/\/www.hotelwallner.at\/nachhaltigkeit-anreise\/#breadcrumb"},"inLanguage":"en-GB","potentialAction":[{"@type":"ReadAction","target":["https:\/\/www.hotelwallner.at\/nachhaltigkeit-anreise\/"]}]},{"@type":"BreadcrumbList","@id":"https:\/\/www.hotelwallner.at\/nachhaltigkeit-anreise\/#breadcrumb","itemListElement":[{"@type":"ListItem","position":1,"name":"Startseite","item":"https:\/\/www.hotelwallner.at\/"},{"@type":"ListItem","position":2,"name":"Klimafreundliche Anreise"}]},{"@type":"WebSite","@id":"https:\/\/www.hotelwallner.at\/#website","url":"https:\/\/www.hotelwallner.at\/","name":"Restaurant - Hotel Wallner","description":"Ihr Hotel &amp; Restaurant in St. Valentin im Mostviertel","publisher":{"@id":"https:\/\/www.hotelwallner.at\/#organization"},"potentialAction":[{"@type":"SearchAction","target":{"@type":"EntryPoint","urlTemplate":"https:\/\/www.hotelwallner.at\/?s={search_term_string}"},"query-input":"required name=search_term_string"}],"inLanguage":"en-GB"},{"@type":"Organization","@id":"https:\/\/www.hotelwallner.at\/#organization","name":"Restaurant-Hotel Wallner zum gr\u00fcnen Baum","url":"https:\/\/www.hotelwallner.at\/","logo":{"@type":"ImageObject","inLanguage":"en-GB","@id":"https:\/\/www.hotelwallner.at\/#\/schema\/logo\/image\/","url":"https:\/\/www.hotelwallner.at\/wp2017\/wp-content\/uploads\/2015\/05\/wallner-Logo.png","contentUrl":"https:\/\/www.hotelwallner.at\/wp2017\/wp-content\/uploads\/2015\/05\/wallner-Logo.png","width":500,"height":245,"caption":"Restaurant-Hotel Wallner zum gr\u00fcnen Baum"},"image":{"@id":"https:\/\/www.hotelwallner.at\/#\/schema\/logo\/image\/"},"sameAs":["https:\/\/www.facebook.com\/restauranthotelwallner\/","https:\/\/www.instagram.com\/restaurant_hotel_wallner\/"]}]}},"publishpress_future_action":{"enabled":false,"date":"2026-04-26 10:21:25","action":"change-status","newStatus":"draft","terms":[],"taxonomy":""},"_links":{"self":[{"href":"https:\/\/www.hotelwallner.at\/en\/wp-json\/wp\/v2\/pages\/17774"}],"collection":[{"href":"https:\/\/www.hotelwallner.at\/en\/wp-json\/wp\/v2\/pages"}],"about":[{"href":"https:\/\/www.hotelwallner.at\/en\/wp-json\/wp\/v2\/types\/page"}],"author":[{"embeddable":true,"href":"https:\/\/www.hotelwallner.at\/en\/wp-json\/wp\/v2\/users\/3"}],"replies":[{"embeddable":true,"href":"https:\/\/www.hotelwallner.at\/en\/wp-json\/wp\/v2\/comments?post=17774"}],"version-history":[{"count":8,"href":"https:\/\/www.hotelwallner.at\/en\/wp-json\/wp\/v2\/pages\/17774\/revisions"}],"predecessor-version":[{"id":17791,"href":"https:\/\/www.hotelwallner.at\/en\/wp-json\/wp\/v2\/pages\/17774\/revisions\/17791"}],"wp:attachment":[{"href":"https:\/\/www.hotelwallner.at\/en\/wp-json\/wp\/v2\/media?parent=17774"}],"curies":[{"name":"wp","href":"https:\/\/api.w.org\/{rel}","templated":true}]}}