{"id":17251,"date":"2020-11-30T14:34:38","date_gmt":"2020-11-30T13:34:38","guid":{"rendered":"https:\/\/www.hotelwallner.at\/?page_id=17251"},"modified":"2024-07-25T10:17:39","modified_gmt":"2024-07-25T08:17:39","slug":"tagesseminare-im-mostviertel","status":"publish","type":"page","link":"https:\/\/www.hotelwallner.at\/en\/tagesseminare-im-mostviertel\/","title":{"rendered":"DAY SEMINARS"},"content":{"rendered":"<div      class=\"vc_row wpb_row section vc_row-fluid\" style=' text-align:left;'><div class=\"full_section_inner clearfix\"><div class=\"wpb_column vc_column_container vc_col-sm-12\"><div class=\"vc_column-inner vc_custom_1430732654026\"><div class=\"wpb_wrapper\"><div class=\"wpb_gallery wpb_content_element vc_clearfix\"><div class=\"wpb_wrapper\"><div class=\"wpb_gallery_slides wpb_flexslider flexslider_fade flexslider\" data-interval=\"10\" data-flex_fx=\"fade\"><ul class=\"slides\"><li><img wpfc-lazyload-disable=\"true\" loading=\"lazy\" decoding=\"async\" class=\"\" src=\"https:\/\/www.hotelwallner.at\/wp2017\/wp-content\/uploads\/2017\/08\/auswahl-dsc_1200-1000x400.jpg\" width=\"1000\" height=\"400\" alt=\"Seminar-Hotel Wallner in Nieder\u00f6sterreich\" title=\"Seminar-Hotel Wallner in Nieder\u00f6sterreich\" \/><\/li><li><img wpfc-lazyload-disable=\"true\" loading=\"lazy\" decoding=\"async\" class=\"\" src=\"https:\/\/www.hotelwallner.at\/wp2017\/wp-content\/uploads\/2017\/08\/auswahl-dsc_1155-1000x400.jpg\" width=\"1000\" height=\"400\" alt=\"Seminar-Hotel Wallner im Herzen von St. Valentin\" title=\"Seminar-Hotel Wallner im Herzen von St. Valentin\" \/><\/li><li><img wpfc-lazyload-disable=\"true\" loading=\"lazy\" decoding=\"async\" class=\"\" src=\"https:\/\/www.hotelwallner.at\/wp2017\/wp-content\/uploads\/2015\/05\/Stueberl_Seminar-1000x400.jpg\" width=\"1000\" height=\"400\" alt=\"Seminar im Restaurant-St\u00fcberl\" title=\"Seminar im Restaurant-St\u00fcberl\" \/><\/li><li><img wpfc-lazyload-disable=\"true\" loading=\"lazy\" decoding=\"async\" class=\"\" src=\"https:\/\/www.hotelwallner.at\/wp2017\/wp-content\/uploads\/2015\/05\/restaurant-hotel-wallner-1000x400.jpg\" width=\"1000\" height=\"400\" alt=\"Au\u00dfenansicht Hotel Restaurant Wallner in St. Valentin, Nieder\u00f6sterreich\" title=\"Au\u00dfenansicht Hotel Restaurant Wallner\" \/><\/li><li><img wpfc-lazyload-disable=\"true\" loading=\"lazy\" decoding=\"async\" class=\"\" src=\"https:\/\/www.hotelwallner.at\/wp2017\/wp-content\/uploads\/2017\/08\/auswahl-dsc_1221-1000x400.jpg\" width=\"1000\" height=\"400\" alt=\"Seminarausstattung im Hotel Wallner\" title=\"Seminarausstattung im Hotel Wallner\" \/><\/li><\/ul><\/div><\/div><\/div><\/div><\/div><\/div><\/div><\/div><div      class=\"vc_row wpb_row section vc_row-fluid\" style=' text-align:left;'><div class=\"full_section_inner clearfix\"><div class=\"wpb_column vc_column_container vc_col-sm-12\"><div class=\"vc_column-inner\"><div class=\"wpb_wrapper\">\n\t<div class=\"wpb_text_column wpb_content_element\">\n\t\t<div class=\"wpb_wrapper\">\n\t\t\t<h1>One-day seminars in the Mostviertel<\/h1>\n<p>Our rooms in the Hotel Wallner zum gr\u00fcnen Baum are ideal for day seminars! We are well equipped for conferences, meetings, and workshops.<\/p>\n<p>As a professional seminar hotel in Mostviertel and the St. Valentin area, we naturally have all the necessary equipment such as: natural lighting, individual combination options, stage lighting technology, microphone systems as well as WiFi. The rooms\u2019 full air conditioning creates a productive atmosphere and allows one to concentrate on more important matters.<\/p>\n<p><a href=\"https:\/\/www.hotelwallner.at\/seminare-veranstaltungen-meetings-niederoesterreich\/\" target=\"_blank\" rel=\"noopener noreferrer\">SEMINARS<\/a> with overnight stays we can also offer.<\/p>\n<p><a href=\"https:\/\/www.hotelwallner.at\/catering\/\" target=\"_blank\" rel=\"noopener noreferrer\">Catering<\/a> for your event is possible anywhere.<\/p>\n<p>Personal service and flexibility are vital at <a href=\"https:\/\/www.hotelwallner.at\/gourmetkalender\/\" target=\"_blank\" rel=\"noopener noreferrer\">events,<\/a> and we are happy to take your wishes and requirements into account.<\/p>\n<p><a href=\"https:\/\/www.hotelwallner.at\/kontakt-anreise\/\" target=\"_blank\" rel=\"noopener noreferrer\">Inquire about your seminar now!<\/a><\/p>\n\n\t\t<\/div> \n\t<\/div> \t<div class=\"vc_empty_space\"  style=\"height: 32px\" ><span\n\t\t\tclass=\"vc_empty_space_inner\">\n\t\t\t<span class=\"empty_space_image\"  ><\/span>\n\t\t<\/span><\/div>\n\n\n\t<div class=\"wpb_text_column wpb_content_element\">\n\t\t<div class=\"wpb_wrapper\">\n\t\t\t<p>To the seminar folder:<\/p>\n<p style=\"text-align: center;\"><a href=\"https:\/\/www.hotelwallner.at\/wp2017\/wp-content\/uploads\/2015\/05\/katalogseite2018_hotelzumgruenenbaum_vers1-3.pdf\" target=\"_blank\" rel=\"noopener noreferrer\"><img loading=\"lazy\" decoding=\"async\" class=\"alignnone wp-image-16746 size-medium\" src=\"https:\/\/www.hotelwallner.at\/wp2017\/wp-content\/uploads\/2015\/05\/bildschirmfoto-2017-09-07-um-10-08-26-208x300.png\" alt=\"\" width=\"208\" height=\"300\" srcset=\"https:\/\/www.hotelwallner.at\/wp2017\/wp-content\/uploads\/2015\/05\/bildschirmfoto-2017-09-07-um-10-08-26-208x300.png 208w, https:\/\/www.hotelwallner.at\/wp2017\/wp-content\/uploads\/2015\/05\/bildschirmfoto-2017-09-07-um-10-08-26-711x1024.png 711w, https:\/\/www.hotelwallner.at\/wp2017\/wp-content\/uploads\/2015\/05\/bildschirmfoto-2017-09-07-um-10-08-26-700x1008.png 700w, https:\/\/www.hotelwallner.at\/wp2017\/wp-content\/uploads\/2015\/05\/bildschirmfoto-2017-09-07-um-10-08-26.png 1130w\" sizes=\"(max-width: 208px) 100vw, 208px\" \/><\/a><\/p>\n\n\t\t<\/div> \n\t<\/div> \t<div class=\"vc_empty_space\"  style=\"height: 32px\" ><span\n\t\t\tclass=\"vc_empty_space_inner\">\n\t\t\t<span class=\"empty_space_image\"  ><\/span>\n\t\t<\/span><\/div>\n\n<div class=\"wpb_gallery wpb_content_element vc_clearfix\"><div class=\"wpb_wrapper\"><div class=\"wpb_gallery_slides wpb_image_grid\" data-interval=\"3\"><div class=\"gallery_holder\"><ul class=\"gallery_inner gallery_with_space  v4\"><li class=\"no_grayscale\"><a itemprop=\"image\" class=\"qode-prettyphoto\" href=\"https:\/\/www.hotelwallner.at\/wp2017\/wp-content\/uploads\/2017\/08\/auswahl-dsc_1221-1024x682.jpg\" data-rel=\"prettyPhoto[rel-17251-1678855611]\"><span class=\"gallery_hover\"><i class=\"fa fa-search\"><\/i><\/span><img loading=\"lazy\" decoding=\"async\" class=\"\" src=\"https:\/\/www.hotelwallner.at\/wp2017\/wp-content\/uploads\/2017\/08\/auswahl-dsc_1221-250x150.jpg\" width=\"250\" height=\"150\" alt=\"Seminarausstattung im Hotel Wallner\" title=\"Seminarausstattung im Hotel Wallner\" \/><\/a><\/li><li class=\"no_grayscale\"><a itemprop=\"image\" class=\"qode-prettyphoto\" href=\"https:\/\/www.hotelwallner.at\/wp2017\/wp-content\/uploads\/2017\/08\/auswahl-dsc_1208-1024x682.jpg\" data-rel=\"prettyPhoto[rel-17251-1678855611]\"><span class=\"gallery_hover\"><i class=\"fa fa-search\"><\/i><\/span><img loading=\"lazy\" decoding=\"async\" class=\"\" src=\"https:\/\/www.hotelwallner.at\/wp2017\/wp-content\/uploads\/2017\/08\/auswahl-dsc_1208-250x150.jpg\" width=\"250\" height=\"150\" alt=\"Seminarausstattung im Hotel Wallner\" title=\"Seminarausstattung im Hotel Wallner\" \/><\/a><\/li><li class=\"no_grayscale\"><a itemprop=\"image\" class=\"qode-prettyphoto\" href=\"https:\/\/www.hotelwallner.at\/wp2017\/wp-content\/uploads\/2017\/08\/auswahl-dsc_1155-1024x683.jpg\" data-rel=\"prettyPhoto[rel-17251-1678855611]\"><span class=\"gallery_hover\"><i class=\"fa fa-search\"><\/i><\/span><img loading=\"lazy\" decoding=\"async\" class=\"\" src=\"https:\/\/www.hotelwallner.at\/wp2017\/wp-content\/uploads\/2017\/08\/auswahl-dsc_1155-250x150.jpg\" width=\"250\" height=\"150\" alt=\"Seminar-Hotel Wallner im Herzen von St. Valentin\" title=\"Seminar-Hotel Wallner im Herzen von St. Valentin\" \/><\/a><\/li><li class=\"no_grayscale\"><a itemprop=\"image\" class=\"qode-prettyphoto\" href=\"https:\/\/www.hotelwallner.at\/wp2017\/wp-content\/uploads\/2015\/05\/Stueberl_Seminar-1024x683.jpg\" data-rel=\"prettyPhoto[rel-17251-1678855611]\"><span class=\"gallery_hover\"><i class=\"fa fa-search\"><\/i><\/span><img loading=\"lazy\" decoding=\"async\" class=\"\" src=\"https:\/\/www.hotelwallner.at\/wp2017\/wp-content\/uploads\/2015\/05\/Stueberl_Seminar-250x150.jpg\" width=\"250\" height=\"150\" alt=\"Seminar im Restaurant-St\u00fcberl\" title=\"Seminar im Restaurant-St\u00fcberl\" \/><\/a><\/li><li class=\"no_grayscale\"><a itemprop=\"image\" class=\"qode-prettyphoto\" href=\"https:\/\/www.hotelwallner.at\/wp2017\/wp-content\/uploads\/2017\/08\/auswahl-dsc_1150-1024x682.jpg\" data-rel=\"prettyPhoto[rel-17251-1678855611]\"><span class=\"gallery_hover\"><i class=\"fa fa-search\"><\/i><\/span><img loading=\"lazy\" decoding=\"async\" class=\"\" src=\"https:\/\/www.hotelwallner.at\/wp2017\/wp-content\/uploads\/2017\/08\/auswahl-dsc_1150-250x150.jpg\" width=\"250\" height=\"150\" alt=\"Seminarausstattung im Hotel Wallner\" title=\"Seminarausstattung im Hotel Wallner\" \/><\/a><\/li><li class=\"no_grayscale\"><a itemprop=\"image\" class=\"qode-prettyphoto\" href=\"https:\/\/www.hotelwallner.at\/wp2017\/wp-content\/uploads\/2017\/08\/auswahl-dsc_1125-1024x682.jpg\" data-rel=\"prettyPhoto[rel-17251-1678855611]\"><span class=\"gallery_hover\"><i class=\"fa fa-search\"><\/i><\/span><img loading=\"lazy\" decoding=\"async\" class=\"\" src=\"https:\/\/www.hotelwallner.at\/wp2017\/wp-content\/uploads\/2017\/08\/auswahl-dsc_1125-250x150.jpg\" width=\"250\" height=\"150\" alt=\"Seminars and conferences in the Mostviertel\" title=\"Seminars and conferences in the Mostviertel\" \/><\/a><\/li><li class=\"no_grayscale\"><a itemprop=\"image\" class=\"qode-prettyphoto\" href=\"https:\/\/www.hotelwallner.at\/wp2017\/wp-content\/uploads\/2017\/08\/auswahl-dsc_1200-1024x682.jpg\" data-rel=\"prettyPhoto[rel-17251-1678855611]\"><span class=\"gallery_hover\"><i class=\"fa fa-search\"><\/i><\/span><img loading=\"lazy\" decoding=\"async\" class=\"\" src=\"https:\/\/www.hotelwallner.at\/wp2017\/wp-content\/uploads\/2017\/08\/auswahl-dsc_1200-250x150.jpg\" width=\"250\" height=\"150\" alt=\"Seminar-Hotel Wallner in Nieder\u00f6sterreich\" title=\"Seminar-Hotel Wallner in Nieder\u00f6sterreich\" \/><\/a><\/li><li class=\"no_grayscale\"><a itemprop=\"image\" class=\"qode-prettyphoto\" href=\"https:\/\/www.hotelwallner.at\/wp2017\/wp-content\/uploads\/2017\/08\/auswahl-dsc_1148-1024x682.jpg\" data-rel=\"prettyPhoto[rel-17251-1678855611]\"><span class=\"gallery_hover\"><i class=\"fa fa-search\"><\/i><\/span><img loading=\"lazy\" decoding=\"async\" class=\"\" src=\"https:\/\/www.hotelwallner.at\/wp2017\/wp-content\/uploads\/2017\/08\/auswahl-dsc_1148-250x150.jpg\" width=\"250\" height=\"150\" alt=\"Seminars and conferences in the Mostviertel\" title=\"Seminars and conferences in the Mostviertel\" \/><\/a><\/li><\/ul><\/div><\/div><\/div><\/div><\/div><\/div><\/div><\/div><\/div><div      class=\"vc_row wpb_row section vc_row-fluid\" style=' text-align:left;'><div class=\"full_section_inner clearfix\"><div class=\"wpb_column vc_column_container vc_col-sm-12\"><div class=\"vc_column-inner\"><div class=\"wpb_wrapper\">\t<div class=\"vc_empty_space\"  style=\"height: 32px\" ><span\n\t\t\tclass=\"vc_empty_space_inner\">\n\t\t\t<span class=\"empty_space_image\"  ><\/span>\n\t\t<\/span><\/div>\n\n<a  itemprop=\"url\" href=\"\/kontakt-anreise\/\" target=\"_self\"  class=\"qbutton  center default\" style=\"margin: 0 auto; \">Contact - seminar request<\/a>\t<div class=\"vc_empty_space\"  style=\"height: 32px\" ><span\n\t\t\tclass=\"vc_empty_space_inner\">\n\t\t\t<span class=\"empty_space_image\"  ><\/span>\n\t\t<\/span><\/div>\n\n\t<div class=\"vc_empty_space\"  style=\"height: 32px\" ><span\n\t\t\tclass=\"vc_empty_space_inner\">\n\t\t\t<span class=\"empty_space_image\"  ><\/span>\n\t\t<\/span><\/div>\n\n<\/div><\/div><\/div><\/div><\/div>","protected":false},"excerpt":{"rendered":"Tagesseminare im Mostviertel Unsere R\u00e4umlichkeiten im Hotel Wallner zum gr\u00fcnen Baum eignen sich ideal f\u00fcr Tagesseminare! Wir sind f\u00fcr Seminare, Meetings &amp; Workshops bestens ausgestattet. Als professionelles Seminarhotel in Mostviertel und St. Valentin Umgebung verf\u00fcgen wir nat\u00fcrlich \u00fcber die notwendige Ausstattung: Tageslicht, individuelle Kombinationsm\u00f6glichkeiten, inszenierende...","protected":false},"author":3,"featured_media":0,"parent":0,"menu_order":15,"comment_status":"closed","ping_status":"closed","template":"","meta":{"footnotes":""},"yoast_head":"<!-- This site is optimized with the Yoast SEO plugin v22.3 - https:\/\/yoast.com\/wordpress\/plugins\/seo\/ -->\n<title>Tagesseminare - Restaurant-Hotel Wallner zum gr\u00fcnen Baum<\/title>\n<meta name=\"robots\" content=\"index, follow, max-snippet:-1, max-image-preview:large, max-video-preview:-1\" \/>\n<link rel=\"canonical\" href=\"https:\/\/www.hotelwallner.at\/en\/tagesseminare-im-mostviertel\/\" \/>\n<meta property=\"og:locale\" content=\"en_GB\" \/>\n<meta property=\"og:type\" content=\"article\" \/>\n<meta property=\"og:title\" content=\"Tagesseminare - Restaurant-Hotel Wallner zum gr\u00fcnen Baum\" \/>\n<meta property=\"og:url\" content=\"https:\/\/www.hotelwallner.at\/en\/tagesseminare-im-mostviertel\/\" \/>\n<meta property=\"og:site_name\" content=\"Restaurant-Hotel Wallner zum gr\u00fcnen Baum\" \/>\n<meta property=\"article:publisher\" content=\"https:\/\/www.facebook.com\/restauranthotelwallner\/\" \/>\n<meta property=\"article:modified_time\" content=\"2024-07-25T08:17:39+00:00\" \/>\n<meta property=\"og:image\" content=\"https:\/\/www.hotelwallner.at\/wp2017\/wp-content\/uploads\/2015\/05\/bildschirmfoto-2017-09-07-um-10-08-26-208x300.png\" \/>\n<meta name=\"twitter:card\" content=\"summary_large_image\" \/>\n<meta name=\"twitter:label1\" content=\"Estimated reading time\" \/>\n\t<meta name=\"twitter:data1\" content=\"2 minutes\" \/>\n<script type=\"application\/ld+json\" class=\"yoast-schema-graph\">{\"@context\":\"https:\/\/schema.org\",\"@graph\":[{\"@type\":\"WebPage\",\"@id\":\"https:\/\/www.hotelwallner.at\/tagesseminare-im-mostviertel\/\",\"url\":\"https:\/\/www.hotelwallner.at\/tagesseminare-im-mostviertel\/\",\"name\":\"Tagesseminare - Restaurant-Hotel Wallner zum gr\u00fcnen Baum\",\"isPartOf\":{\"@id\":\"https:\/\/www.hotelwallner.at\/#website\"},\"primaryImageOfPage\":{\"@id\":\"https:\/\/www.hotelwallner.at\/tagesseminare-im-mostviertel\/#primaryimage\"},\"image\":{\"@id\":\"https:\/\/www.hotelwallner.at\/tagesseminare-im-mostviertel\/#primaryimage\"},\"thumbnailUrl\":\"https:\/\/www.hotelwallner.at\/wp2017\/wp-content\/uploads\/2015\/05\/bildschirmfoto-2017-09-07-um-10-08-26-208x300.png\",\"datePublished\":\"2020-11-30T13:34:38+00:00\",\"dateModified\":\"2024-07-25T08:17:39+00:00\",\"breadcrumb\":{\"@id\":\"https:\/\/www.hotelwallner.at\/tagesseminare-im-mostviertel\/#breadcrumb\"},\"inLanguage\":\"en-GB\",\"potentialAction\":[{\"@type\":\"ReadAction\",\"target\":[\"https:\/\/www.hotelwallner.at\/tagesseminare-im-mostviertel\/\"]}]},{\"@type\":\"ImageObject\",\"inLanguage\":\"en-GB\",\"@id\":\"https:\/\/www.hotelwallner.at\/tagesseminare-im-mostviertel\/#primaryimage\",\"url\":\"https:\/\/www.hotelwallner.at\/wp2017\/wp-content\/uploads\/2015\/05\/bildschirmfoto-2017-09-07-um-10-08-26-208x300.png\",\"contentUrl\":\"https:\/\/www.hotelwallner.at\/wp2017\/wp-content\/uploads\/2015\/05\/bildschirmfoto-2017-09-07-um-10-08-26-208x300.png\"},{\"@type\":\"BreadcrumbList\",\"@id\":\"https:\/\/www.hotelwallner.at\/tagesseminare-im-mostviertel\/#breadcrumb\",\"itemListElement\":[{\"@type\":\"ListItem\",\"position\":1,\"name\":\"Startseite\",\"item\":\"https:\/\/www.hotelwallner.at\/\"},{\"@type\":\"ListItem\",\"position\":2,\"name\":\"Tagesseminare\"}]},{\"@type\":\"WebSite\",\"@id\":\"https:\/\/www.hotelwallner.at\/#website\",\"url\":\"https:\/\/www.hotelwallner.at\/\",\"name\":\"Restaurant - Hotel Wallner\",\"description\":\"Ihr Hotel &amp; Restaurant in St. Valentin im Mostviertel\",\"publisher\":{\"@id\":\"https:\/\/www.hotelwallner.at\/#organization\"},\"potentialAction\":[{\"@type\":\"SearchAction\",\"target\":{\"@type\":\"EntryPoint\",\"urlTemplate\":\"https:\/\/www.hotelwallner.at\/?s={search_term_string}\"},\"query-input\":\"required name=search_term_string\"}],\"inLanguage\":\"en-GB\"},{\"@type\":\"Organization\",\"@id\":\"https:\/\/www.hotelwallner.at\/#organization\",\"name\":\"Restaurant-Hotel Wallner zum gr\u00fcnen Baum\",\"url\":\"https:\/\/www.hotelwallner.at\/\",\"logo\":{\"@type\":\"ImageObject\",\"inLanguage\":\"en-GB\",\"@id\":\"https:\/\/www.hotelwallner.at\/#\/schema\/logo\/image\/\",\"url\":\"https:\/\/www.hotelwallner.at\/wp2017\/wp-content\/uploads\/2015\/05\/wallner-Logo.png\",\"contentUrl\":\"https:\/\/www.hotelwallner.at\/wp2017\/wp-content\/uploads\/2015\/05\/wallner-Logo.png\",\"width\":500,\"height\":245,\"caption\":\"Restaurant-Hotel Wallner zum gr\u00fcnen Baum\"},\"image\":{\"@id\":\"https:\/\/www.hotelwallner.at\/#\/schema\/logo\/image\/\"},\"sameAs\":[\"https:\/\/www.facebook.com\/restauranthotelwallner\/\",\"https:\/\/www.instagram.com\/restaurant_hotel_wallner\/\"]}]}<\/script>\n<!-- \/ Yoast SEO plugin. -->","yoast_head_json":{"title":"Tagesseminare - Restaurant-Hotel Wallner zum gr\u00fcnen Baum","robots":{"index":"index","follow":"follow","max-snippet":"max-snippet:-1","max-image-preview":"max-image-preview:large","max-video-preview":"max-video-preview:-1"},"canonical":"https:\/\/www.hotelwallner.at\/en\/tagesseminare-im-mostviertel\/","og_locale":"en_GB","og_type":"article","og_title":"Tagesseminare - Restaurant-Hotel Wallner zum gr\u00fcnen Baum","og_url":"https:\/\/www.hotelwallner.at\/en\/tagesseminare-im-mostviertel\/","og_site_name":"Restaurant-Hotel Wallner zum gr\u00fcnen Baum","article_publisher":"https:\/\/www.facebook.com\/restauranthotelwallner\/","article_modified_time":"2024-07-25T08:17:39+00:00","og_image":[{"url":"https:\/\/www.hotelwallner.at\/wp2017\/wp-content\/uploads\/2015\/05\/bildschirmfoto-2017-09-07-um-10-08-26-208x300.png"}],"twitter_card":"summary_large_image","twitter_misc":{"Estimated reading time":"2 minutes"},"schema":{"@context":"https:\/\/schema.org","@graph":[{"@type":"WebPage","@id":"https:\/\/www.hotelwallner.at\/tagesseminare-im-mostviertel\/","url":"https:\/\/www.hotelwallner.at\/tagesseminare-im-mostviertel\/","name":"Tagesseminare - Restaurant-Hotel Wallner zum gr\u00fcnen Baum","isPartOf":{"@id":"https:\/\/www.hotelwallner.at\/#website"},"primaryImageOfPage":{"@id":"https:\/\/www.hotelwallner.at\/tagesseminare-im-mostviertel\/#primaryimage"},"image":{"@id":"https:\/\/www.hotelwallner.at\/tagesseminare-im-mostviertel\/#primaryimage"},"thumbnailUrl":"https:\/\/www.hotelwallner.at\/wp2017\/wp-content\/uploads\/2015\/05\/bildschirmfoto-2017-09-07-um-10-08-26-208x300.png","datePublished":"2020-11-30T13:34:38+00:00","dateModified":"2024-07-25T08:17:39+00:00","breadcrumb":{"@id":"https:\/\/www.hotelwallner.at\/tagesseminare-im-mostviertel\/#breadcrumb"},"inLanguage":"en-GB","potentialAction":[{"@type":"ReadAction","target":["https:\/\/www.hotelwallner.at\/tagesseminare-im-mostviertel\/"]}]},{"@type":"ImageObject","inLanguage":"en-GB","@id":"https:\/\/www.hotelwallner.at\/tagesseminare-im-mostviertel\/#primaryimage","url":"https:\/\/www.hotelwallner.at\/wp2017\/wp-content\/uploads\/2015\/05\/bildschirmfoto-2017-09-07-um-10-08-26-208x300.png","contentUrl":"https:\/\/www.hotelwallner.at\/wp2017\/wp-content\/uploads\/2015\/05\/bildschirmfoto-2017-09-07-um-10-08-26-208x300.png"},{"@type":"BreadcrumbList","@id":"https:\/\/www.hotelwallner.at\/tagesseminare-im-mostviertel\/#breadcrumb","itemListElement":[{"@type":"ListItem","position":1,"name":"Startseite","item":"https:\/\/www.hotelwallner.at\/"},{"@type":"ListItem","position":2,"name":"Tagesseminare"}]},{"@type":"WebSite","@id":"https:\/\/www.hotelwallner.at\/#website","url":"https:\/\/www.hotelwallner.at\/","name":"Restaurant - Hotel Wallner","description":"Ihr Hotel &amp; Restaurant in St. Valentin im Mostviertel","publisher":{"@id":"https:\/\/www.hotelwallner.at\/#organization"},"potentialAction":[{"@type":"SearchAction","target":{"@type":"EntryPoint","urlTemplate":"https:\/\/www.hotelwallner.at\/?s={search_term_string}"},"query-input":"required name=search_term_string"}],"inLanguage":"en-GB"},{"@type":"Organization","@id":"https:\/\/www.hotelwallner.at\/#organization","name":"Restaurant-Hotel Wallner zum gr\u00fcnen Baum","url":"https:\/\/www.hotelwallner.at\/","logo":{"@type":"ImageObject","inLanguage":"en-GB","@id":"https:\/\/www.hotelwallner.at\/#\/schema\/logo\/image\/","url":"https:\/\/www.hotelwallner.at\/wp2017\/wp-content\/uploads\/2015\/05\/wallner-Logo.png","contentUrl":"https:\/\/www.hotelwallner.at\/wp2017\/wp-content\/uploads\/2015\/05\/wallner-Logo.png","width":500,"height":245,"caption":"Restaurant-Hotel Wallner zum gr\u00fcnen Baum"},"image":{"@id":"https:\/\/www.hotelwallner.at\/#\/schema\/logo\/image\/"},"sameAs":["https:\/\/www.facebook.com\/restauranthotelwallner\/","https:\/\/www.instagram.com\/restaurant_hotel_wallner\/"]}]}},"publishpress_future_action":{"enabled":false,"date":"2026-04-24 04:24:59","action":"change-status","newStatus":"draft","terms":[],"taxonomy":""},"_links":{"self":[{"href":"https:\/\/www.hotelwallner.at\/en\/wp-json\/wp\/v2\/pages\/17251"}],"collection":[{"href":"https:\/\/www.hotelwallner.at\/en\/wp-json\/wp\/v2\/pages"}],"about":[{"href":"https:\/\/www.hotelwallner.at\/en\/wp-json\/wp\/v2\/types\/page"}],"author":[{"embeddable":true,"href":"https:\/\/www.hotelwallner.at\/en\/wp-json\/wp\/v2\/users\/3"}],"replies":[{"embeddable":true,"href":"https:\/\/www.hotelwallner.at\/en\/wp-json\/wp\/v2\/comments?post=17251"}],"version-history":[{"count":6,"href":"https:\/\/www.hotelwallner.at\/en\/wp-json\/wp\/v2\/pages\/17251\/revisions"}],"predecessor-version":[{"id":17253,"href":"https:\/\/www.hotelwallner.at\/en\/wp-json\/wp\/v2\/pages\/17251\/revisions\/17253"}],"wp:attachment":[{"href":"https:\/\/www.hotelwallner.at\/en\/wp-json\/wp\/v2\/media?parent=17251"}],"curies":[{"name":"wp","href":"https:\/\/api.w.org\/{rel}","templated":true}]}}