{"id":16768,"date":"2017-09-11T13:29:48","date_gmt":"2017-09-11T11:29:48","guid":{"rendered":"https:\/\/www.hotelwallner.at\/?page_id=16768"},"modified":"2021-01-11T17:14:55","modified_gmt":"2021-01-11T16:14:55","slug":"mostviertel","status":"publish","type":"page","link":"https:\/\/www.hotelwallner.at\/en\/mostviertel\/","title":{"rendered":"Mostviertel"},"content":{"rendered":"<div      class=\"vc_row wpb_row section vc_row-fluid\" style=' text-align:left;'><div class=\"full_section_inner clearfix\"><div class=\"wpb_column vc_column_container vc_col-sm-12\"><div class=\"vc_column-inner vc_custom_1430814516685\"><div class=\"wpb_wrapper\"><div class=\"wpb_gallery wpb_content_element vc_clearfix\"><div class=\"wpb_wrapper\"><div class=\"wpb_gallery_slides wpb_flexslider flexslider_slide flexslider\" data-interval=\"10\" data-flex_fx=\"slide\"><ul class=\"slides\"><li><img wpfc-lazyload-disable=\"true\" loading=\"lazy\" decoding=\"async\" class=\"\" src=\"https:\/\/www.hotelwallner.at\/wp2017\/wp-content\/uploads\/2020\/11\/steyr-1000x400.jpg\" width=\"1000\" height=\"400\" alt=\"Ausflugsziel Romantikstadt Steyr\" title=\"Steyr\" \/><\/li><li><img wpfc-lazyload-disable=\"true\" loading=\"lazy\" decoding=\"async\" class=\"\" src=\"https:\/\/www.hotelwallner.at\/wp2017\/wp-content\/uploads\/2020\/11\/linz-1000x400.jpg\" width=\"1000\" height=\"400\" alt=\"Ausflugsziel Linz\" title=\"Linz\" \/><\/li><li><img wpfc-lazyload-disable=\"true\" loading=\"lazy\" decoding=\"async\" class=\"\" src=\"https:\/\/www.hotelwallner.at\/wp2017\/wp-content\/uploads\/2020\/11\/stift_seitenstetten-1000x400.jpg\" width=\"1000\" height=\"400\" alt=\"Ausflugsziel Stift Seitenstetten\" title=\"Seitenstetten Abbey\" \/><\/li><li><img wpfc-lazyload-disable=\"true\" loading=\"lazy\" decoding=\"async\" class=\"\" src=\"https:\/\/www.hotelwallner.at\/wp2017\/wp-content\/uploads\/2020\/11\/schallaburg-1000x400.jpg\" width=\"1000\" height=\"400\" alt=\"Ausflugsziel Schallaburg\" title=\"Schallaburg\" \/><\/li><li><img wpfc-lazyload-disable=\"true\" loading=\"lazy\" decoding=\"async\" class=\"\" src=\"https:\/\/www.hotelwallner.at\/wp2017\/wp-content\/uploads\/2020\/11\/wachau-1000x400.jpg\" width=\"1000\" height=\"400\" alt=\"Ausflugsziel Wachau\" title=\"Wachau\" \/><\/li><li><img wpfc-lazyload-disable=\"true\" loading=\"lazy\" decoding=\"async\" class=\"\" src=\"https:\/\/www.hotelwallner.at\/wp2017\/wp-content\/uploads\/2020\/11\/tierpark-1000x400.jpg\" width=\"1000\" height=\"400\" alt=\"Erlebnis Tierpark Haag\" title=\"Hague Zoo\" \/><\/li><\/ul><\/div><\/div><\/div>\n\t<div class=\"wpb_text_column wpb_content_element\">\n\t\t<div class=\"wpb_wrapper\">\n\t\t\t<h1 style=\"text-align: left;\">OUT AND ABOUT IN THE MOSTVIERTEL in Lower Austria<\/h1>\n<p>With its wide range of leisure activities, the municipality of St. Valentin offers fun, culture and relaxation at the same time.<\/p>\n<p>Relaxing hikes, bike rides, horse rides, visits to the theater and museums, or trips to the nearby zoo the historic towns of Enns and Steyr will delight you. You can enjoy the hottest summer days in the swimming pool. The model airfield makes children\u2019s, but also some adults\u2019 hearts beat faster and full of wonder.<\/p>\n<p>Events such as the annual Mostbirnzellulid, the music festival wiederAUFhorchen, and the Mostviertel Cabaret Days are highlights for culture lovers.<\/p>\n<p>St. Valentin is the westernmost municipality in Lower Austria and has a lot to offer historically. Today\u2019s central church has existed since 1472 and, like the small branch church in Rems, is worth a visit. You can find out more about the historic past of our city in the St. Valentin History Museum.<\/p>\n<p>Eine Besonderheit unserer Region sind die typischen Mostbirnb\u00e4ume. Wundersch\u00f6n in voller Bl\u00fcte im Fr\u00fchling, reifen \u00fcber den Sommer die saftigen Mostbirnen, um im Herbst nach der Ernte zum original Mostviertler Kultgetr\u00e4nk verarbeitet zu werden. Unsere Bauern verstehen ihr Handwerk und so laden viele Mostheurige und traditionsbewusste Mostviertler Gastwirte zum Verkosten ein.<\/p>\n<p>EXCURSION DESTINATIONS IN THE AREA<\/p>\n\n\t\t<\/div> \n\t<\/div> \t<div class=\"vc_empty_space\"  style=\"height: 32px\" ><span\n\t\t\tclass=\"vc_empty_space_inner\">\n\t\t\t<span class=\"empty_space_image\"  ><\/span>\n\t\t<\/span><\/div>\n\n<\/div><\/div><\/div><\/div><\/div><div      class=\"vc_row wpb_row section vc_row-fluid  vc_custom_1492016292084\" style=' text-align:left;'><div class=\"full_section_inner clearfix\"><div class=\"wpb_column vc_column_container vc_col-sm-12\"><div class=\"vc_column-inner\"><div class=\"wpb_wrapper\"><div class='latest_post_holder boxes three_columns five_rows'><ul><li class=\"clearfix\"><div class=\"boxes_image\"><a itemprop=\"url\" href=\"https:\/\/www.hotelwallner.at\/en\/veranstaltungen\/tierpark_haag\/\"><img wpfc-lazyload-disable=\"true\" loading=\"lazy\" decoding=\"async\" width=\"539\" height=\"303\" src=\"https:\/\/www.hotelwallner.at\/wp2017\/wp-content\/uploads\/2020\/11\/tierpark-539x303.jpg\" class=\"attachment-latest_post_boxes size-latest_post_boxes wp-post-image\" alt=\"Erlebnis Tierpark Haag\" \/><\/a><\/div><div class=\"latest_post\"><div class=\"latest_post_text\"><div class=\"latest_post_inner\"><div class=\"latest_post_text_inner\"><h3 itemprop=\"name\" class=\"latest_post_title entry_title\"><a itemprop=\"url\" href=\"https:\/\/www.hotelwallner.at\/en\/veranstaltungen\/tierpark_haag\/\">Hague Zoo<\/a><\/h3><p itemprop=\"description\" class=\"excerpt\">Relaxation, fun and adventure for the whole family ...<\/p><span class=\"post_infos\"><\/span><\/div><\/div><\/div><\/div><li class=\"clearfix\"><div class=\"boxes_image\"><a itemprop=\"url\" href=\"https:\/\/www.hotelwallner.at\/en\/veranstaltungen\/stiftseitenstetten\/\"><img wpfc-lazyload-disable=\"true\" loading=\"lazy\" decoding=\"async\" width=\"539\" height=\"303\" src=\"https:\/\/www.hotelwallner.at\/wp2017\/wp-content\/uploads\/2020\/11\/stift_seitenstetten-539x303.jpg\" class=\"attachment-latest_post_boxes size-latest_post_boxes wp-post-image\" alt=\"Ausflugsziel Stift Seitenstetten\" \/><\/a><\/div><div class=\"latest_post\"><div class=\"latest_post_text\"><div class=\"latest_post_inner\"><div class=\"latest_post_text_inner\"><h3 itemprop=\"name\" class=\"latest_post_title entry_title\"><a itemprop=\"url\" href=\"https:\/\/www.hotelwallner.at\/en\/veranstaltungen\/stiftseitenstetten\/\">Seitenstetten Abbey<\/a><\/h3><p itemprop=\"description\" class=\"excerpt\">A Benedictine monastery in Seitenstetten on Moststrasse in the Mostviertel<\/p><span class=\"post_infos\"><\/span><\/div><\/div><\/div><\/div><li class=\"clearfix\"><div class=\"boxes_image\"><a itemprop=\"url\" href=\"https:\/\/www.hotelwallner.at\/en\/veranstaltungen\/enns\/\"><img wpfc-lazyload-disable=\"true\" loading=\"lazy\" decoding=\"async\" width=\"539\" height=\"303\" src=\"https:\/\/www.hotelwallner.at\/wp2017\/wp-content\/uploads\/2020\/11\/enns_stadtturm-539x303.jpg\" class=\"attachment-latest_post_boxes size-latest_post_boxes wp-post-image\" alt=\"Ausflugsziel Enns\" \/><\/a><\/div><div class=\"latest_post\"><div class=\"latest_post_text\"><div class=\"latest_post_inner\"><div class=\"latest_post_text_inner\"><h3 itemprop=\"name\" class=\"latest_post_title entry_title\"><a itemprop=\"url\" href=\"https:\/\/www.hotelwallner.at\/en\/veranstaltungen\/enns\/\">Enns<\/a><\/h3><p itemprop=\"description\" class=\"excerpt\">Enns the oldest city of Austria<\/p><span class=\"post_infos\"><\/span><\/div><\/div><\/div><\/div><li class=\"clearfix\"><div class=\"boxes_image\"><a itemprop=\"url\" href=\"https:\/\/www.hotelwallner.at\/en\/veranstaltungen\/kzmauthausen\/\"><img wpfc-lazyload-disable=\"true\" loading=\"lazy\" decoding=\"async\" width=\"539\" height=\"303\" src=\"https:\/\/www.hotelwallner.at\/wp2017\/wp-content\/uploads\/2020\/11\/kz-mauthausen-539x303.jpg\" class=\"attachment-latest_post_boxes size-latest_post_boxes wp-post-image\" alt=\"Gedenkst\u00e4tte Mauthausen\" \/><\/a><\/div><div class=\"latest_post\"><div class=\"latest_post_text\"><div class=\"latest_post_inner\"><div class=\"latest_post_text_inner\"><h3 itemprop=\"name\" class=\"latest_post_title entry_title\"><a itemprop=\"url\" href=\"https:\/\/www.hotelwallner.at\/en\/veranstaltungen\/kzmauthausen\/\">Mauthausen Memorial<\/a><\/h3><p itemprop=\"description\" class=\"excerpt\">Today the Mauthausen Memorial is an international place of remembrance ...<\/p><span class=\"post_infos\"><\/span><\/div><\/div><\/div><\/div><li class=\"clearfix\"><div class=\"boxes_image\"><a itemprop=\"url\" href=\"https:\/\/www.hotelwallner.at\/en\/veranstaltungen\/keltendorfmitterkirchen\/\"><img wpfc-lazyload-disable=\"true\" loading=\"lazy\" decoding=\"async\" width=\"539\" height=\"303\" src=\"https:\/\/www.hotelwallner.at\/wp2017\/wp-content\/uploads\/2020\/11\/freilichtmuseum-539x303.jpg\" class=\"attachment-latest_post_boxes size-latest_post_boxes wp-post-image\" alt=\"Freilichtmuseum Mitterkirchen\" \/><\/a><\/div><div class=\"latest_post\"><div class=\"latest_post_text\"><div class=\"latest_post_inner\"><div class=\"latest_post_text_inner\"><h3 itemprop=\"name\" class=\"latest_post_title entry_title\"><a itemprop=\"url\" href=\"https:\/\/www.hotelwallner.at\/en\/veranstaltungen\/keltendorfmitterkirchen\/\">Celtic village Mitterkirchen<\/a><\/h3><p itemprop=\"description\" class=\"excerpt\">Travel through prehistory with your family ...<\/p><span class=\"post_infos\"><\/span><\/div><\/div><\/div><\/div><li class=\"clearfix\"><div class=\"boxes_image\"><a itemprop=\"url\" href=\"https:\/\/www.hotelwallner.at\/en\/veranstaltungen\/steyr\/\"><img wpfc-lazyload-disable=\"true\" loading=\"lazy\" decoding=\"async\" width=\"539\" height=\"303\" src=\"https:\/\/www.hotelwallner.at\/wp2017\/wp-content\/uploads\/2020\/11\/steyr-539x303.jpg\" class=\"attachment-latest_post_boxes size-latest_post_boxes wp-post-image\" alt=\"Ausflugsziel Romantikstadt Steyr\" \/><\/a><\/div><div class=\"latest_post\"><div class=\"latest_post_text\"><div class=\"latest_post_inner\"><div class=\"latest_post_text_inner\"><h3 itemprop=\"name\" class=\"latest_post_title entry_title\"><a itemprop=\"url\" href=\"https:\/\/www.hotelwallner.at\/en\/veranstaltungen\/steyr\/\">Steyr<\/a><\/h3><p itemprop=\"description\" class=\"excerpt\">The romantic city about 20 km from St. Valentin<\/p><span class=\"post_infos\"><\/span><\/div><\/div><\/div><\/div><li class=\"clearfix\"><div class=\"boxes_image\"><a itemprop=\"url\" href=\"https:\/\/www.hotelwallner.at\/en\/veranstaltungen\/linz\/\"><img wpfc-lazyload-disable=\"true\" loading=\"lazy\" decoding=\"async\" width=\"539\" height=\"303\" src=\"https:\/\/www.hotelwallner.at\/wp2017\/wp-content\/uploads\/2020\/11\/linz-539x303.jpg\" class=\"attachment-latest_post_boxes size-latest_post_boxes wp-post-image\" alt=\"Ausflugsziel Linz\" \/><\/a><\/div><div class=\"latest_post\"><div class=\"latest_post_text\"><div class=\"latest_post_inner\"><div class=\"latest_post_text_inner\"><h3 itemprop=\"name\" class=\"latest_post_title entry_title\"><a itemprop=\"url\" href=\"https:\/\/www.hotelwallner.at\/en\/veranstaltungen\/linz\/\">Linz<\/a><\/h3><p itemprop=\"description\" class=\"excerpt\">Capital of Upper Austria, which lies on the Danube and is about halfway between Salzburg and Vienna<\/p><span class=\"post_infos\"><\/span><\/div><\/div><\/div><\/div><li class=\"clearfix\"><div class=\"boxes_image\"><a itemprop=\"url\" href=\"https:\/\/www.hotelwallner.at\/en\/veranstaltungen\/wachau\/\"><img wpfc-lazyload-disable=\"true\" loading=\"lazy\" decoding=\"async\" width=\"539\" height=\"303\" src=\"https:\/\/www.hotelwallner.at\/wp2017\/wp-content\/uploads\/2020\/11\/wachau-539x303.jpg\" class=\"attachment-latest_post_boxes size-latest_post_boxes wp-post-image\" alt=\"Ausflugsziel Wachau\" \/><\/a><\/div><div class=\"latest_post\"><div class=\"latest_post_text\"><div class=\"latest_post_inner\"><div class=\"latest_post_text_inner\"><h3 itemprop=\"name\" class=\"latest_post_title entry_title\"><a itemprop=\"url\" href=\"https:\/\/www.hotelwallner.at\/en\/veranstaltungen\/wachau\/\">Wachau<\/a><\/h3><p itemprop=\"description\" class=\"excerpt\">36 km long section of the Danube Valley between Melk and Krems on the Danube ...<\/p><span class=\"post_infos\"><\/span><\/div><\/div><\/div><\/div><li class=\"clearfix\"><div class=\"boxes_image\"><a itemprop=\"url\" href=\"https:\/\/www.hotelwallner.at\/en\/veranstaltungen\/stiftstflorian\/\"><img wpfc-lazyload-disable=\"true\" loading=\"lazy\" decoding=\"async\" width=\"539\" height=\"303\" src=\"https:\/\/www.hotelwallner.at\/wp2017\/wp-content\/uploads\/2020\/11\/stiftstflorian-539x303.jpg\" class=\"attachment-latest_post_boxes size-latest_post_boxes wp-post-image\" alt=\"Ausflugsziel Stift St. Florian\" \/><\/a><\/div><div class=\"latest_post\"><div class=\"latest_post_text\"><div class=\"latest_post_inner\"><div class=\"latest_post_text_inner\"><h3 itemprop=\"name\" class=\"latest_post_title entry_title\"><a itemprop=\"url\" href=\"https:\/\/www.hotelwallner.at\/en\/veranstaltungen\/stiftstflorian\/\">St. Florian Monastery<\/a><\/h3><p itemprop=\"description\" class=\"excerpt\">One of the largest and best-known monasteries from the Baroque period in Austria is in the town St. Florian near Linz in Upper Austria.<\/p><span class=\"post_infos\"><\/span><\/div><\/div><\/div><\/div><li class=\"clearfix\"><div class=\"boxes_image\"><a itemprop=\"url\" href=\"https:\/\/www.hotelwallner.at\/en\/veranstaltungen\/schallaburg\/\"><img wpfc-lazyload-disable=\"true\" loading=\"lazy\" decoding=\"async\" width=\"539\" height=\"303\" src=\"https:\/\/www.hotelwallner.at\/wp2017\/wp-content\/uploads\/2020\/11\/schallaburg-539x303.jpg\" class=\"attachment-latest_post_boxes size-latest_post_boxes wp-post-image\" alt=\"Ausflugsziel Schallaburg\" \/><\/a><\/div><div class=\"latest_post\"><div class=\"latest_post_text\"><div class=\"latest_post_inner\"><div class=\"latest_post_text_inner\"><h3 itemprop=\"name\" class=\"latest_post_title entry_title\"><a itemprop=\"url\" href=\"https:\/\/www.hotelwallner.at\/en\/veranstaltungen\/schallaburg\/\">Schallaburg<\/a><\/h3><p itemprop=\"description\" class=\"excerpt\">The Schallaburg is located around six kilometers south of Melk ....<\/p><span class=\"post_infos\"><\/span><\/div><\/div><\/div><\/div><\/ul><\/div>\t<div class=\"vc_empty_space\"  style=\"height: 32px\" ><span\n\t\t\tclass=\"vc_empty_space_inner\">\n\t\t\t<span class=\"empty_space_image\"  ><\/span>\n\t\t<\/span><\/div>\n\n<\/div><\/div><\/div><\/div><\/div>","protected":false},"excerpt":{"rendered":"Die Schallaburg als architektonisches Gesamtkunstwerk ist Schauplatz unz\u00e4hliger spannender Geschichten. Von den \u00e4ltesten erhaltenen Bauteilen aus dem 11. Jhdt. bis hin zum Ausbau als Renaissanceschloss im 16. Jhdt. \u2013 viele Generationen adeliger Besitzer haben uns ein reiches kulturelles Erbe hinterlassen. Schallaburg","protected":false},"author":2,"featured_media":0,"parent":0,"menu_order":2,"comment_status":"closed","ping_status":"closed","template":"","meta":{"footnotes":""},"yoast_head":"<!-- This site is optimized with the Yoast SEO plugin v22.3 - https:\/\/yoast.com\/wordpress\/plugins\/seo\/ -->\n<title>Mostviertel - Restaurant-Hotel Wallner zum gr\u00fcnen Baum<\/title>\n<meta name=\"description\" content=\"Ausflugsziele und Sehensw\u00fcrdigkeiten rund um das Hotel Wallner in St. Valentin - das Tor zum Mostviertel.\" \/>\n<meta name=\"robots\" content=\"index, follow, max-snippet:-1, max-image-preview:large, max-video-preview:-1\" \/>\n<link rel=\"canonical\" href=\"https:\/\/www.hotelwallner.at\/en\/mostviertel\/\" \/>\n<meta property=\"og:locale\" content=\"en_GB\" \/>\n<meta property=\"og:type\" content=\"article\" \/>\n<meta property=\"og:title\" content=\"Mostviertel - Restaurant-Hotel Wallner zum gr\u00fcnen Baum\" \/>\n<meta property=\"og:description\" content=\"Ausflugsziele und Sehensw\u00fcrdigkeiten rund um das Hotel Wallner in St. Valentin - das Tor zum Mostviertel.\" \/>\n<meta property=\"og:url\" content=\"https:\/\/www.hotelwallner.at\/en\/mostviertel\/\" \/>\n<meta property=\"og:site_name\" content=\"Restaurant-Hotel Wallner zum gr\u00fcnen Baum\" \/>\n<meta property=\"article:publisher\" content=\"https:\/\/www.facebook.com\/restauranthotelwallner\/\" \/>\n<meta property=\"article:modified_time\" content=\"2021-01-11T16:14:55+00:00\" \/>\n<meta name=\"twitter:card\" content=\"summary_large_image\" \/>\n<meta name=\"twitter:label1\" content=\"Estimated reading time\" \/>\n\t<meta name=\"twitter:data1\" content=\"2 minutes\" \/>\n<script type=\"application\/ld+json\" class=\"yoast-schema-graph\">{\"@context\":\"https:\/\/schema.org\",\"@graph\":[{\"@type\":\"WebPage\",\"@id\":\"https:\/\/www.hotelwallner.at\/mostviertel\/\",\"url\":\"https:\/\/www.hotelwallner.at\/mostviertel\/\",\"name\":\"Mostviertel - Restaurant-Hotel Wallner zum gr\u00fcnen Baum\",\"isPartOf\":{\"@id\":\"https:\/\/www.hotelwallner.at\/#website\"},\"datePublished\":\"2017-09-11T11:29:48+00:00\",\"dateModified\":\"2021-01-11T16:14:55+00:00\",\"description\":\"Ausflugsziele und Sehensw\u00fcrdigkeiten rund um das Hotel Wallner in St. Valentin - das Tor zum Mostviertel.\",\"breadcrumb\":{\"@id\":\"https:\/\/www.hotelwallner.at\/mostviertel\/#breadcrumb\"},\"inLanguage\":\"en-GB\",\"potentialAction\":[{\"@type\":\"ReadAction\",\"target\":[\"https:\/\/www.hotelwallner.at\/mostviertel\/\"]}]},{\"@type\":\"BreadcrumbList\",\"@id\":\"https:\/\/www.hotelwallner.at\/mostviertel\/#breadcrumb\",\"itemListElement\":[{\"@type\":\"ListItem\",\"position\":1,\"name\":\"Startseite\",\"item\":\"https:\/\/www.hotelwallner.at\/\"},{\"@type\":\"ListItem\",\"position\":2,\"name\":\"Mostviertel\"}]},{\"@type\":\"WebSite\",\"@id\":\"https:\/\/www.hotelwallner.at\/#website\",\"url\":\"https:\/\/www.hotelwallner.at\/\",\"name\":\"Restaurant - Hotel Wallner\",\"description\":\"Ihr Hotel &amp; Restaurant in St. Valentin im Mostviertel\",\"publisher\":{\"@id\":\"https:\/\/www.hotelwallner.at\/#organization\"},\"potentialAction\":[{\"@type\":\"SearchAction\",\"target\":{\"@type\":\"EntryPoint\",\"urlTemplate\":\"https:\/\/www.hotelwallner.at\/?s={search_term_string}\"},\"query-input\":\"required name=search_term_string\"}],\"inLanguage\":\"en-GB\"},{\"@type\":\"Organization\",\"@id\":\"https:\/\/www.hotelwallner.at\/#organization\",\"name\":\"Restaurant-Hotel Wallner zum gr\u00fcnen Baum\",\"url\":\"https:\/\/www.hotelwallner.at\/\",\"logo\":{\"@type\":\"ImageObject\",\"inLanguage\":\"en-GB\",\"@id\":\"https:\/\/www.hotelwallner.at\/#\/schema\/logo\/image\/\",\"url\":\"https:\/\/www.hotelwallner.at\/wp2017\/wp-content\/uploads\/2015\/05\/wallner-Logo.png\",\"contentUrl\":\"https:\/\/www.hotelwallner.at\/wp2017\/wp-content\/uploads\/2015\/05\/wallner-Logo.png\",\"width\":500,\"height\":245,\"caption\":\"Restaurant-Hotel Wallner zum gr\u00fcnen Baum\"},\"image\":{\"@id\":\"https:\/\/www.hotelwallner.at\/#\/schema\/logo\/image\/\"},\"sameAs\":[\"https:\/\/www.facebook.com\/restauranthotelwallner\/\",\"https:\/\/www.instagram.com\/restaurant_hotel_wallner\/\"]}]}<\/script>\n<!-- \/ Yoast SEO plugin. -->","yoast_head_json":{"title":"Mostviertel - Restaurant-Hotel Wallner zum gr\u00fcnen Baum","description":"Ausflugsziele und Sehensw\u00fcrdigkeiten rund um das Hotel Wallner in St. Valentin - das Tor zum Mostviertel.","robots":{"index":"index","follow":"follow","max-snippet":"max-snippet:-1","max-image-preview":"max-image-preview:large","max-video-preview":"max-video-preview:-1"},"canonical":"https:\/\/www.hotelwallner.at\/en\/mostviertel\/","og_locale":"en_GB","og_type":"article","og_title":"Mostviertel - Restaurant-Hotel Wallner zum gr\u00fcnen Baum","og_description":"Ausflugsziele und Sehensw\u00fcrdigkeiten rund um das Hotel Wallner in St. Valentin - das Tor zum Mostviertel.","og_url":"https:\/\/www.hotelwallner.at\/en\/mostviertel\/","og_site_name":"Restaurant-Hotel Wallner zum gr\u00fcnen Baum","article_publisher":"https:\/\/www.facebook.com\/restauranthotelwallner\/","article_modified_time":"2021-01-11T16:14:55+00:00","twitter_card":"summary_large_image","twitter_misc":{"Estimated reading time":"2 minutes"},"schema":{"@context":"https:\/\/schema.org","@graph":[{"@type":"WebPage","@id":"https:\/\/www.hotelwallner.at\/mostviertel\/","url":"https:\/\/www.hotelwallner.at\/mostviertel\/","name":"Mostviertel - Restaurant-Hotel Wallner zum gr\u00fcnen Baum","isPartOf":{"@id":"https:\/\/www.hotelwallner.at\/#website"},"datePublished":"2017-09-11T11:29:48+00:00","dateModified":"2021-01-11T16:14:55+00:00","description":"Ausflugsziele und Sehensw\u00fcrdigkeiten rund um das Hotel Wallner in St. Valentin - das Tor zum Mostviertel.","breadcrumb":{"@id":"https:\/\/www.hotelwallner.at\/mostviertel\/#breadcrumb"},"inLanguage":"en-GB","potentialAction":[{"@type":"ReadAction","target":["https:\/\/www.hotelwallner.at\/mostviertel\/"]}]},{"@type":"BreadcrumbList","@id":"https:\/\/www.hotelwallner.at\/mostviertel\/#breadcrumb","itemListElement":[{"@type":"ListItem","position":1,"name":"Startseite","item":"https:\/\/www.hotelwallner.at\/"},{"@type":"ListItem","position":2,"name":"Mostviertel"}]},{"@type":"WebSite","@id":"https:\/\/www.hotelwallner.at\/#website","url":"https:\/\/www.hotelwallner.at\/","name":"Restaurant - Hotel Wallner","description":"Ihr Hotel &amp; Restaurant in St. Valentin im Mostviertel","publisher":{"@id":"https:\/\/www.hotelwallner.at\/#organization"},"potentialAction":[{"@type":"SearchAction","target":{"@type":"EntryPoint","urlTemplate":"https:\/\/www.hotelwallner.at\/?s={search_term_string}"},"query-input":"required name=search_term_string"}],"inLanguage":"en-GB"},{"@type":"Organization","@id":"https:\/\/www.hotelwallner.at\/#organization","name":"Restaurant-Hotel Wallner zum gr\u00fcnen Baum","url":"https:\/\/www.hotelwallner.at\/","logo":{"@type":"ImageObject","inLanguage":"en-GB","@id":"https:\/\/www.hotelwallner.at\/#\/schema\/logo\/image\/","url":"https:\/\/www.hotelwallner.at\/wp2017\/wp-content\/uploads\/2015\/05\/wallner-Logo.png","contentUrl":"https:\/\/www.hotelwallner.at\/wp2017\/wp-content\/uploads\/2015\/05\/wallner-Logo.png","width":500,"height":245,"caption":"Restaurant-Hotel Wallner zum gr\u00fcnen Baum"},"image":{"@id":"https:\/\/www.hotelwallner.at\/#\/schema\/logo\/image\/"},"sameAs":["https:\/\/www.facebook.com\/restauranthotelwallner\/","https:\/\/www.instagram.com\/restaurant_hotel_wallner\/"]}]}},"publishpress_future_action":{"enabled":false,"date":"2026-04-21 22:57:59","action":"change-status","newStatus":"draft","terms":[],"taxonomy":""},"_links":{"self":[{"href":"https:\/\/www.hotelwallner.at\/en\/wp-json\/wp\/v2\/pages\/16768"}],"collection":[{"href":"https:\/\/www.hotelwallner.at\/en\/wp-json\/wp\/v2\/pages"}],"about":[{"href":"https:\/\/www.hotelwallner.at\/en\/wp-json\/wp\/v2\/types\/page"}],"author":[{"embeddable":true,"href":"https:\/\/www.hotelwallner.at\/en\/wp-json\/wp\/v2\/users\/2"}],"replies":[{"embeddable":true,"href":"https:\/\/www.hotelwallner.at\/en\/wp-json\/wp\/v2\/comments?post=16768"}],"version-history":[{"count":22,"href":"https:\/\/www.hotelwallner.at\/en\/wp-json\/wp\/v2\/pages\/16768\/revisions"}],"predecessor-version":[{"id":17294,"href":"https:\/\/www.hotelwallner.at\/en\/wp-json\/wp\/v2\/pages\/16768\/revisions\/17294"}],"wp:attachment":[{"href":"https:\/\/www.hotelwallner.at\/en\/wp-json\/wp\/v2\/media?parent=16768"}],"curies":[{"name":"wp","href":"https:\/\/api.w.org\/{rel}","templated":true}]}}