{"id":16317,"date":"2015-05-05T06:49:49","date_gmt":"2015-05-05T06:49:49","guid":{"rendered":"http:\/\/www.hotelwallner.at\/?page_id=16317"},"modified":"2024-07-25T10:08:28","modified_gmt":"2024-07-25T08:08:28","slug":"seminare-veranstaltungen-meetings-niederoesterreich","status":"publish","type":"page","link":"https:\/\/www.hotelwallner.at\/en\/seminare-veranstaltungen-meetings-niederoesterreich\/","title":{"rendered":"SEMINARS"},"content":{"rendered":"<div      class=\"vc_row wpb_row section vc_row-fluid\" style=' text-align:left;'><div class=\"full_section_inner clearfix\"><div class=\"wpb_column vc_column_container vc_col-sm-12\"><div class=\"vc_column-inner vc_custom_1430732654026\"><div class=\"wpb_wrapper\"><div class=\"wpb_gallery wpb_content_element vc_clearfix\"><div class=\"wpb_wrapper\"><div class=\"wpb_gallery_slides wpb_flexslider flexslider_fade flexslider\" data-interval=\"10\" data-flex_fx=\"fade\"><ul class=\"slides\"><li><img wpfc-lazyload-disable=\"true\" loading=\"lazy\" decoding=\"async\" class=\"\" src=\"https:\/\/www.hotelwallner.at\/wp2017\/wp-content\/uploads\/2017\/08\/auswahl-dsc_1200-1000x400.jpg\" width=\"1000\" height=\"400\" alt=\"Seminar-Hotel Wallner in Nieder\u00f6sterreich\" title=\"Seminar-Hotel Wallner in Nieder\u00f6sterreich\" \/><\/li><li><img wpfc-lazyload-disable=\"true\" loading=\"lazy\" decoding=\"async\" class=\"\" src=\"https:\/\/www.hotelwallner.at\/wp2017\/wp-content\/uploads\/2017\/08\/auswahl-dsc_1155-1000x400.jpg\" width=\"1000\" height=\"400\" alt=\"Seminar-Hotel Wallner im Herzen von St. Valentin\" title=\"Seminar-Hotel Wallner im Herzen von St. Valentin\" \/><\/li><li><img wpfc-lazyload-disable=\"true\" loading=\"lazy\" decoding=\"async\" class=\"\" src=\"https:\/\/www.hotelwallner.at\/wp2017\/wp-content\/uploads\/2015\/05\/Stueberl_Seminar-1000x400.jpg\" width=\"1000\" height=\"400\" alt=\"Seminar im Restaurant-St\u00fcberl\" title=\"Seminar im Restaurant-St\u00fcberl\" \/><\/li><li><img wpfc-lazyload-disable=\"true\" loading=\"lazy\" decoding=\"async\" class=\"\" src=\"https:\/\/www.hotelwallner.at\/wp2017\/wp-content\/uploads\/2015\/05\/restaurant-hotel-wallner-1000x400.jpg\" width=\"1000\" height=\"400\" alt=\"Au\u00dfenansicht Hotel Restaurant Wallner in St. Valentin, Nieder\u00f6sterreich\" title=\"Au\u00dfenansicht Hotel Restaurant Wallner\" \/><\/li><\/ul><\/div><\/div><\/div><\/div><\/div><\/div><\/div><\/div><div      class=\"vc_row wpb_row section vc_row-fluid\" style=' text-align:left;'><div class=\"full_section_inner clearfix\"><div class=\"wpb_column vc_column_container vc_col-sm-12\"><div class=\"vc_column-inner\"><div class=\"wpb_wrapper\">\n\t<div class=\"wpb_text_column wpb_content_element\">\n\t\t<div class=\"wpb_wrapper\">\n\t\t\t<h1>Seminars and conferences in the Mostviertel<\/h1>\n<h2>Hotel Wallner &#8211; Ihr Seminar-Hotel im Herzen von St. Valentin, Nieder\u00f6sterreich<\/h2>\n<p>In unseren R\u00e4umen des Seminar-Hotel Wallner in Nieder\u00f6sterreich finden Sie die ideale Umgebung f\u00fcr konzentriertes und effizientes Arbeiten. Angemessene Lichtabstimmung, moderne Pr\u00e4sentationstechnik und flexible M\u00f6glichkeiten der Raumaufteilung werden durch das gastronomische Angebot im Restaurant abgerundet. Den professionellen Tagungsservice durch unsere Mitarbeiter sehen wir als selbstverst\u00e4ndlich. Nach einem erfolgreichen Tag k\u00f6nnen Sie Ihre Energiereserven in einem der liebevoll eingerichteten G\u00e4stezimmer oder in einer der erstklassigen Suiten wieder auftanken.<\/p>\n<p>Von kleinen Besprechungen bis hin zu Seminaren mit bis zu 140 Teilnehmern \u2013 unsere R\u00e4umlichkeiten bieten f\u00fcr jeden Anlass den optimalen Rahmen. Der gro\u00dfe Saal l\u00e4sst sich bed\u00fcrfnisgerecht mithilfe von Trennw\u00e4nden unterteilen, kleine Seminargruppen sind bestens im St\u00fcberl aufgehoben. Alle Seminarr\u00e4ume sind mit Beamer, Leinwand, Flipchart, Pinnwand, Moderatorenkoffer, Mikrofon, Audio-System, B\u00fchne, TV und Videorekorder ausgestattet. Zudem steht Ihnen im gesamten Hotel ein kostenloser WLAN-Zugang zur Verf\u00fcgung.<\/p>\n<p>The convenient location guarantees easy arrival by car or the Western Railway. Sufficient free parking spaces are available in front of the hotel and across the street. From the St. Valentin train station it is only 100 m to the Hotel.<\/p>\n\n\t\t<\/div> \n\t<\/div> \t<div class=\"vc_empty_space\"  style=\"height: 32px\" ><span\n\t\t\tclass=\"vc_empty_space_inner\">\n\t\t\t<span class=\"empty_space_image\"  ><\/span>\n\t\t<\/span><\/div>\n\n\t<div class=\"vc_empty_space\"  style=\"height: 32px\" ><span\n\t\t\tclass=\"vc_empty_space_inner\">\n\t\t\t<span class=\"empty_space_image\"  ><\/span>\n\t\t<\/span><\/div>\n\n<div class=\"wpb_gallery wpb_content_element vc_clearfix\"><div class=\"wpb_wrapper\"><div class=\"wpb_gallery_slides wpb_image_grid\" data-interval=\"3\"><div class=\"gallery_holder\"><ul class=\"gallery_inner gallery_with_space  v4\"><li class=\"no_grayscale\"><a itemprop=\"image\" class=\"qode-prettyphoto\" href=\"https:\/\/www.hotelwallner.at\/wp2017\/wp-content\/uploads\/2017\/08\/auswahl-dsc_1221-1024x682.jpg\" data-rel=\"prettyPhoto[rel-16317-610326561]\"><span class=\"gallery_hover\"><i class=\"fa fa-search\"><\/i><\/span><img loading=\"lazy\" decoding=\"async\" class=\"\" src=\"https:\/\/www.hotelwallner.at\/wp2017\/wp-content\/uploads\/2017\/08\/auswahl-dsc_1221-250x150.jpg\" width=\"250\" height=\"150\" alt=\"Seminarausstattung im Hotel Wallner\" title=\"Seminarausstattung im Hotel Wallner\" \/><\/a><\/li><li class=\"no_grayscale\"><a itemprop=\"image\" class=\"qode-prettyphoto\" href=\"https:\/\/www.hotelwallner.at\/wp2017\/wp-content\/uploads\/2017\/08\/auswahl-dsc_1208-1024x682.jpg\" data-rel=\"prettyPhoto[rel-16317-610326561]\"><span class=\"gallery_hover\"><i class=\"fa fa-search\"><\/i><\/span><img loading=\"lazy\" decoding=\"async\" class=\"\" src=\"https:\/\/www.hotelwallner.at\/wp2017\/wp-content\/uploads\/2017\/08\/auswahl-dsc_1208-250x150.jpg\" width=\"250\" height=\"150\" alt=\"Seminarausstattung im Hotel Wallner\" title=\"Seminarausstattung im Hotel Wallner\" \/><\/a><\/li><li class=\"no_grayscale\"><a itemprop=\"image\" class=\"qode-prettyphoto\" href=\"https:\/\/www.hotelwallner.at\/wp2017\/wp-content\/uploads\/2017\/08\/auswahl-dsc_1155-1024x683.jpg\" data-rel=\"prettyPhoto[rel-16317-610326561]\"><span class=\"gallery_hover\"><i class=\"fa fa-search\"><\/i><\/span><img loading=\"lazy\" decoding=\"async\" class=\"\" src=\"https:\/\/www.hotelwallner.at\/wp2017\/wp-content\/uploads\/2017\/08\/auswahl-dsc_1155-250x150.jpg\" width=\"250\" height=\"150\" alt=\"Seminar-Hotel Wallner im Herzen von St. Valentin\" title=\"Seminar-Hotel Wallner im Herzen von St. Valentin\" \/><\/a><\/li><li class=\"no_grayscale\"><a itemprop=\"image\" class=\"qode-prettyphoto\" href=\"https:\/\/www.hotelwallner.at\/wp2017\/wp-content\/uploads\/2017\/08\/auswahl-dsc_1138-1024x682.jpg\" data-rel=\"prettyPhoto[rel-16317-610326561]\"><span class=\"gallery_hover\"><i class=\"fa fa-search\"><\/i><\/span><img loading=\"lazy\" decoding=\"async\" class=\"\" src=\"https:\/\/www.hotelwallner.at\/wp2017\/wp-content\/uploads\/2017\/08\/auswahl-dsc_1138-250x150.jpg\" width=\"250\" height=\"150\" alt=\"Seminars and conferences in the Mostviertel\" title=\"Seminars and conferences in the Mostviertel\" \/><\/a><\/li><li class=\"no_grayscale\"><a itemprop=\"image\" class=\"qode-prettyphoto\" href=\"https:\/\/www.hotelwallner.at\/wp2017\/wp-content\/uploads\/2015\/05\/Stueberl_Seminar-1024x683.jpg\" data-rel=\"prettyPhoto[rel-16317-610326561]\"><span class=\"gallery_hover\"><i class=\"fa fa-search\"><\/i><\/span><img loading=\"lazy\" decoding=\"async\" class=\"\" src=\"https:\/\/www.hotelwallner.at\/wp2017\/wp-content\/uploads\/2015\/05\/Stueberl_Seminar-250x150.jpg\" width=\"250\" height=\"150\" alt=\"Seminar im Restaurant-St\u00fcberl\" title=\"Seminar im Restaurant-St\u00fcberl\" \/><\/a><\/li><li class=\"no_grayscale\"><a itemprop=\"image\" class=\"qode-prettyphoto\" href=\"https:\/\/www.hotelwallner.at\/wp2017\/wp-content\/uploads\/2017\/08\/auswahl-dsc_1150-1024x682.jpg\" data-rel=\"prettyPhoto[rel-16317-610326561]\"><span class=\"gallery_hover\"><i class=\"fa fa-search\"><\/i><\/span><img loading=\"lazy\" decoding=\"async\" class=\"\" src=\"https:\/\/www.hotelwallner.at\/wp2017\/wp-content\/uploads\/2017\/08\/auswahl-dsc_1150-250x150.jpg\" width=\"250\" height=\"150\" alt=\"Seminarausstattung im Hotel Wallner\" title=\"Seminarausstattung im Hotel Wallner\" \/><\/a><\/li><li class=\"no_grayscale\"><a itemprop=\"image\" class=\"qode-prettyphoto\" href=\"https:\/\/www.hotelwallner.at\/wp2017\/wp-content\/uploads\/2017\/08\/auswahl-dsc_1125-1024x682.jpg\" data-rel=\"prettyPhoto[rel-16317-610326561]\"><span class=\"gallery_hover\"><i class=\"fa fa-search\"><\/i><\/span><img loading=\"lazy\" decoding=\"async\" class=\"\" src=\"https:\/\/www.hotelwallner.at\/wp2017\/wp-content\/uploads\/2017\/08\/auswahl-dsc_1125-250x150.jpg\" width=\"250\" height=\"150\" alt=\"Seminars and conferences in the Mostviertel\" title=\"Seminars and conferences in the Mostviertel\" \/><\/a><\/li><li class=\"no_grayscale\"><a itemprop=\"image\" class=\"qode-prettyphoto\" href=\"https:\/\/www.hotelwallner.at\/wp2017\/wp-content\/uploads\/2017\/08\/auswahl-dsc_1148-1024x682.jpg\" data-rel=\"prettyPhoto[rel-16317-610326561]\"><span class=\"gallery_hover\"><i class=\"fa fa-search\"><\/i><\/span><img loading=\"lazy\" decoding=\"async\" class=\"\" src=\"https:\/\/www.hotelwallner.at\/wp2017\/wp-content\/uploads\/2017\/08\/auswahl-dsc_1148-250x150.jpg\" width=\"250\" height=\"150\" alt=\"Seminars and conferences in the Mostviertel\" title=\"Seminars and conferences in the Mostviertel\" \/><\/a><\/li><\/ul><\/div><\/div><\/div><\/div><\/div><\/div><\/div><\/div><\/div><div      class=\"vc_row wpb_row section vc_row-fluid\" style=' text-align:left;'><div class=\"full_section_inner clearfix\"><div class=\"wpb_column vc_column_container vc_col-sm-12\"><div class=\"vc_column-inner\"><div class=\"wpb_wrapper\">\t<div class=\"vc_empty_space\"  style=\"height: 32px\" ><span\n\t\t\tclass=\"vc_empty_space_inner\">\n\t\t\t<span class=\"empty_space_image\"  ><\/span>\n\t\t<\/span><\/div>\n\n<a  itemprop=\"url\" href=\"\/seminarraeume-im-mostviertel\" target=\"_self\"  class=\"qbutton  center default\" style=\"margin: 0 auto; \">Mehr Informationen zu unserem Seminar-Hotel Wallner in Nieder\u00f6sterreich<\/a>\t<div class=\"vc_empty_space\"  style=\"height: 32px\" ><span\n\t\t\tclass=\"vc_empty_space_inner\">\n\t\t\t<span class=\"empty_space_image\"  ><\/span>\n\t\t<\/span><\/div>\n\n\t<div class=\"vc_empty_space\"  style=\"height: 32px\" ><span\n\t\t\tclass=\"vc_empty_space_inner\">\n\t\t\t<span class=\"empty_space_image\"  ><\/span>\n\t\t<\/span><\/div>\n\n<\/div><\/div><\/div><\/div><\/div>","protected":false},"excerpt":{"rendered":"Seminare und Tagungen im Mostviertel Hotel Wallner - Ihr Seminar-Hotel im Herzen von St. Valentin, Nieder\u00f6sterreich In unseren R\u00e4umen des Seminar-Hotel Wallner in Nieder\u00f6sterreich finden Sie die ideale Umgebung f\u00fcr konzentriertes und effizientes Arbeiten. Angemessene Lichtabstimmung, moderne Pr\u00e4sentationstechnik und flexible M\u00f6glichkeiten der Raumaufteilung werden durch...","protected":false},"author":1,"featured_media":0,"parent":0,"menu_order":15,"comment_status":"closed","ping_status":"closed","template":"","meta":{"footnotes":""},"yoast_head":"<!-- This site is optimized with the Yoast SEO plugin v22.3 - https:\/\/yoast.com\/wordpress\/plugins\/seo\/ -->\n<title>Seminare - Restaurant-Hotel Wallner zum gr\u00fcnen Baum<\/title>\n<meta name=\"description\" content=\"Das Seminar-Hotel Wallner im Herzen von St. Valentin, Nieder\u00f6sterreich bietet optimale R\u00e4umlichkeiten f\u00fcr kleine Meetings bis hin zu Seminaren und Tagungen mit bis zu 140 Teilnehmern.\" \/>\n<meta name=\"robots\" content=\"index, follow, max-snippet:-1, max-image-preview:large, max-video-preview:-1\" \/>\n<link rel=\"canonical\" href=\"https:\/\/www.hotelwallner.at\/en\/seminare-veranstaltungen-meetings-niederoesterreich\/\" \/>\n<meta property=\"og:locale\" content=\"en_GB\" \/>\n<meta property=\"og:type\" content=\"article\" \/>\n<meta property=\"og:title\" content=\"Seminare - Restaurant-Hotel Wallner zum gr\u00fcnen Baum\" \/>\n<meta property=\"og:description\" content=\"Das Seminar-Hotel Wallner im Herzen von St. Valentin, Nieder\u00f6sterreich bietet optimale R\u00e4umlichkeiten f\u00fcr kleine Meetings bis hin zu Seminaren und Tagungen mit bis zu 140 Teilnehmern.\" \/>\n<meta property=\"og:url\" content=\"https:\/\/www.hotelwallner.at\/en\/seminare-veranstaltungen-meetings-niederoesterreich\/\" \/>\n<meta property=\"og:site_name\" content=\"Restaurant-Hotel Wallner zum gr\u00fcnen Baum\" \/>\n<meta property=\"article:publisher\" content=\"https:\/\/www.facebook.com\/restauranthotelwallner\/\" \/>\n<meta property=\"article:modified_time\" content=\"2024-07-25T08:08:28+00:00\" \/>\n<meta name=\"twitter:card\" content=\"summary_large_image\" \/>\n<meta name=\"twitter:label1\" content=\"Estimated reading time\" \/>\n\t<meta name=\"twitter:data1\" content=\"2 minutes\" \/>\n<script type=\"application\/ld+json\" class=\"yoast-schema-graph\">{\"@context\":\"https:\/\/schema.org\",\"@graph\":[{\"@type\":\"WebPage\",\"@id\":\"https:\/\/www.hotelwallner.at\/seminare-veranstaltungen-meetings-niederoesterreich\/\",\"url\":\"https:\/\/www.hotelwallner.at\/seminare-veranstaltungen-meetings-niederoesterreich\/\",\"name\":\"Seminare - Restaurant-Hotel Wallner zum gr\u00fcnen Baum\",\"isPartOf\":{\"@id\":\"https:\/\/www.hotelwallner.at\/#website\"},\"datePublished\":\"2015-05-05T06:49:49+00:00\",\"dateModified\":\"2024-07-25T08:08:28+00:00\",\"description\":\"Das Seminar-Hotel Wallner im Herzen von St. Valentin, Nieder\u00f6sterreich bietet optimale R\u00e4umlichkeiten f\u00fcr kleine Meetings bis hin zu Seminaren und Tagungen mit bis zu 140 Teilnehmern.\",\"breadcrumb\":{\"@id\":\"https:\/\/www.hotelwallner.at\/seminare-veranstaltungen-meetings-niederoesterreich\/#breadcrumb\"},\"inLanguage\":\"en-GB\",\"potentialAction\":[{\"@type\":\"ReadAction\",\"target\":[\"https:\/\/www.hotelwallner.at\/seminare-veranstaltungen-meetings-niederoesterreich\/\"]}]},{\"@type\":\"BreadcrumbList\",\"@id\":\"https:\/\/www.hotelwallner.at\/seminare-veranstaltungen-meetings-niederoesterreich\/#breadcrumb\",\"itemListElement\":[{\"@type\":\"ListItem\",\"position\":1,\"name\":\"Startseite\",\"item\":\"https:\/\/www.hotelwallner.at\/\"},{\"@type\":\"ListItem\",\"position\":2,\"name\":\"Seminare\"}]},{\"@type\":\"WebSite\",\"@id\":\"https:\/\/www.hotelwallner.at\/#website\",\"url\":\"https:\/\/www.hotelwallner.at\/\",\"name\":\"Restaurant - Hotel Wallner\",\"description\":\"Ihr Hotel &amp; Restaurant in St. Valentin im Mostviertel\",\"publisher\":{\"@id\":\"https:\/\/www.hotelwallner.at\/#organization\"},\"potentialAction\":[{\"@type\":\"SearchAction\",\"target\":{\"@type\":\"EntryPoint\",\"urlTemplate\":\"https:\/\/www.hotelwallner.at\/?s={search_term_string}\"},\"query-input\":\"required name=search_term_string\"}],\"inLanguage\":\"en-GB\"},{\"@type\":\"Organization\",\"@id\":\"https:\/\/www.hotelwallner.at\/#organization\",\"name\":\"Restaurant-Hotel Wallner zum gr\u00fcnen Baum\",\"url\":\"https:\/\/www.hotelwallner.at\/\",\"logo\":{\"@type\":\"ImageObject\",\"inLanguage\":\"en-GB\",\"@id\":\"https:\/\/www.hotelwallner.at\/#\/schema\/logo\/image\/\",\"url\":\"https:\/\/www.hotelwallner.at\/wp2017\/wp-content\/uploads\/2015\/05\/wallner-Logo.png\",\"contentUrl\":\"https:\/\/www.hotelwallner.at\/wp2017\/wp-content\/uploads\/2015\/05\/wallner-Logo.png\",\"width\":500,\"height\":245,\"caption\":\"Restaurant-Hotel Wallner zum gr\u00fcnen Baum\"},\"image\":{\"@id\":\"https:\/\/www.hotelwallner.at\/#\/schema\/logo\/image\/\"},\"sameAs\":[\"https:\/\/www.facebook.com\/restauranthotelwallner\/\",\"https:\/\/www.instagram.com\/restaurant_hotel_wallner\/\"]}]}<\/script>\n<!-- \/ Yoast SEO plugin. -->","yoast_head_json":{"title":"Seminare - Restaurant-Hotel Wallner zum gr\u00fcnen Baum","description":"Das Seminar-Hotel Wallner im Herzen von St. Valentin, Nieder\u00f6sterreich bietet optimale R\u00e4umlichkeiten f\u00fcr kleine Meetings bis hin zu Seminaren und Tagungen mit bis zu 140 Teilnehmern.","robots":{"index":"index","follow":"follow","max-snippet":"max-snippet:-1","max-image-preview":"max-image-preview:large","max-video-preview":"max-video-preview:-1"},"canonical":"https:\/\/www.hotelwallner.at\/en\/seminare-veranstaltungen-meetings-niederoesterreich\/","og_locale":"en_GB","og_type":"article","og_title":"Seminare - Restaurant-Hotel Wallner zum gr\u00fcnen Baum","og_description":"Das Seminar-Hotel Wallner im Herzen von St. Valentin, Nieder\u00f6sterreich bietet optimale R\u00e4umlichkeiten f\u00fcr kleine Meetings bis hin zu Seminaren und Tagungen mit bis zu 140 Teilnehmern.","og_url":"https:\/\/www.hotelwallner.at\/en\/seminare-veranstaltungen-meetings-niederoesterreich\/","og_site_name":"Restaurant-Hotel Wallner zum gr\u00fcnen Baum","article_publisher":"https:\/\/www.facebook.com\/restauranthotelwallner\/","article_modified_time":"2024-07-25T08:08:28+00:00","twitter_card":"summary_large_image","twitter_misc":{"Estimated reading time":"2 minutes"},"schema":{"@context":"https:\/\/schema.org","@graph":[{"@type":"WebPage","@id":"https:\/\/www.hotelwallner.at\/seminare-veranstaltungen-meetings-niederoesterreich\/","url":"https:\/\/www.hotelwallner.at\/seminare-veranstaltungen-meetings-niederoesterreich\/","name":"Seminare - Restaurant-Hotel Wallner zum gr\u00fcnen Baum","isPartOf":{"@id":"https:\/\/www.hotelwallner.at\/#website"},"datePublished":"2015-05-05T06:49:49+00:00","dateModified":"2024-07-25T08:08:28+00:00","description":"Das Seminar-Hotel Wallner im Herzen von St. Valentin, Nieder\u00f6sterreich bietet optimale R\u00e4umlichkeiten f\u00fcr kleine Meetings bis hin zu Seminaren und Tagungen mit bis zu 140 Teilnehmern.","breadcrumb":{"@id":"https:\/\/www.hotelwallner.at\/seminare-veranstaltungen-meetings-niederoesterreich\/#breadcrumb"},"inLanguage":"en-GB","potentialAction":[{"@type":"ReadAction","target":["https:\/\/www.hotelwallner.at\/seminare-veranstaltungen-meetings-niederoesterreich\/"]}]},{"@type":"BreadcrumbList","@id":"https:\/\/www.hotelwallner.at\/seminare-veranstaltungen-meetings-niederoesterreich\/#breadcrumb","itemListElement":[{"@type":"ListItem","position":1,"name":"Startseite","item":"https:\/\/www.hotelwallner.at\/"},{"@type":"ListItem","position":2,"name":"Seminare"}]},{"@type":"WebSite","@id":"https:\/\/www.hotelwallner.at\/#website","url":"https:\/\/www.hotelwallner.at\/","name":"Restaurant - Hotel Wallner","description":"Ihr Hotel &amp; Restaurant in St. Valentin im Mostviertel","publisher":{"@id":"https:\/\/www.hotelwallner.at\/#organization"},"potentialAction":[{"@type":"SearchAction","target":{"@type":"EntryPoint","urlTemplate":"https:\/\/www.hotelwallner.at\/?s={search_term_string}"},"query-input":"required name=search_term_string"}],"inLanguage":"en-GB"},{"@type":"Organization","@id":"https:\/\/www.hotelwallner.at\/#organization","name":"Restaurant-Hotel Wallner zum gr\u00fcnen Baum","url":"https:\/\/www.hotelwallner.at\/","logo":{"@type":"ImageObject","inLanguage":"en-GB","@id":"https:\/\/www.hotelwallner.at\/#\/schema\/logo\/image\/","url":"https:\/\/www.hotelwallner.at\/wp2017\/wp-content\/uploads\/2015\/05\/wallner-Logo.png","contentUrl":"https:\/\/www.hotelwallner.at\/wp2017\/wp-content\/uploads\/2015\/05\/wallner-Logo.png","width":500,"height":245,"caption":"Restaurant-Hotel Wallner zum gr\u00fcnen Baum"},"image":{"@id":"https:\/\/www.hotelwallner.at\/#\/schema\/logo\/image\/"},"sameAs":["https:\/\/www.facebook.com\/restauranthotelwallner\/","https:\/\/www.instagram.com\/restaurant_hotel_wallner\/"]}]}},"publishpress_future_action":{"enabled":false,"date":"2026-04-25 15:09:39","action":"change-status","newStatus":"draft","terms":[],"taxonomy":""},"_links":{"self":[{"href":"https:\/\/www.hotelwallner.at\/en\/wp-json\/wp\/v2\/pages\/16317"}],"collection":[{"href":"https:\/\/www.hotelwallner.at\/en\/wp-json\/wp\/v2\/pages"}],"about":[{"href":"https:\/\/www.hotelwallner.at\/en\/wp-json\/wp\/v2\/types\/page"}],"author":[{"embeddable":true,"href":"https:\/\/www.hotelwallner.at\/en\/wp-json\/wp\/v2\/users\/1"}],"replies":[{"embeddable":true,"href":"https:\/\/www.hotelwallner.at\/en\/wp-json\/wp\/v2\/comments?post=16317"}],"version-history":[{"count":9,"href":"https:\/\/www.hotelwallner.at\/en\/wp-json\/wp\/v2\/pages\/16317\/revisions"}],"predecessor-version":[{"id":17634,"href":"https:\/\/www.hotelwallner.at\/en\/wp-json\/wp\/v2\/pages\/16317\/revisions\/17634"}],"wp:attachment":[{"href":"https:\/\/www.hotelwallner.at\/en\/wp-json\/wp\/v2\/media?parent=16317"}],"curies":[{"name":"wp","href":"https:\/\/api.w.org\/{rel}","templated":true}]}}