{"id":16278,"date":"2015-05-05T06:21:28","date_gmt":"2015-05-05T06:21:28","guid":{"rendered":"http:\/\/www.hotelwallner.at\/?page_id=16278"},"modified":"2019-01-14T17:54:36","modified_gmt":"2019-01-14T16:54:36","slug":"gastgarten-hotel-wallner","status":"publish","type":"page","link":"https:\/\/www.hotelwallner.at\/en\/gastgarten-hotel-wallner\/","title":{"rendered":"Gastgarten"},"content":{"rendered":"<div      class=\"vc_row wpb_row section vc_row-fluid\" style=' text-align:left;'><div class=\"full_section_inner clearfix\"><div class=\"wpb_column vc_column_container vc_col-sm-12\"><div class=\"vc_column-inner vc_custom_1430732654026\"><div class=\"wpb_wrapper\"><div class=\"wpb_gallery wpb_content_element vc_clearfix\"><div class=\"wpb_wrapper\"><div class=\"wpb_gallery_slides wpb_flexslider flexslider_fade flexslider\" data-interval=\"10\" data-flex_fx=\"fade\"><ul class=\"slides\"><li><img wpfc-lazyload-disable=\"true\" loading=\"lazy\" decoding=\"async\" class=\"\" src=\"https:\/\/www.hotelwallner.at\/wp2017\/wp-content\/uploads\/2015\/05\/Restaurant-Catering-Seminar-Hotel-Wallner-20-1000x400.jpg\" width=\"1000\" height=\"400\" alt=\"Schattiger Gastgarten in St. Valentin\" title=\"Schattiger Gastgarten in St. Valentin\" \/><\/li><li><img wpfc-lazyload-disable=\"true\" loading=\"lazy\" decoding=\"async\" class=\"\" src=\"https:\/\/www.hotelwallner.at\/wp2017\/wp-content\/uploads\/2015\/05\/Restaurant-Catering-Seminar-Hotel-Wallner-21-1000x400.jpg\" width=\"1000\" height=\"400\" alt=\"Wein im Gastgarten: Restaurant Wallner\" title=\"Wein im Gastgarten: Restaurant Wallner\" \/><\/li><li><img wpfc-lazyload-disable=\"true\" loading=\"lazy\" decoding=\"async\" class=\"\" src=\"https:\/\/www.hotelwallner.at\/wp2017\/wp-content\/uploads\/2016\/01\/Garten1-1000x400.jpg\" width=\"1000\" height=\"400\" alt=\"Gastgarten zum gr\u00fcnen Baum in St. Valentin\" title=\"Gastgarten zum gr\u00fcnen Baum in St. Valentin\" \/><\/li><li><img wpfc-lazyload-disable=\"true\" loading=\"lazy\" decoding=\"async\" class=\"\" src=\"https:\/\/www.hotelwallner.at\/wp2017\/wp-content\/uploads\/2016\/01\/GARTEN-0271-800x400.jpg\" width=\"800\" height=\"400\" alt=\"Catering bei Nacht\" title=\"Catering bei Nacht\" \/><\/li><\/ul><\/div><\/div><\/div><\/div><\/div><\/div><\/div><\/div><div      class=\"vc_row wpb_row section vc_row-fluid\" style=' text-align:left;'><div class=\"full_section_inner clearfix\"><div class=\"wpb_column vc_column_container vc_col-sm-12\"><div class=\"vc_column-inner\"><div class=\"wpb_wrapper\">\n\t<div class=\"wpb_text_column wpb_content_element\">\n\t\t<div class=\"wpb_wrapper\">\n\t\t\t<h1>Gastgarten<\/h1>\n<p><strong>Zur\u00fccklehnen und genie\u00dfen.<\/strong><\/p>\n<p>What could be better than enjoying great food on a summer's day in the fresh air? Where the chirping of birds lets traffic noise drift away and the and shady places invite you to linger. Our guest garden offers space for approximately 50 people. We will take you on a culinary open-air journey offering light meals a refreshing summer.<\/p>\n\n\t\t<\/div> \n\t<\/div> \t<div class=\"vc_empty_space\"  style=\"height: 32px\" ><span\n\t\t\tclass=\"vc_empty_space_inner\">\n\t\t\t<span class=\"empty_space_image\"  ><\/span>\n\t\t<\/span><\/div>\n\n<div class=\"wpb_gallery wpb_content_element vc_clearfix\"><div class=\"wpb_wrapper\"><div class=\"wpb_gallery_slides wpb_image_grid\" data-interval=\"3\"><div class=\"gallery_holder\"><ul class=\"gallery_inner gallery_with_space  v4\"><li class=\"no_grayscale\"><a itemprop=\"image\" class=\"qode-prettyphoto\" href=\"https:\/\/www.hotelwallner.at\/wp2017\/wp-content\/uploads\/2016\/01\/Garten1-1024x631.jpg\" data-rel=\"prettyPhoto[rel-16278-1511577030]\"><span class=\"gallery_hover\"><i class=\"fa fa-search\"><\/i><\/span><img loading=\"lazy\" decoding=\"async\" class=\"\" src=\"https:\/\/www.hotelwallner.at\/wp2017\/wp-content\/uploads\/2016\/01\/Garten1-250x150.jpg\" width=\"250\" height=\"150\" alt=\"Gastgarten zum gr\u00fcnen Baum in St. Valentin\" title=\"Gastgarten zum gr\u00fcnen Baum in St. Valentin\" \/><\/a><\/li><li class=\"no_grayscale\"><a itemprop=\"image\" class=\"qode-prettyphoto\" href=\"https:\/\/www.hotelwallner.at\/wp2017\/wp-content\/uploads\/2016\/01\/GARTEN-0271.jpg\" data-rel=\"prettyPhoto[rel-16278-1511577030]\"><span class=\"gallery_hover\"><i class=\"fa fa-search\"><\/i><\/span><img loading=\"lazy\" decoding=\"async\" class=\"\" src=\"https:\/\/www.hotelwallner.at\/wp2017\/wp-content\/uploads\/2016\/01\/GARTEN-0271-250x150.jpg\" width=\"250\" height=\"150\" alt=\"Catering bei Nacht\" title=\"Catering bei Nacht\" \/><\/a><\/li><\/ul><\/div><\/div><\/div><\/div><\/div><\/div><\/div><\/div><\/div><div      class=\"vc_row wpb_row section vc_row-fluid\" style=' text-align:left;'><div class=\"full_section_inner clearfix\"><div class=\"wpb_column vc_column_container vc_col-sm-12\"><div class=\"vc_column-inner\"><div class=\"wpb_wrapper\">\t<div class=\"vc_empty_space\"  style=\"height: 32px\" ><span\n\t\t\tclass=\"vc_empty_space_inner\">\n\t\t\t<span class=\"empty_space_image\"  ><\/span>\n\t\t<\/span><\/div>\n\n<a  itemprop=\"url\" href=\"\/gourmetplan\" target=\"_self\"  class=\"qbutton  center default\" style=\"margin: 0 auto; \">Zu unserem Jahres-Gourmetplan<\/a>\t<div class=\"vc_empty_space\"  style=\"height: 32px\" ><span\n\t\t\tclass=\"vc_empty_space_inner\">\n\t\t\t<span class=\"empty_space_image\"  ><\/span>\n\t\t<\/span><\/div>\n\n\t<div class=\"vc_empty_space\"  style=\"height: 32px\" ><span\n\t\t\tclass=\"vc_empty_space_inner\">\n\t\t\t<span class=\"empty_space_image\"  ><\/span>\n\t\t<\/span><\/div>\n\n<\/div><\/div><\/div><\/div><\/div>","protected":false},"excerpt":{"rendered":"Gastgarten Zur\u00fccklehnen und genie\u00dfen. Was gibt es Herrlicheres, als an einem Sommertag gutes Essen an der frischen Luft zu genie\u00dfen? Dort, wo der Verkehrsl\u00e4rm Vogelgezwitscher weicht und schattige Pl\u00e4tze zum Verweilen einladen, bietet unser Gastgarten Platz f\u00fcr rund 50 Personen. Bei leichten Speisen, einem erfrischenden...","protected":false},"author":1,"featured_media":0,"parent":0,"menu_order":10,"comment_status":"closed","ping_status":"closed","template":"","meta":{"footnotes":""},"yoast_head":"<!-- This site is optimized with the Yoast SEO plugin v22.3 - https:\/\/yoast.com\/wordpress\/plugins\/seo\/ -->\n<title>Gastgarten - Restaurant-Hotel Wallner zum gr\u00fcnen Baum<\/title>\n<meta name=\"robots\" content=\"index, follow, max-snippet:-1, max-image-preview:large, max-video-preview:-1\" \/>\n<link rel=\"canonical\" href=\"https:\/\/www.hotelwallner.at\/en\/gastgarten-hotel-wallner\/\" \/>\n<meta property=\"og:locale\" content=\"en_GB\" \/>\n<meta property=\"og:type\" content=\"article\" \/>\n<meta property=\"og:title\" content=\"Gastgarten - Restaurant-Hotel Wallner zum gr\u00fcnen Baum\" \/>\n<meta property=\"og:url\" content=\"https:\/\/www.hotelwallner.at\/en\/gastgarten-hotel-wallner\/\" \/>\n<meta property=\"og:site_name\" content=\"Restaurant-Hotel Wallner zum gr\u00fcnen Baum\" \/>\n<meta property=\"article:publisher\" content=\"https:\/\/www.facebook.com\/restauranthotelwallner\/\" \/>\n<meta property=\"article:modified_time\" content=\"2019-01-14T16:54:36+00:00\" \/>\n<meta name=\"twitter:card\" content=\"summary_large_image\" \/>\n<meta name=\"twitter:label1\" content=\"Estimated reading time\" \/>\n\t<meta name=\"twitter:data1\" content=\"1 minute\" \/>\n<script type=\"application\/ld+json\" class=\"yoast-schema-graph\">{\"@context\":\"https:\/\/schema.org\",\"@graph\":[{\"@type\":\"WebPage\",\"@id\":\"https:\/\/www.hotelwallner.at\/gastgarten-hotel-wallner\/\",\"url\":\"https:\/\/www.hotelwallner.at\/gastgarten-hotel-wallner\/\",\"name\":\"Gastgarten - Restaurant-Hotel Wallner zum gr\u00fcnen Baum\",\"isPartOf\":{\"@id\":\"https:\/\/www.hotelwallner.at\/#website\"},\"datePublished\":\"2015-05-05T06:21:28+00:00\",\"dateModified\":\"2019-01-14T16:54:36+00:00\",\"breadcrumb\":{\"@id\":\"https:\/\/www.hotelwallner.at\/gastgarten-hotel-wallner\/#breadcrumb\"},\"inLanguage\":\"en-GB\",\"potentialAction\":[{\"@type\":\"ReadAction\",\"target\":[\"https:\/\/www.hotelwallner.at\/gastgarten-hotel-wallner\/\"]}]},{\"@type\":\"BreadcrumbList\",\"@id\":\"https:\/\/www.hotelwallner.at\/gastgarten-hotel-wallner\/#breadcrumb\",\"itemListElement\":[{\"@type\":\"ListItem\",\"position\":1,\"name\":\"Startseite\",\"item\":\"https:\/\/www.hotelwallner.at\/\"},{\"@type\":\"ListItem\",\"position\":2,\"name\":\"Gastgarten\"}]},{\"@type\":\"WebSite\",\"@id\":\"https:\/\/www.hotelwallner.at\/#website\",\"url\":\"https:\/\/www.hotelwallner.at\/\",\"name\":\"Restaurant - Hotel Wallner\",\"description\":\"Ihr Hotel &amp; Restaurant in St. Valentin im Mostviertel\",\"publisher\":{\"@id\":\"https:\/\/www.hotelwallner.at\/#organization\"},\"potentialAction\":[{\"@type\":\"SearchAction\",\"target\":{\"@type\":\"EntryPoint\",\"urlTemplate\":\"https:\/\/www.hotelwallner.at\/?s={search_term_string}\"},\"query-input\":\"required name=search_term_string\"}],\"inLanguage\":\"en-GB\"},{\"@type\":\"Organization\",\"@id\":\"https:\/\/www.hotelwallner.at\/#organization\",\"name\":\"Restaurant-Hotel Wallner zum gr\u00fcnen Baum\",\"url\":\"https:\/\/www.hotelwallner.at\/\",\"logo\":{\"@type\":\"ImageObject\",\"inLanguage\":\"en-GB\",\"@id\":\"https:\/\/www.hotelwallner.at\/#\/schema\/logo\/image\/\",\"url\":\"https:\/\/www.hotelwallner.at\/wp2017\/wp-content\/uploads\/2015\/05\/wallner-Logo.png\",\"contentUrl\":\"https:\/\/www.hotelwallner.at\/wp2017\/wp-content\/uploads\/2015\/05\/wallner-Logo.png\",\"width\":500,\"height\":245,\"caption\":\"Restaurant-Hotel Wallner zum gr\u00fcnen Baum\"},\"image\":{\"@id\":\"https:\/\/www.hotelwallner.at\/#\/schema\/logo\/image\/\"},\"sameAs\":[\"https:\/\/www.facebook.com\/restauranthotelwallner\/\",\"https:\/\/www.instagram.com\/restaurant_hotel_wallner\/\"]}]}<\/script>\n<!-- \/ Yoast SEO plugin. -->","yoast_head_json":{"title":"Gastgarten - Restaurant-Hotel Wallner zum gr\u00fcnen Baum","robots":{"index":"index","follow":"follow","max-snippet":"max-snippet:-1","max-image-preview":"max-image-preview:large","max-video-preview":"max-video-preview:-1"},"canonical":"https:\/\/www.hotelwallner.at\/en\/gastgarten-hotel-wallner\/","og_locale":"en_GB","og_type":"article","og_title":"Gastgarten - Restaurant-Hotel Wallner zum gr\u00fcnen Baum","og_url":"https:\/\/www.hotelwallner.at\/en\/gastgarten-hotel-wallner\/","og_site_name":"Restaurant-Hotel Wallner zum gr\u00fcnen Baum","article_publisher":"https:\/\/www.facebook.com\/restauranthotelwallner\/","article_modified_time":"2019-01-14T16:54:36+00:00","twitter_card":"summary_large_image","twitter_misc":{"Estimated reading time":"1 minute"},"schema":{"@context":"https:\/\/schema.org","@graph":[{"@type":"WebPage","@id":"https:\/\/www.hotelwallner.at\/gastgarten-hotel-wallner\/","url":"https:\/\/www.hotelwallner.at\/gastgarten-hotel-wallner\/","name":"Gastgarten - Restaurant-Hotel Wallner zum gr\u00fcnen Baum","isPartOf":{"@id":"https:\/\/www.hotelwallner.at\/#website"},"datePublished":"2015-05-05T06:21:28+00:00","dateModified":"2019-01-14T16:54:36+00:00","breadcrumb":{"@id":"https:\/\/www.hotelwallner.at\/gastgarten-hotel-wallner\/#breadcrumb"},"inLanguage":"en-GB","potentialAction":[{"@type":"ReadAction","target":["https:\/\/www.hotelwallner.at\/gastgarten-hotel-wallner\/"]}]},{"@type":"BreadcrumbList","@id":"https:\/\/www.hotelwallner.at\/gastgarten-hotel-wallner\/#breadcrumb","itemListElement":[{"@type":"ListItem","position":1,"name":"Startseite","item":"https:\/\/www.hotelwallner.at\/"},{"@type":"ListItem","position":2,"name":"Gastgarten"}]},{"@type":"WebSite","@id":"https:\/\/www.hotelwallner.at\/#website","url":"https:\/\/www.hotelwallner.at\/","name":"Restaurant - Hotel Wallner","description":"Ihr Hotel &amp; Restaurant in St. Valentin im Mostviertel","publisher":{"@id":"https:\/\/www.hotelwallner.at\/#organization"},"potentialAction":[{"@type":"SearchAction","target":{"@type":"EntryPoint","urlTemplate":"https:\/\/www.hotelwallner.at\/?s={search_term_string}"},"query-input":"required name=search_term_string"}],"inLanguage":"en-GB"},{"@type":"Organization","@id":"https:\/\/www.hotelwallner.at\/#organization","name":"Restaurant-Hotel Wallner zum gr\u00fcnen Baum","url":"https:\/\/www.hotelwallner.at\/","logo":{"@type":"ImageObject","inLanguage":"en-GB","@id":"https:\/\/www.hotelwallner.at\/#\/schema\/logo\/image\/","url":"https:\/\/www.hotelwallner.at\/wp2017\/wp-content\/uploads\/2015\/05\/wallner-Logo.png","contentUrl":"https:\/\/www.hotelwallner.at\/wp2017\/wp-content\/uploads\/2015\/05\/wallner-Logo.png","width":500,"height":245,"caption":"Restaurant-Hotel Wallner zum gr\u00fcnen Baum"},"image":{"@id":"https:\/\/www.hotelwallner.at\/#\/schema\/logo\/image\/"},"sameAs":["https:\/\/www.facebook.com\/restauranthotelwallner\/","https:\/\/www.instagram.com\/restaurant_hotel_wallner\/"]}]}},"publishpress_future_action":{"enabled":false,"date":"2026-05-02 14:19:07","action":"change-status","newStatus":"draft","terms":[],"taxonomy":""},"_links":{"self":[{"href":"https:\/\/www.hotelwallner.at\/en\/wp-json\/wp\/v2\/pages\/16278"}],"collection":[{"href":"https:\/\/www.hotelwallner.at\/en\/wp-json\/wp\/v2\/pages"}],"about":[{"href":"https:\/\/www.hotelwallner.at\/en\/wp-json\/wp\/v2\/types\/page"}],"author":[{"embeddable":true,"href":"https:\/\/www.hotelwallner.at\/en\/wp-json\/wp\/v2\/users\/1"}],"replies":[{"embeddable":true,"href":"https:\/\/www.hotelwallner.at\/en\/wp-json\/wp\/v2\/comments?post=16278"}],"version-history":[{"count":1,"href":"https:\/\/www.hotelwallner.at\/en\/wp-json\/wp\/v2\/pages\/16278\/revisions"}],"predecessor-version":[{"id":16896,"href":"https:\/\/www.hotelwallner.at\/en\/wp-json\/wp\/v2\/pages\/16278\/revisions\/16896"}],"wp:attachment":[{"href":"https:\/\/www.hotelwallner.at\/en\/wp-json\/wp\/v2\/media?parent=16278"}],"curies":[{"name":"wp","href":"https:\/\/api.w.org\/{rel}","templated":true}]}}